{"id":17167,"date":"2025-07-15T11:04:19","date_gmt":"2025-07-15T09:04:19","guid":{"rendered":"https:\/\/foxit-technology.com\/proizvod\/thermoflux-kamin-na-pelet-minitherm\/"},"modified":"2025-07-17T11:59:42","modified_gmt":"2025-07-17T09:59:42","slug":"thermoflux-kamin-na-pelet-minitherm","status":"publish","type":"product","link":"https:\/\/hidroterm.dmcsrbija.com\/ru\/proizvod\/thermoflux-kamin-na-pelet-minitherm\/","title":{"rendered":"ThermoFLUX KAMIN NA PELET MINITHERM"},"content":{"rendered":"<p>Maksimalni efekat dobija se izbacivanjem toplog vazduha u prostor. Jednostavna regulacija sa mogu\u0107no\u0161\u0107u programiranog paljenja i ga\u0161enja. Korisnik odre\u0111uje zadanu vrednost temperature u prostoru. Zagreva do 60 kvadratnih metara stambenog prostora. Za nesmetan rad nije potreban kvalitetan dimnjak. Zbog malih dimenzija kao i neobaveznim kvalitetom dimnjaka predstavlja idealno re\u0161enje za stanove. Potro\u0161nja peleta od 0,6 do 1,7 kg na sat.<\/p>","protected":false},"excerpt":{"rendered":"<p>Maksimalni efekat dobija se izbacivanjem toplog vazduha u prostor. Jednostavna regulacija sa mogu\u0107no\u0161\u0107u programiranog paljenja i ga\u0161enja. Korisnik odre\u0111uje zadanu vrednost temperature u prostoru. Zagreva do 60 kvadratnih metara stambenog prostora. Za nesmetan rad nije potreban kvalitetan dimnjak. Zbog malih dimenzija kao i neobaveznim kvalitetom dimnjaka predstavlja idealno re\u0161enje za stanove. Potro\u0161nja peleta od 0,6 [&hellip;]<\/p>\n","protected":false},"featured_media":17168,"template":"","meta":[],"product_brand":[4356],"product_cat":[4208,4205],"product_tag":[],"class_list":{"0":"post-17167","1":"product","2":"type-product","3":"status-publish","4":"has-post-thumbnail","6":"product_brand-thermoflux","7":"product_cat-kotlovi-i-kamini-na-pelet-kotlovi-i-kamini-na-pelet","8":"product_cat-kotlovi-i-kamini-na-pelet","10":"first","11":"instock","12":"purchasable","13":"product-type-simple"},"_links":{"self":[{"href":"https:\/\/hidroterm.dmcsrbija.com\/ru\/wp-json\/wp\/v2\/product\/17167","targetHints":{"allow":["GET"]}}],"collection":[{"href":"https:\/\/hidroterm.dmcsrbija.com\/ru\/wp-json\/wp\/v2\/product"}],"about":[{"href":"https:\/\/hidroterm.dmcsrbija.com\/ru\/wp-json\/wp\/v2\/types\/product"}],"wp:featuredmedia":[{"embeddable":true,"href":"https:\/\/hidroterm.dmcsrbija.com\/ru\/wp-json\/wp\/v2\/media\/17168"}],"wp:attachment":[{"href":"https:\/\/hidroterm.dmcsrbija.com\/ru\/wp-json\/wp\/v2\/media?parent=17167"}],"wp:term":[{"taxonomy":"product_brand","embeddable":true,"href":"https:\/\/hidroterm.dmcsrbija.com\/ru\/wp-json\/wp\/v2\/product_brand?post=17167"},{"taxonomy":"product_cat","embeddable":true,"href":"https:\/\/hidroterm.dmcsrbija.com\/ru\/wp-json\/wp\/v2\/product_cat?post=17167"},{"taxonomy":"product_tag","embeddable":true,"href":"https:\/\/hidroterm.dmcsrbija.com\/ru\/wp-json\/wp\/v2\/product_tag?post=17167"}],"curies":[{"name":"wp","href":"https:\/\/api.w.org\/{rel}","templated":true}]}}