{"id":17165,"date":"2025-07-15T11:04:19","date_gmt":"2025-07-15T09:04:19","guid":{"rendered":"https:\/\/foxit-technology.com\/proizvod\/thermoflux-kamin-na-pelet-minitherm-aqua\/"},"modified":"2025-07-17T11:59:42","modified_gmt":"2025-07-17T09:59:42","slug":"thermoflux-kamin-na-pelet-minitherm-aqua","status":"publish","type":"product","link":"https:\/\/hidroterm.dmcsrbija.com\/ru\/proizvod\/thermoflux-kamin-na-pelet-minitherm-aqua\/","title":{"rendered":"ThermoFLUX KAMIN NA PELET MINITHERM AQUA"},"content":{"rendered":"<p>Kamin Minitherm AQUA poseduje vodeni izmjenjiva\u010d i namenjen je priklju\u010denju na sistem centralnog grejanja. Kod ove vrste kamina ve\u0107ina toplotne energije se prenosi na vodu u sistemu za zagrevavanje radijatora , a deo se isijava kroz staklo u prostor. Dolazi sa ugra\u0111enom cirkulacionom pumpom i ekspanzionom posudom, pa zbog malih dimenzija predstavlja idealno re\u0161enje za stanove. Zagreva do 60 kvadratnih metara dobro izolovanog stambenog prostora. Upravljanje kaminom je veoma jednostavno.<\/p>","protected":false},"excerpt":{"rendered":"<p>Kamin Minitherm AQUA poseduje vodeni izmjenjiva\u010d i namenjen je priklju\u010denju na sistem centralnog grejanja. Kod ove vrste kamina ve\u0107ina toplotne energije se prenosi na vodu u sistemu za zagrevavanje radijatora , a deo se isijava kroz staklo u prostor. Dolazi sa ugra\u0111enom cirkulacionom pumpom i ekspanzionom posudom, pa zbog malih dimenzija predstavlja idealno re\u0161enje za [&hellip;]<\/p>\n","protected":false},"featured_media":17166,"template":"","meta":[],"product_brand":[4356],"product_cat":[4208,4205],"product_tag":[],"class_list":{"0":"post-17165","1":"product","2":"type-product","3":"status-publish","4":"has-post-thumbnail","6":"product_brand-thermoflux","7":"product_cat-kotlovi-i-kamini-na-pelet-kotlovi-i-kamini-na-pelet","8":"product_cat-kotlovi-i-kamini-na-pelet","10":"first","11":"instock","12":"purchasable","13":"product-type-simple"},"_links":{"self":[{"href":"https:\/\/hidroterm.dmcsrbija.com\/ru\/wp-json\/wp\/v2\/product\/17165","targetHints":{"allow":["GET"]}}],"collection":[{"href":"https:\/\/hidroterm.dmcsrbija.com\/ru\/wp-json\/wp\/v2\/product"}],"about":[{"href":"https:\/\/hidroterm.dmcsrbija.com\/ru\/wp-json\/wp\/v2\/types\/product"}],"wp:featuredmedia":[{"embeddable":true,"href":"https:\/\/hidroterm.dmcsrbija.com\/ru\/wp-json\/wp\/v2\/media\/17166"}],"wp:attachment":[{"href":"https:\/\/hidroterm.dmcsrbija.com\/ru\/wp-json\/wp\/v2\/media?parent=17165"}],"wp:term":[{"taxonomy":"product_brand","embeddable":true,"href":"https:\/\/hidroterm.dmcsrbija.com\/ru\/wp-json\/wp\/v2\/product_brand?post=17165"},{"taxonomy":"product_cat","embeddable":true,"href":"https:\/\/hidroterm.dmcsrbija.com\/ru\/wp-json\/wp\/v2\/product_cat?post=17165"},{"taxonomy":"product_tag","embeddable":true,"href":"https:\/\/hidroterm.dmcsrbija.com\/ru\/wp-json\/wp\/v2\/product_tag?post=17165"}],"curies":[{"name":"wp","href":"https:\/\/api.w.org\/{rel}","templated":true}]}}