{"id":17163,"date":"2025-07-15T11:04:19","date_gmt":"2025-07-15T09:04:19","guid":{"rendered":"https:\/\/foxit-technology.com\/proizvod\/thermoflux-kamin-na-pelet-interio\/"},"modified":"2025-07-17T11:59:42","modified_gmt":"2025-07-17T09:59:42","slug":"thermoflux-kamin-na-pelet-interio","status":"publish","type":"product","link":"https:\/\/hidroterm.dmcsrbija.com\/ru\/proizvod\/thermoflux-kamin-na-pelet-interio\/","title":{"rendered":"ThermoFLUX KAMIN NA PELET INTERIO"},"content":{"rendered":"<p>Kamin na pelet vrhunskog kvaliteta. Veliko nam je zadovoljstvo da Vam predstavimo ovaj kamin elegantnog dizajna, ogromnog kvaliteta i velike brzine zagrevanja. Ovaj kamin osmislili smo tako da bude idealno re\u0161enje za sve koji \u017eele da re\u0161e pitanje zagrevanja prostora izvanrednim ure\u0111ajem, a istovremeno ukrase prostor lepim kaminom.<br \/>Kamin Interio u svom sklopu ima vodeni izmenjiva\u010d toplote, pa je namenjen priklju\u010denju na sistem centralnog grejanja. Kamini na pelet Interio elegantnog su i sofisticiranog dizajna, divno \u0107e ukrasiti svaki dom, a lepotu spajaju sa vrhunskim kvalitetom i komforom koji pru\u017ea sistem centralnog grejanja.<\/p>","protected":false},"excerpt":{"rendered":"<p>Kamin na pelet vrhunskog kvaliteta. Veliko nam je zadovoljstvo da Vam predstavimo ovaj kamin elegantnog dizajna, ogromnog kvaliteta i velike brzine zagrevanja. Ovaj kamin osmislili smo tako da bude idealno re\u0161enje za sve koji \u017eele da re\u0161e pitanje zagrevanja prostora izvanrednim ure\u0111ajem, a istovremeno ukrase prostor lepim kaminom.Kamin Interio u svom sklopu ima vodeni izmenjiva\u010d [&hellip;]<\/p>\n","protected":false},"featured_media":17164,"template":"","meta":[],"product_brand":[4356],"product_cat":[4208,4205],"product_tag":[],"class_list":{"0":"post-17163","1":"product","2":"type-product","3":"status-publish","4":"has-post-thumbnail","6":"product_brand-thermoflux","7":"product_cat-kotlovi-i-kamini-na-pelet-kotlovi-i-kamini-na-pelet","8":"product_cat-kotlovi-i-kamini-na-pelet","10":"first","11":"instock","12":"purchasable","13":"product-type-simple"},"_links":{"self":[{"href":"https:\/\/hidroterm.dmcsrbija.com\/ru\/wp-json\/wp\/v2\/product\/17163","targetHints":{"allow":["GET"]}}],"collection":[{"href":"https:\/\/hidroterm.dmcsrbija.com\/ru\/wp-json\/wp\/v2\/product"}],"about":[{"href":"https:\/\/hidroterm.dmcsrbija.com\/ru\/wp-json\/wp\/v2\/types\/product"}],"wp:featuredmedia":[{"embeddable":true,"href":"https:\/\/hidroterm.dmcsrbija.com\/ru\/wp-json\/wp\/v2\/media\/17164"}],"wp:attachment":[{"href":"https:\/\/hidroterm.dmcsrbija.com\/ru\/wp-json\/wp\/v2\/media?parent=17163"}],"wp:term":[{"taxonomy":"product_brand","embeddable":true,"href":"https:\/\/hidroterm.dmcsrbija.com\/ru\/wp-json\/wp\/v2\/product_brand?post=17163"},{"taxonomy":"product_cat","embeddable":true,"href":"https:\/\/hidroterm.dmcsrbija.com\/ru\/wp-json\/wp\/v2\/product_cat?post=17163"},{"taxonomy":"product_tag","embeddable":true,"href":"https:\/\/hidroterm.dmcsrbija.com\/ru\/wp-json\/wp\/v2\/product_tag?post=17163"}],"curies":[{"name":"wp","href":"https:\/\/api.w.org\/{rel}","templated":true}]}}