{"id":17161,"date":"2025-07-15T11:04:19","date_gmt":"2025-07-15T09:04:19","guid":{"rendered":"https:\/\/foxit-technology.com\/proizvod\/thermoflux-kotao-na-pelet-eco-logic\/"},"modified":"2025-10-11T08:50:23","modified_gmt":"2025-10-11T06:50:23","slug":"thermoflux-kotao-na-pelet-eco-logic","status":"publish","type":"product","link":"https:\/\/hidroterm.dmcsrbija.com\/ru\/proizvod\/thermoflux-kotao-na-pelet-eco-logic\/","title":{"rendered":"ThermoFLUX KOTAO NA PELET ECO LOGIC"},"content":{"rendered":"<p><b>Kotao na pelet EcoLogic<\/b>\u00a0deo je Termoflux ponude najkvalitetnijih pe\u0107i. Kotao EcoLogic predstavlja kotao prve klase, koji se nalazi u\u00a0<b>rangu najboljih i najmodernijih kotlova<\/b>\u00a0na evropskom i svetskom tr\u017ei\u0161tu! Kotao na pelet EcoLogic prvo je nastao kao ideja na\u0161ih najboljih stru\u010dnjaka sa renomiranim nema\u010dkim i austrijskim institutima, a danas predstavlja rezultat ove vrhunske saradnje \u2013 kotao na pelet najvi\u0161eg kvaliteta i najoptimalnijih u\u010dinaka!<\/p>","protected":false},"excerpt":{"rendered":"<p>Kotao na pelet EcoLogic\u00a0deo je Termoflux ponude najkvalitetnijih pe\u0107i. Kotao EcoLogic predstavlja kotao prve klase, koji se nalazi u\u00a0rangu najboljih i najmodernijih kotlova\u00a0na evropskom i svetskom tr\u017ei\u0161tu! Kotao na pelet EcoLogic prvo je nastao kao ideja na\u0161ih najboljih stru\u010dnjaka sa renomiranim nema\u010dkim i austrijskim institutima, a danas predstavlja rezultat ove vrhunske saradnje \u2013 kotao na [&hellip;]<\/p>\n","protected":false},"featured_media":17162,"template":"","meta":[],"product_brand":[4356],"product_cat":[4917],"product_tag":[],"class_list":{"0":"post-17161","1":"product","2":"type-product","3":"status-publish","4":"has-post-thumbnail","6":"product_brand-thermoflux","7":"product_cat-kotlovi-na-pelet","9":"first","10":"instock","11":"purchasable","12":"product-type-simple"},"_links":{"self":[{"href":"https:\/\/hidroterm.dmcsrbija.com\/ru\/wp-json\/wp\/v2\/product\/17161","targetHints":{"allow":["GET"]}}],"collection":[{"href":"https:\/\/hidroterm.dmcsrbija.com\/ru\/wp-json\/wp\/v2\/product"}],"about":[{"href":"https:\/\/hidroterm.dmcsrbija.com\/ru\/wp-json\/wp\/v2\/types\/product"}],"wp:featuredmedia":[{"embeddable":true,"href":"https:\/\/hidroterm.dmcsrbija.com\/ru\/wp-json\/wp\/v2\/media\/17162"}],"wp:attachment":[{"href":"https:\/\/hidroterm.dmcsrbija.com\/ru\/wp-json\/wp\/v2\/media?parent=17161"}],"wp:term":[{"taxonomy":"product_brand","embeddable":true,"href":"https:\/\/hidroterm.dmcsrbija.com\/ru\/wp-json\/wp\/v2\/product_brand?post=17161"},{"taxonomy":"product_cat","embeddable":true,"href":"https:\/\/hidroterm.dmcsrbija.com\/ru\/wp-json\/wp\/v2\/product_cat?post=17161"},{"taxonomy":"product_tag","embeddable":true,"href":"https:\/\/hidroterm.dmcsrbija.com\/ru\/wp-json\/wp\/v2\/product_tag?post=17161"}],"curies":[{"name":"wp","href":"https:\/\/api.w.org\/{rel}","templated":true}]}}