{"id":17159,"date":"2025-07-15T11:04:19","date_gmt":"2025-07-15T09:04:19","guid":{"rendered":"https:\/\/foxit-technology.com\/proizvod\/thermoflux-kotao-na-pelet-pelling-eco\/"},"modified":"2025-10-11T08:50:15","modified_gmt":"2025-10-11T06:50:15","slug":"thermoflux-kotao-na-pelet-pelling-eco","status":"publish","type":"product","link":"https:\/\/hidroterm.dmcsrbija.com\/ru\/proizvod\/thermoflux-kotao-na-pelet-pelling-eco\/","title":{"rendered":"ThermoFLUX KOTAO NA PELET PELLING ECO"},"content":{"rendered":"<p><b>Kotao na pelet Pelling ECO<\/b>\u00a0deo je\u00a0<b>Termoflux<\/b>\u00a0&#8211; OVE ponude pe\u0107i najvi\u0161eg kvaliteta! Pelling ECO toplovodni kotao predstavlja unapre\u0111enu verziju na\u0161eg Pelling kotla. I ovaj kotao karakteri\u0161u vrhunski kvalitet, moderan dizajn i visoka tehnologija zagrevanja!<br \/>\nKotao Pelling ECO je prilago\u0111en evropskoj normi EN 303-5 : 202 i pripada najvi\u0161oj klasi kotlova na pelet \u2013 klasi S. Prilikom kupovine kotla Pelling ECO, mo\u017eete ga urediti po svojoj \u017eelji \u2013 sami birate stranu na kojoj \u0107e biti spremnik za pelet, a imate i mogu\u0107nost izbora pro\u0161irenog spremnika, koji ima ve\u0107i kapacitet od standardnog.<\/p>","protected":false},"excerpt":{"rendered":"<p>Kotao na pelet Pelling ECO\u00a0deo je\u00a0Termoflux\u00a0&#8211; OVE ponude pe\u0107i najvi\u0161eg kvaliteta! Pelling ECO toplovodni kotao predstavlja unapre\u0111enu verziju na\u0161eg Pelling kotla. I ovaj kotao karakteri\u0161u vrhunski kvalitet, moderan dizajn i visoka tehnologija zagrevanja! Kotao Pelling ECO je prilago\u0111en evropskoj normi EN 303-5 : 202 i pripada najvi\u0161oj klasi kotlova na pelet \u2013 klasi S. Prilikom [&hellip;]<\/p>\n","protected":false},"featured_media":17160,"template":"","meta":[],"product_brand":[4356],"product_cat":[4917],"product_tag":[],"class_list":{"0":"post-17159","1":"product","2":"type-product","3":"status-publish","4":"has-post-thumbnail","6":"product_brand-thermoflux","7":"product_cat-kotlovi-na-pelet","9":"first","10":"instock","11":"purchasable","12":"product-type-simple"},"_links":{"self":[{"href":"https:\/\/hidroterm.dmcsrbija.com\/ru\/wp-json\/wp\/v2\/product\/17159","targetHints":{"allow":["GET"]}}],"collection":[{"href":"https:\/\/hidroterm.dmcsrbija.com\/ru\/wp-json\/wp\/v2\/product"}],"about":[{"href":"https:\/\/hidroterm.dmcsrbija.com\/ru\/wp-json\/wp\/v2\/types\/product"}],"wp:featuredmedia":[{"embeddable":true,"href":"https:\/\/hidroterm.dmcsrbija.com\/ru\/wp-json\/wp\/v2\/media\/17160"}],"wp:attachment":[{"href":"https:\/\/hidroterm.dmcsrbija.com\/ru\/wp-json\/wp\/v2\/media?parent=17159"}],"wp:term":[{"taxonomy":"product_brand","embeddable":true,"href":"https:\/\/hidroterm.dmcsrbija.com\/ru\/wp-json\/wp\/v2\/product_brand?post=17159"},{"taxonomy":"product_cat","embeddable":true,"href":"https:\/\/hidroterm.dmcsrbija.com\/ru\/wp-json\/wp\/v2\/product_cat?post=17159"},{"taxonomy":"product_tag","embeddable":true,"href":"https:\/\/hidroterm.dmcsrbija.com\/ru\/wp-json\/wp\/v2\/product_tag?post=17159"}],"curies":[{"name":"wp","href":"https:\/\/api.w.org\/{rel}","templated":true}]}}