{"id":17155,"date":"2025-07-15T11:04:19","date_gmt":"2025-07-15T09:04:19","guid":{"rendered":"https:\/\/foxit-technology.com\/proizvod\/thermoflux-kotao-na-pellet-peling\/"},"modified":"2025-10-11T08:50:07","modified_gmt":"2025-10-11T06:50:07","slug":"thermoflux-kotao-na-pellet-peling","status":"publish","type":"product","link":"https:\/\/hidroterm.dmcsrbija.com\/ru\/proizvod\/thermoflux-kotao-na-pellet-peling\/","title":{"rendered":"ThermoFLUX KOTAO NA PELLET PELING"},"content":{"rendered":"<p><b>Kotao na pelet Pelling<\/b>\u00a0deo je Termoflux &#8211; ove ponude pe\u0107i najvi\u0161eg kvaliteta. Ovaj\u00a0<b>toplovodni kotao na pelet<\/b>\u00a0karakteri\u0161e\u00a0<b>visoka tehnologija zagrevanja, moderan dizajn i savremena konstrukcija<\/b>. Kotao Pelling preporu\u010dujemo za zagrevanja prostora kao \u0161to su ku\u0107e, stambene jedinice i manji industrijski objekti.<br \/>\nKotao na pelet Pelling izra\u0111en je od\u00a0<b>\u010deli\u010dnog lima<\/b>\u00a0najvi\u0161eg kvaliteta, \u0161to mu garantuje dugotrajnost. Prilikom kupovine kotla Pelling, mo\u017eete ga urediti po svojoj \u017eelji \u2013 sami birate stranu na kojoj \u0107e biti spremnik za pelet, a imate i mogu\u0107nost izbora pro\u0161irenog spremnika, koji ima ve\u0107i kapacitet od standardnog.<\/p>","protected":false},"excerpt":{"rendered":"<p>Kotao na pelet Pelling\u00a0deo je Termoflux &#8211; ove ponude pe\u0107i najvi\u0161eg kvaliteta. Ovaj\u00a0toplovodni kotao na pelet\u00a0karakteri\u0161e\u00a0visoka tehnologija zagrevanja, moderan dizajn i savremena konstrukcija. Kotao Pelling preporu\u010dujemo za zagrevanja prostora kao \u0161to su ku\u0107e, stambene jedinice i manji industrijski objekti. Kotao na pelet Pelling izra\u0111en je od\u00a0\u010deli\u010dnog lima\u00a0najvi\u0161eg kvaliteta, \u0161to mu garantuje dugotrajnost. Prilikom kupovine kotla [&hellip;]<\/p>\n","protected":false},"featured_media":17156,"template":"","meta":[],"product_brand":[4356],"product_cat":[4917],"product_tag":[],"class_list":{"0":"post-17155","1":"product","2":"type-product","3":"status-publish","4":"has-post-thumbnail","6":"product_brand-thermoflux","7":"product_cat-kotlovi-na-pelet","9":"first","10":"instock","11":"purchasable","12":"product-type-simple"},"_links":{"self":[{"href":"https:\/\/hidroterm.dmcsrbija.com\/ru\/wp-json\/wp\/v2\/product\/17155","targetHints":{"allow":["GET"]}}],"collection":[{"href":"https:\/\/hidroterm.dmcsrbija.com\/ru\/wp-json\/wp\/v2\/product"}],"about":[{"href":"https:\/\/hidroterm.dmcsrbija.com\/ru\/wp-json\/wp\/v2\/types\/product"}],"wp:featuredmedia":[{"embeddable":true,"href":"https:\/\/hidroterm.dmcsrbija.com\/ru\/wp-json\/wp\/v2\/media\/17156"}],"wp:attachment":[{"href":"https:\/\/hidroterm.dmcsrbija.com\/ru\/wp-json\/wp\/v2\/media?parent=17155"}],"wp:term":[{"taxonomy":"product_brand","embeddable":true,"href":"https:\/\/hidroterm.dmcsrbija.com\/ru\/wp-json\/wp\/v2\/product_brand?post=17155"},{"taxonomy":"product_cat","embeddable":true,"href":"https:\/\/hidroterm.dmcsrbija.com\/ru\/wp-json\/wp\/v2\/product_cat?post=17155"},{"taxonomy":"product_tag","embeddable":true,"href":"https:\/\/hidroterm.dmcsrbija.com\/ru\/wp-json\/wp\/v2\/product_tag?post=17155"}],"curies":[{"name":"wp","href":"https:\/\/api.w.org\/{rel}","templated":true}]}}