{"id":17153,"date":"2025-07-15T11:04:19","date_gmt":"2025-07-15T09:04:19","guid":{"rendered":"https:\/\/foxit-technology.com\/proizvod\/thermoflux-kotao-na-pelet-interio\/"},"modified":"2025-10-11T08:49:18","modified_gmt":"2025-10-11T06:49:18","slug":"thermoflux-kotao-na-pelet-interio","status":"publish","type":"product","link":"https:\/\/hidroterm.dmcsrbija.com\/ru\/proizvod\/thermoflux-kotao-na-pelet-interio\/","title":{"rendered":"ThermoFLUX KOTAO NA PELET INTERIO"},"content":{"rendered":"<p><b>Kotao na pelet Interio 15 I 22<\/b>\u00a0deo je Termoflux -ove ponude pe\u0107i vrhunskog kvaliteta. Glavne karakteristike ovog kotla su: prvoklasni kvalitet, moderan i elegantni dizajn, kao i izvrsna grejna mo\u0107. Kotao na pelet Interio 22 posebno smo namenili korisnicima koji nemaju dovoljno prostora za postavljanje ve\u0107eg kotla<br \/>\nKotao Interio, tako je kompaktno i moderno dizajniran da mu je potreban samo\u00a0<b>1m\u00b2 prostora<\/b>. Zato je ovaj kotao savr\u0161eno re\u0161enje za stambene objekte, ali i ku\u0107e i sve one manje prostore za koje ste do sada mislili da nemate dovoljno prostora da biste ih zagrejali na najbolji mogu\u0107i na\u010din \u2013 kvalitetnim Kotao Interio predstavlja idealni izbor za sve kojima manjka prostora, a fali toplote koju \u0107e im ovaj kotao pru\u017eiti!<\/p>","protected":false},"excerpt":{"rendered":"<p>Kotao na pelet Interio 15 I 22\u00a0deo je Termoflux -ove ponude pe\u0107i vrhunskog kvaliteta. Glavne karakteristike ovog kotla su: prvoklasni kvalitet, moderan i elegantni dizajn, kao i izvrsna grejna mo\u0107. Kotao na pelet Interio 22 posebno smo namenili korisnicima koji nemaju dovoljno prostora za postavljanje ve\u0107eg kotla Kotao Interio, tako je kompaktno i moderno dizajniran [&hellip;]<\/p>\n","protected":false},"featured_media":17154,"template":"","meta":[],"product_brand":[4356],"product_cat":[4917],"product_tag":[],"class_list":{"0":"post-17153","1":"product","2":"type-product","3":"status-publish","4":"has-post-thumbnail","6":"product_brand-thermoflux","7":"product_cat-kotlovi-na-pelet","9":"first","10":"instock","11":"purchasable","12":"product-type-simple"},"_links":{"self":[{"href":"https:\/\/hidroterm.dmcsrbija.com\/ru\/wp-json\/wp\/v2\/product\/17153","targetHints":{"allow":["GET"]}}],"collection":[{"href":"https:\/\/hidroterm.dmcsrbija.com\/ru\/wp-json\/wp\/v2\/product"}],"about":[{"href":"https:\/\/hidroterm.dmcsrbija.com\/ru\/wp-json\/wp\/v2\/types\/product"}],"wp:featuredmedia":[{"embeddable":true,"href":"https:\/\/hidroterm.dmcsrbija.com\/ru\/wp-json\/wp\/v2\/media\/17154"}],"wp:attachment":[{"href":"https:\/\/hidroterm.dmcsrbija.com\/ru\/wp-json\/wp\/v2\/media?parent=17153"}],"wp:term":[{"taxonomy":"product_brand","embeddable":true,"href":"https:\/\/hidroterm.dmcsrbija.com\/ru\/wp-json\/wp\/v2\/product_brand?post=17153"},{"taxonomy":"product_cat","embeddable":true,"href":"https:\/\/hidroterm.dmcsrbija.com\/ru\/wp-json\/wp\/v2\/product_cat?post=17153"},{"taxonomy":"product_tag","embeddable":true,"href":"https:\/\/hidroterm.dmcsrbija.com\/ru\/wp-json\/wp\/v2\/product_tag?post=17153"}],"curies":[{"name":"wp","href":"https:\/\/api.w.org\/{rel}","templated":true}]}}