{"id":17147,"date":"2025-07-15T11:04:19","date_gmt":"2025-07-15T09:04:19","guid":{"rendered":"https:\/\/foxit-technology.com\/proizvod\/gasni-kotao-bosch-condens-gc-2300w-kondezacioni-24kw\/"},"modified":"2025-07-15T11:04:23","modified_gmt":"2025-07-15T09:04:23","slug":"gasni-kotao-bosch-condens-gc-2300w-kondezacioni-24kw","status":"publish","type":"product","link":"https:\/\/hidroterm.dmcsrbija.com\/ru\/proizvod\/gasni-kotao-bosch-condens-gc-2300w-kondezacioni-24kw\/","title":{"rendered":"Gasni kotao BOSCH Condens GC 2300W &#8211; kondezacioni  24kw"},"content":{"rendered":"<p>Kotao Condens 2300 W idealan za modernizaciju postoje\u0107ih instalacija grejanja. Zahvaljuju\u0107i maksimalnoj du\u017eini njegove dimovodne cevi, ovaj se kotao bez problema mo\u017ee instalirati i u zahtevnim prostorima. \u010cak se vrlo duga sekcija dimovodne cevi mo\u017ee izvesti bez pote\u0161ko\u0107a, \u010dime se olak\u0161ava i ubrzava nesmetana zamena postoje\u0107eg kotla. Kompaktne dimenzije ovog kotla od 710 x 400 x 300 mm zna\u010de da ovaj novi gasni kondenzacioni kotao zauzima minimalno prostora i da se mo\u017ee brzo instalirati gotovo na svim mestima \u2013 \u010dak i u stambenom prostoru.<\/p>","protected":false},"excerpt":{"rendered":"<p>Kotao Condens 2300 W idealan za modernizaciju postoje\u0107ih instalacija grejanja. Zahvaljuju\u0107i maksimalnoj du\u017eini njegove dimovodne cevi, ovaj se kotao bez problema mo\u017ee instalirati i u zahtevnim prostorima. \u010cak se vrlo duga sekcija dimovodne cevi mo\u017ee izvesti bez pote\u0161ko\u0107a, \u010dime se olak\u0161ava i ubrzava nesmetana zamena postoje\u0107eg kotla. Kompaktne dimenzije ovog kotla od 710 x 400 [&hellip;]<\/p>\n","protected":false},"featured_media":17148,"template":"","meta":[],"product_brand":[4210],"product_cat":[4231,4228],"product_tag":[],"class_list":{"0":"post-17147","1":"product","2":"type-product","3":"status-publish","4":"has-post-thumbnail","6":"product_brand-bosch","7":"product_cat-kondenzacioni-kotlovi","8":"product_cat-kotlovi-na-gas","10":"first","11":"instock","12":"purchasable","13":"product-type-simple"},"_links":{"self":[{"href":"https:\/\/hidroterm.dmcsrbija.com\/ru\/wp-json\/wp\/v2\/product\/17147","targetHints":{"allow":["GET"]}}],"collection":[{"href":"https:\/\/hidroterm.dmcsrbija.com\/ru\/wp-json\/wp\/v2\/product"}],"about":[{"href":"https:\/\/hidroterm.dmcsrbija.com\/ru\/wp-json\/wp\/v2\/types\/product"}],"wp:featuredmedia":[{"embeddable":true,"href":"https:\/\/hidroterm.dmcsrbija.com\/ru\/wp-json\/wp\/v2\/media\/17148"}],"wp:attachment":[{"href":"https:\/\/hidroterm.dmcsrbija.com\/ru\/wp-json\/wp\/v2\/media?parent=17147"}],"wp:term":[{"taxonomy":"product_brand","embeddable":true,"href":"https:\/\/hidroterm.dmcsrbija.com\/ru\/wp-json\/wp\/v2\/product_brand?post=17147"},{"taxonomy":"product_cat","embeddable":true,"href":"https:\/\/hidroterm.dmcsrbija.com\/ru\/wp-json\/wp\/v2\/product_cat?post=17147"},{"taxonomy":"product_tag","embeddable":true,"href":"https:\/\/hidroterm.dmcsrbija.com\/ru\/wp-json\/wp\/v2\/product_tag?post=17147"}],"curies":[{"name":"wp","href":"https:\/\/api.w.org\/{rel}","templated":true}]}}