{"id":17145,"date":"2025-07-15T11:04:19","date_gmt":"2025-07-15T09:04:19","guid":{"rendered":"https:\/\/foxit-technology.com\/proizvod\/elektricni-kotao-b-line-2-a-m\/"},"modified":"2025-07-15T11:04:22","modified_gmt":"2025-07-15T09:04:22","slug":"elektricni-kotao-b-line-2-a-m","status":"publish","type":"product","link":"https:\/\/hidroterm.dmcsrbija.com\/ru\/proizvod\/elektricni-kotao-b-line-2-a-m\/","title":{"rendered":"Elektricni kotao B-LINE 2.A\/M"},"content":{"rendered":"<p>Bline 2 je aktuelna serija na\u0161ih klasi\u010dnih blok kotlova koji sadr\u017ee sve komponente potrebne za siguran i stabilan rad centralizovanog grejanja na elektri\u010dnu energiju.<br \/>Svi kotlovi ove serije su opremljeni be\u0161umnim kontaktorima koji doprinose tome da rad kotla bude ultra tih, kao i stepenastom regulacijom snage pri \u010demu se posti\u017ee u\u0161teda elektri\u010dne energije.<br \/>U svim modelima je ugra\u0111ena trobrzinska cirkulaciona pumpa renomiranog proizvo\u0111a\u010da Grundfos sa odlo\u017eenim uklju\u010denjem od 35 C.<br \/>Uz potpuno automatizon rad samog kotla isti je opremljen i nizom sigurnosnih sistema pri \u010demu korisnik ima i led signalizaciju na kontrolnoj tabli eventualnih gre\u0161ki i upozorenja.<br \/>Osim standarne za\u0161tite od pregrevanja kotla, svi modeli serije Bline 2 imaju ugra\u0111en i senzor niskog pritiska.<br \/>Kotlove odlikuju veoma skladne dimenzije pri \u010demu se sa dubinom od 190-240 mm mo\u017ee lako uklopiti u bilo koji prostor va\u0161eg doma.<\/p>","protected":false},"excerpt":{"rendered":"<p>Bline 2 je aktuelna serija na\u0161ih klasi\u010dnih blok kotlova koji sadr\u017ee sve komponente potrebne za siguran i stabilan rad centralizovanog grejanja na elektri\u010dnu energiju.Svi kotlovi ove serije su opremljeni be\u0161umnim kontaktorima koji doprinose tome da rad kotla bude ultra tih, kao i stepenastom regulacijom snage pri \u010demu se posti\u017ee u\u0161teda elektri\u010dne energije.U svim modelima je [&hellip;]<\/p>\n","protected":false},"featured_media":17146,"template":"","meta":[],"product_brand":[4355],"product_cat":[4223],"product_tag":[],"class_list":{"0":"post-17145","1":"product","2":"type-product","3":"status-publish","4":"has-post-thumbnail","6":"product_brand-trgoelektro","7":"product_cat-elektricni-kotlovi","9":"first","10":"instock","11":"purchasable","12":"product-type-simple"},"_links":{"self":[{"href":"https:\/\/hidroterm.dmcsrbija.com\/ru\/wp-json\/wp\/v2\/product\/17145","targetHints":{"allow":["GET"]}}],"collection":[{"href":"https:\/\/hidroterm.dmcsrbija.com\/ru\/wp-json\/wp\/v2\/product"}],"about":[{"href":"https:\/\/hidroterm.dmcsrbija.com\/ru\/wp-json\/wp\/v2\/types\/product"}],"wp:featuredmedia":[{"embeddable":true,"href":"https:\/\/hidroterm.dmcsrbija.com\/ru\/wp-json\/wp\/v2\/media\/17146"}],"wp:attachment":[{"href":"https:\/\/hidroterm.dmcsrbija.com\/ru\/wp-json\/wp\/v2\/media?parent=17145"}],"wp:term":[{"taxonomy":"product_brand","embeddable":true,"href":"https:\/\/hidroterm.dmcsrbija.com\/ru\/wp-json\/wp\/v2\/product_brand?post=17145"},{"taxonomy":"product_cat","embeddable":true,"href":"https:\/\/hidroterm.dmcsrbija.com\/ru\/wp-json\/wp\/v2\/product_cat?post=17145"},{"taxonomy":"product_tag","embeddable":true,"href":"https:\/\/hidroterm.dmcsrbija.com\/ru\/wp-json\/wp\/v2\/product_tag?post=17145"}],"curies":[{"name":"wp","href":"https:\/\/api.w.org\/{rel}","templated":true}]}}