{"id":17141,"date":"2025-07-15T11:04:19","date_gmt":"2025-07-15T09:04:19","guid":{"rendered":"https:\/\/foxit-technology.com\/proizvod\/elektricni-kotao-elo-thermic\/"},"modified":"2025-07-15T11:04:21","modified_gmt":"2025-07-15T09:04:21","slug":"elektricni-kotao-elo-thermic","status":"publish","type":"product","link":"https:\/\/hidroterm.dmcsrbija.com\/ru\/proizvod\/elektricni-kotao-elo-thermic\/","title":{"rendered":"Elektricni kotao Elo-Thermic"},"content":{"rendered":"<p>Ovi elektri\u010dni kotlovi predstavljaju najmoderniji i najkompletniji proizvod na\u0161e fabrike. Odlikuju ga ultra tihi rad i potpuno automatizovan rad. Izuzetno tanak model kotla sa ukupnom dubinom od 190-210mm lako \u0107ete smestiti u bilo koji prostor va\u0161eg doma. Svi kotlovi ove serije poseduju procesor sa ugra\u0111enim smart algoritmom. Princip rada ovog procesora se zasniva na ravnomernom,odnosno podjednakom habanju svakog greja\u010da. Ovim sistemom se posti\u017ee du\u017ei vremenski rok trajanja samih greja\u010da kao i bolji rad samog kotla. Kotlovi imaju izbor tri radna i jednog re\u017eima protiv smrzavanja. Korisnik se mo\u017ee opredeliti za izbor ECO,NORMAL ili COMFORT radnog re\u017eima grejanja pri \u010demu je izbor snage zavisno do ja\u010dine kotla podeljen od 1.5 do 3 kW. Kako bi se izbegao udar na strujnu mre\u017eu greja\u010di se aktiviraju u vremenskom razmaku zavisno od modela od 4 do 8 sekundi. Svi modeli ove serije imaju odlo\u017eeno uklju\u010denje i isklju\u010denje cirkulacione pumpe kako bi se izbeglo nepotrebno tro\u0161enje elektri\u010dne energije kada za to nema potrebe. Osim ovoga kotlovi Elo Thermic fabri\u010dki imaju aktiviranu deblokadu pumpe \u010dime se izbegava stvaranje kamenca u radnom kolu pumpe,odnosno blokada pumpe. Svi kotlovi ove serije imaju vi\u0161e sigurnosnih sistema i to: Za\u0161tita od pregrevanja (visoke temperature) Za\u0161tita od niske temperature (protiv smrzavanja instalacije) Za\u0161tita od visokog, odnosno niskog pritiska. Kotlovi imaju automatsku detekciju i zvu\u010dni alarm u slu\u010daju neke gre\u0161ke ili upozorenja na kotlu. Kotlovi imaju mogu\u0107nost povezivanja na WiFi modul za upravljanje kotlem putem android aplikacije.<\/p>","protected":false},"excerpt":{"rendered":"<p>Ovi elektri\u010dni kotlovi predstavljaju najmoderniji i najkompletniji proizvod na\u0161e fabrike. Odlikuju ga ultra tihi rad i potpuno automatizovan rad. Izuzetno tanak model kotla sa ukupnom dubinom od 190-210mm lako \u0107ete smestiti u bilo koji prostor va\u0161eg doma. Svi kotlovi ove serije poseduju procesor sa ugra\u0111enim smart algoritmom. Princip rada ovog procesora se zasniva na ravnomernom,odnosno [&hellip;]<\/p>\n","protected":false},"featured_media":17142,"template":"","meta":[],"product_brand":[4355],"product_cat":[4223],"product_tag":[],"class_list":{"0":"post-17141","1":"product","2":"type-product","3":"status-publish","4":"has-post-thumbnail","6":"product_brand-trgoelektro","7":"product_cat-elektricni-kotlovi","9":"first","10":"instock","11":"purchasable","12":"product-type-simple"},"_links":{"self":[{"href":"https:\/\/hidroterm.dmcsrbija.com\/ru\/wp-json\/wp\/v2\/product\/17141","targetHints":{"allow":["GET"]}}],"collection":[{"href":"https:\/\/hidroterm.dmcsrbija.com\/ru\/wp-json\/wp\/v2\/product"}],"about":[{"href":"https:\/\/hidroterm.dmcsrbija.com\/ru\/wp-json\/wp\/v2\/types\/product"}],"wp:featuredmedia":[{"embeddable":true,"href":"https:\/\/hidroterm.dmcsrbija.com\/ru\/wp-json\/wp\/v2\/media\/17142"}],"wp:attachment":[{"href":"https:\/\/hidroterm.dmcsrbija.com\/ru\/wp-json\/wp\/v2\/media?parent=17141"}],"wp:term":[{"taxonomy":"product_brand","embeddable":true,"href":"https:\/\/hidroterm.dmcsrbija.com\/ru\/wp-json\/wp\/v2\/product_brand?post=17141"},{"taxonomy":"product_cat","embeddable":true,"href":"https:\/\/hidroterm.dmcsrbija.com\/ru\/wp-json\/wp\/v2\/product_cat?post=17141"},{"taxonomy":"product_tag","embeddable":true,"href":"https:\/\/hidroterm.dmcsrbija.com\/ru\/wp-json\/wp\/v2\/product_tag?post=17141"}],"curies":[{"name":"wp","href":"https:\/\/api.w.org\/{rel}","templated":true}]}}