{"id":17139,"date":"2025-07-15T11:04:19","date_gmt":"2025-07-15T09:04:19","guid":{"rendered":"https:\/\/foxit-technology.com\/proizvod\/elektricni-kotao-e-line-elo\/"},"modified":"2025-07-15T11:04:20","modified_gmt":"2025-07-15T09:04:20","slug":"elektricni-kotao-e-line-elo","status":"publish","type":"product","link":"https:\/\/hidroterm.dmcsrbija.com\/ru\/proizvod\/elektricni-kotao-e-line-elo\/","title":{"rendered":"Elektricni kotao E-LINE ELO"},"content":{"rendered":"<p>Kao nastavak odlaze\u0107e serije E-Line dolazi ovaj potpuno osavremenjen model ove serije kotlova.<br \/>Kotlovi su opremljeni pametnim procesorom sa smart algoritmom kao i kotlovi EloThermic serije sa ravnomernim habanjem svih greja\u010da. Na led displeju korisniku se pru\u017ea informacija o trenutnoj temperature i anga\u017eovanoj snazi.<br \/>Stepenasto regulisanje snage kotla sa modulacijom od 3 do 9 izlaznih koraka za efikasan rad i smanjenu potro\u0161nju elektri\u010dne energije.<br \/>Mogu\u0107nost setovanja diferencijala radnog re\u017eima kotla po zahtevu kupca.<br \/>Dva re\u017eima rada.<\/p>\n<p>\u2022 Re\u017eim grejanja<br \/>\u2022 Re\u017eim rada protiv smrzavanja<\/p>\n<p>Led indikacija za aktuelni re\u017eim kao i za informacije, eventualne gre\u0161ke i upozorenja u samom radu elektri\u010dnog kotla.<br \/>Mehani\u010dka i elektronska za\u0161tita od pregrevanja.<br \/>Priklju\u010dak za povezivanje pumpe sa mogu\u0107no\u0161\u0107u \u0161telovanja dva re\u017eima rada pumpe i to:<br \/>\u2022 Odlo\u017eeno uklju\u010denje pumpe<br \/>\u2022 Neprekidan rad pumpe<\/p>","protected":false},"excerpt":{"rendered":"<p>Kao nastavak odlaze\u0107e serije E-Line dolazi ovaj potpuno osavremenjen model ove serije kotlova.Kotlovi su opremljeni pametnim procesorom sa smart algoritmom kao i kotlovi EloThermic serije sa ravnomernim habanjem svih greja\u010da. Na led displeju korisniku se pru\u017ea informacija o trenutnoj temperature i anga\u017eovanoj snazi.Stepenasto regulisanje snage kotla sa modulacijom od 3 do 9 izlaznih koraka za [&hellip;]<\/p>\n","protected":false},"featured_media":17140,"template":"","meta":[],"product_brand":[4355],"product_cat":[4223],"product_tag":[],"class_list":{"0":"post-17139","1":"product","2":"type-product","3":"status-publish","4":"has-post-thumbnail","6":"product_brand-trgoelektro","7":"product_cat-elektricni-kotlovi","9":"first","10":"instock","11":"purchasable","12":"product-type-simple"},"_links":{"self":[{"href":"https:\/\/hidroterm.dmcsrbija.com\/ru\/wp-json\/wp\/v2\/product\/17139","targetHints":{"allow":["GET"]}}],"collection":[{"href":"https:\/\/hidroterm.dmcsrbija.com\/ru\/wp-json\/wp\/v2\/product"}],"about":[{"href":"https:\/\/hidroterm.dmcsrbija.com\/ru\/wp-json\/wp\/v2\/types\/product"}],"wp:featuredmedia":[{"embeddable":true,"href":"https:\/\/hidroterm.dmcsrbija.com\/ru\/wp-json\/wp\/v2\/media\/17140"}],"wp:attachment":[{"href":"https:\/\/hidroterm.dmcsrbija.com\/ru\/wp-json\/wp\/v2\/media?parent=17139"}],"wp:term":[{"taxonomy":"product_brand","embeddable":true,"href":"https:\/\/hidroterm.dmcsrbija.com\/ru\/wp-json\/wp\/v2\/product_brand?post=17139"},{"taxonomy":"product_cat","embeddable":true,"href":"https:\/\/hidroterm.dmcsrbija.com\/ru\/wp-json\/wp\/v2\/product_cat?post=17139"},{"taxonomy":"product_tag","embeddable":true,"href":"https:\/\/hidroterm.dmcsrbija.com\/ru\/wp-json\/wp\/v2\/product_tag?post=17139"}],"curies":[{"name":"wp","href":"https:\/\/api.w.org\/{rel}","templated":true}]}}