{"id":17137,"date":"2025-07-15T11:04:19","date_gmt":"2025-07-15T09:04:19","guid":{"rendered":"https:\/\/foxit-technology.com\/proizvod\/elektricni-kotao-e-line-2\/"},"modified":"2025-07-15T11:04:19","modified_gmt":"2025-07-15T09:04:19","slug":"elektricni-kotao-e-line-2","status":"publish","type":"product","link":"https:\/\/hidroterm.dmcsrbija.com\/ru\/proizvod\/elektricni-kotao-e-line-2\/","title":{"rendered":"Elektricni kotao E-LINE 2."},"content":{"rendered":"<p>Elektri\u010dni kotlovi koriste se za proizvodnju elektri\u010dne energije u sistemima centralnog grejanja, pa se stoga mogu upotrebljavati kako za zagrevanje stambenih objekata, tako i za poslovne prostore i industrijske hale. Firma &#8220;Trgoelektro&#8221; proizvodi elektri\u010dne kotlove ( E-line) i mini kotlarnice ( B-line) snage od 6 do 36 kW.<\/p>\n<p>&nbsp;<\/p>\n<p>Pode\u0161avanje \u017eeljene temperature u kotlu vr\u0161i se pomo\u0107u regulacionog termostata. Ovaj termostat odr\u017eava\u0107e \u017eeljenu temperaturu u granicama +\/- 5 \u00b0C. Temperatura koja se preporu\u010duje za radijatorsko grejanje je 50 \u2013 70 \u00b0C, odnosno do 45 \u00b0C za podno grejanje.<\/p>\n<p>&nbsp;<\/p>\n<p>Izbor snage kotla vr\u0161i se preko prekida\u010da na kontrolno-upravlja\u010dkoj tabli. Glavni prekida\u010d uklju\u010duje pumpu, i trebalo bi da bude stalno uklju\u010den, dok ostali prekida\u010di (P1, P2, P3) uklju\u010duju odre\u0111ene grejne grupe. Prekida\u010di u sebi sadr\u017ee tinjalice koje pokazuju koja grupa greja\u010da je uklju\u010dena. Snaga koja se uklju\u010duje pomo\u0107u prekida\u010da zavisi od tipa kotla i prikazana je u tabeli.<\/p>","protected":false},"excerpt":{"rendered":"<p>Elektri\u010dni kotlovi koriste se za proizvodnju elektri\u010dne energije u sistemima centralnog grejanja, pa se stoga mogu upotrebljavati kako za zagrevanje stambenih objekata, tako i za poslovne prostore i industrijske hale. Firma &#8220;Trgoelektro&#8221; proizvodi elektri\u010dne kotlove ( E-line) i mini kotlarnice ( B-line) snage od 6 do 36 kW. &nbsp; Pode\u0161avanje \u017eeljene temperature u kotlu vr\u0161i [&hellip;]<\/p>\n","protected":false},"featured_media":17138,"template":"","meta":[],"product_brand":[4355],"product_cat":[4223],"product_tag":[],"class_list":{"0":"post-17137","1":"product","2":"type-product","3":"status-publish","4":"has-post-thumbnail","6":"product_brand-trgoelektro","7":"product_cat-elektricni-kotlovi","9":"first","10":"instock","11":"purchasable","12":"product-type-simple"},"_links":{"self":[{"href":"https:\/\/hidroterm.dmcsrbija.com\/ru\/wp-json\/wp\/v2\/product\/17137","targetHints":{"allow":["GET"]}}],"collection":[{"href":"https:\/\/hidroterm.dmcsrbija.com\/ru\/wp-json\/wp\/v2\/product"}],"about":[{"href":"https:\/\/hidroterm.dmcsrbija.com\/ru\/wp-json\/wp\/v2\/types\/product"}],"wp:featuredmedia":[{"embeddable":true,"href":"https:\/\/hidroterm.dmcsrbija.com\/ru\/wp-json\/wp\/v2\/media\/17138"}],"wp:attachment":[{"href":"https:\/\/hidroterm.dmcsrbija.com\/ru\/wp-json\/wp\/v2\/media?parent=17137"}],"wp:term":[{"taxonomy":"product_brand","embeddable":true,"href":"https:\/\/hidroterm.dmcsrbija.com\/ru\/wp-json\/wp\/v2\/product_brand?post=17137"},{"taxonomy":"product_cat","embeddable":true,"href":"https:\/\/hidroterm.dmcsrbija.com\/ru\/wp-json\/wp\/v2\/product_cat?post=17137"},{"taxonomy":"product_tag","embeddable":true,"href":"https:\/\/hidroterm.dmcsrbija.com\/ru\/wp-json\/wp\/v2\/product_tag?post=17137"}],"curies":[{"name":"wp","href":"https:\/\/api.w.org\/{rel}","templated":true}]}}