{"id":17131,"date":"2025-07-15T11:04:07","date_gmt":"2025-07-15T09:04:07","guid":{"rendered":"https:\/\/foxit-technology.com\/proizvod\/vitodens-111-w-sa-bojlerom-32-do-320-kw\/"},"modified":"2025-07-15T11:04:16","modified_gmt":"2025-07-15T09:04:16","slug":"vitodens-111-w-sa-bojlerom-32-do-320-kw","status":"publish","type":"product","link":"https:\/\/hidroterm.dmcsrbija.com\/ru\/proizvod\/vitodens-111-w-sa-bojlerom-32-do-320-kw\/","title":{"rendered":"VITODENS 111-W sa bojlerom 3,2 do 32,0 kW"},"content":{"rendered":"<p>*Pribor za monta\u017eu nije u ceni, mora se dodatno poru\u010diti!<\/p>\n<p>Vitodens 111-W gasni kondenzacioni kompaktni kotao sa bojlerom od ner\u0111aju\u0107eg \u010delika zapremine 46 litara za rad zavisan ili nezavisan od vazduha uprostoriji. Regulacija sa 7-segmentim LED ekranom osetljivim na dodiri integrisanom WLAN komunikacijom*.<\/p>\n<p>+ Klasa energetske efikasnosti A.<\/p>\n<p>+ Maksimalna u\u0161teda prostora zahvaljuju\u0107i kompaktnoj izvedbi, sa integrisanim bojlerom.<\/p>\n<p>+ Normni stepen iskori\u0161\u0107enja:do 98 % (Hg)\/109 % (Hd).<\/p>\n<p>+ Opseg modulacije do 1:10.<\/p>\n<p>+ Razmenjiva\u010d toplote Inox&#8211;Radial od plemenitog \u010delika sa efektom samo\u010di\u0161\u0107enja zbog usmerenog toka dimnih gasova i kondenzata.<\/p>\n<p>+ Moduli\u0161u\u0107i cilindri\u010dni MatriX-Plus gorionik sa Lambda Pro regulacijom sagorevanja i niskom emijsijom azotnih oksida.<\/p>\n<p>+ Integrisana eskpanziona posuda na strani grejanja (10 litara).<\/p>\n<p>+ Jednostavno i intuitivnoopslu\u017eivanje preko LCDekrana osetljivog na dodir.<\/p>\n<p>+ Integrisana visoko efikasna cirkulaciona pumpa.<\/p>\n<p>+ Veliki komfor tople vode zahvaljuju\u0107i integrisanom bojleru od ner\u0111aju\u0107eg \u010delika zapremine 46 litara.<\/p>\n<p>+ Za rad zavisan ili nezavisan od vazduha u prostoriji.<\/p>\n<p>+ Povezivanje sa internetom sa integrisanom WLAN komunikacijom za kori\u0161\u0107enje i servisiranje pomo\u0107u aplikacije ViCare.<\/p>\n<p>+ Mogu\u0107nost produ\u017eenja garantnog roka do 5 godina.<\/p>\n<p>+ Vi\u0161e informacija mo\u017eete prona\u0107i u tehni\u010dkoj dokumentaciji na:<a href=\"https:\/\/webapps.viessmann.com\/vibooks\/RS\/sr\">https:\/\/webapps.viessmann.com\/vibooks\/RS\/sr<\/a><\/p>","protected":false},"excerpt":{"rendered":"<p>*Pribor za monta\u017eu nije u ceni, mora se dodatno poru\u010diti! Vitodens 111-W gasni kondenzacioni kompaktni kotao sa bojlerom od ner\u0111aju\u0107eg \u010delika zapremine 46 litara za rad zavisan ili nezavisan od vazduha uprostoriji. Regulacija sa 7-segmentim LED ekranom osetljivim na dodiri integrisanom WLAN komunikacijom*. + Klasa energetske efikasnosti A. + Maksimalna u\u0161teda prostora zahvaljuju\u0107i kompaktnoj izvedbi, [&hellip;]<\/p>\n","protected":false},"featured_media":17132,"template":"","meta":[],"product_brand":[4227],"product_cat":[4231,4228],"product_tag":[],"class_list":{"0":"post-17131","1":"product","2":"type-product","3":"status-publish","4":"has-post-thumbnail","6":"product_brand-viessmann","7":"product_cat-kondenzacioni-kotlovi","8":"product_cat-kotlovi-na-gas","10":"first","11":"instock","12":"purchasable","13":"product-type-simple"},"_links":{"self":[{"href":"https:\/\/hidroterm.dmcsrbija.com\/ru\/wp-json\/wp\/v2\/product\/17131","targetHints":{"allow":["GET"]}}],"collection":[{"href":"https:\/\/hidroterm.dmcsrbija.com\/ru\/wp-json\/wp\/v2\/product"}],"about":[{"href":"https:\/\/hidroterm.dmcsrbija.com\/ru\/wp-json\/wp\/v2\/types\/product"}],"wp:featuredmedia":[{"embeddable":true,"href":"https:\/\/hidroterm.dmcsrbija.com\/ru\/wp-json\/wp\/v2\/media\/17132"}],"wp:attachment":[{"href":"https:\/\/hidroterm.dmcsrbija.com\/ru\/wp-json\/wp\/v2\/media?parent=17131"}],"wp:term":[{"taxonomy":"product_brand","embeddable":true,"href":"https:\/\/hidroterm.dmcsrbija.com\/ru\/wp-json\/wp\/v2\/product_brand?post=17131"},{"taxonomy":"product_cat","embeddable":true,"href":"https:\/\/hidroterm.dmcsrbija.com\/ru\/wp-json\/wp\/v2\/product_cat?post=17131"},{"taxonomy":"product_tag","embeddable":true,"href":"https:\/\/hidroterm.dmcsrbija.com\/ru\/wp-json\/wp\/v2\/product_tag?post=17131"}],"curies":[{"name":"wp","href":"https:\/\/api.w.org\/{rel}","templated":true}]}}