{"id":17127,"date":"2025-07-15T11:04:07","date_gmt":"2025-07-15T09:04:07","guid":{"rendered":"https:\/\/foxit-technology.com\/proizvod\/vitodens-050-w-59-do-330-kw\/"},"modified":"2025-07-15T11:04:15","modified_gmt":"2025-07-15T09:04:15","slug":"vitodens-050-w-59-do-330-kw","status":"publish","type":"product","link":"https:\/\/hidroterm.dmcsrbija.com\/ru\/proizvod\/vitodens-050-w-59-do-330-kw\/","title":{"rendered":"VITODENS 050-W 5,9 do 33,0 kW"},"content":{"rendered":"<p>Gasni kondenzacioni kombinovani zidni kotao Vitodens 050-W za rad sa konstantom temperaturom i priborom za monta\u017eu.<\/p>\n<p>+ Kombi ure\u0111aj: 24 i 33 kW.<\/p>\n<p>+ Normni stepen iskori\u0161\u0107enja:97 % (Hg)\/108 % (Hd).<\/p>\n<p>+ Opseg modulacije 1:4.<\/p>\n<p>+ Razmenjiva\u010d toplote Inox-Radial od plemenitog \u010delika.<\/p>\n<p>+ Cilindri\u010dni gorionik MatriX.<\/p>\n<p>+ Jednostavna upotreba,opciono i preko sobnog termostata.<\/p>\n<p>+ Regulacija ima mogu\u0107nost priklju\u010denja na vremenski programator i be\u017ei\u010dni prijemnik.<\/p>\n<p>+ Za rad nezavisan od vazduha u prostoriji.<\/p>\n<p>+ Visoko efikasna pumpa koja \u0161tedi struju.<\/p>\n<p>+ Idealan kotao za ugradnju u stambeni prostor zbog kompaktnih mera i tihog rada.<\/p>\n<p>+ Niska instalaciona visina pojednostavljuje zamenu starih kotlova.<\/p>\n<p>+ Bogat pripadaju\u0107i pribor.<\/p>\n<p>+ Mogu\u0107nost produ\u017eenjagarantnog roka do 5 godina.<\/p>\n<p>+ Vi\u0161e informacija mo\u017eeteprona\u0107i u tehni\u010dkojdokumentaciji na: <a href=\"https:\/\/webapps.viessmann.com\/vibooks\/RS\/sr\">https:\/\/webapps.viessmann.com\/vibooks\/RS\/sr<\/a><\/p>\n<p>&nbsp;<\/p>\n<p>10 godina garancije na sve razmenjiva\u010de toplote od plemenitog \u010delika za kondenzacione kotlove do 150 kW<\/p>","protected":false},"excerpt":{"rendered":"<p>Gasni kondenzacioni kombinovani zidni kotao Vitodens 050-W za rad sa konstantom temperaturom i priborom za monta\u017eu. + Kombi ure\u0111aj: 24 i 33 kW. + Normni stepen iskori\u0161\u0107enja:97 % (Hg)\/108 % (Hd). + Opseg modulacije 1:4. + Razmenjiva\u010d toplote Inox-Radial od plemenitog \u010delika. + Cilindri\u010dni gorionik MatriX. + Jednostavna upotreba,opciono i preko sobnog termostata. + Regulacija [&hellip;]<\/p>\n","protected":false},"featured_media":17128,"template":"","meta":[],"product_brand":[4227],"product_cat":[4231,4228],"product_tag":[],"class_list":{"0":"post-17127","1":"product","2":"type-product","3":"status-publish","4":"has-post-thumbnail","6":"product_brand-viessmann","7":"product_cat-kondenzacioni-kotlovi","8":"product_cat-kotlovi-na-gas","10":"first","11":"instock","12":"purchasable","13":"product-type-simple"},"_links":{"self":[{"href":"https:\/\/hidroterm.dmcsrbija.com\/ru\/wp-json\/wp\/v2\/product\/17127","targetHints":{"allow":["GET"]}}],"collection":[{"href":"https:\/\/hidroterm.dmcsrbija.com\/ru\/wp-json\/wp\/v2\/product"}],"about":[{"href":"https:\/\/hidroterm.dmcsrbija.com\/ru\/wp-json\/wp\/v2\/types\/product"}],"wp:featuredmedia":[{"embeddable":true,"href":"https:\/\/hidroterm.dmcsrbija.com\/ru\/wp-json\/wp\/v2\/media\/17128"}],"wp:attachment":[{"href":"https:\/\/hidroterm.dmcsrbija.com\/ru\/wp-json\/wp\/v2\/media?parent=17127"}],"wp:term":[{"taxonomy":"product_brand","embeddable":true,"href":"https:\/\/hidroterm.dmcsrbija.com\/ru\/wp-json\/wp\/v2\/product_brand?post=17127"},{"taxonomy":"product_cat","embeddable":true,"href":"https:\/\/hidroterm.dmcsrbija.com\/ru\/wp-json\/wp\/v2\/product_cat?post=17127"},{"taxonomy":"product_tag","embeddable":true,"href":"https:\/\/hidroterm.dmcsrbija.com\/ru\/wp-json\/wp\/v2\/product_tag?post=17127"}],"curies":[{"name":"wp","href":"https:\/\/api.w.org\/{rel}","templated":true}]}}