{"id":17121,"date":"2025-07-15T11:04:07","date_gmt":"2025-07-15T09:04:07","guid":{"rendered":"https:\/\/foxit-technology.com\/proizvod\/kotao-thermomax-plus\/"},"modified":"2025-07-15T11:04:14","modified_gmt":"2025-07-15T09:04:14","slug":"kotao-thermomax-plus","status":"publish","type":"product","link":"https:\/\/hidroterm.dmcsrbija.com\/ru\/proizvod\/kotao-thermomax-plus\/","title":{"rendered":"Kotao Thermomax Plus"},"content":{"rendered":"<p>Thermomax Plus je kombinovani liveni (tropromajni) kotao koji se proizvodi u rasponu snage od 19kw do 88kw i karakteri\u0161e ga visok stepen efikasnosti. Predvi\u0111en je za sagorevanje \u010dvrstog goriva i peleta a zahvaljuju\u0107i tropromajnom sistemu cirkulacije dimnih gasova ima visoku efikasnost i smanjeni negativan efekat na \u017eivotnu sredinu. &nbsp;Prednost ovog kotla ogleda se u mogu\u0107nosti ugradnje vrata za kori\u0161\u0107enje peleta. Vrata su pripremljena za monta\u017eu gorionika na pelet Lamborghini. Sistemom za dvoja vrata na lak i jednostavan na\u010din omogu\u0107en je nesmetan rad kotla, tako da je ugradnjom gorionika na pelet na jednim vratima omogu\u0107en rad kotla na pelet a otvaranjem vrata sa&nbsp;gorionikom i zatvaranjem standardnih vrata kotao mo\u017ee bez problema raditi na \u010dvrsto gorivo<\/p>\n<p>&nbsp;<\/p>\n<p><em><strong>*Uz kupljen kotao dolazi \u010detka za \u010di\u0161\u0107enje i regulator promaje.*<\/strong><\/em><\/p>","protected":false},"excerpt":{"rendered":"<p>Thermomax Plus je kombinovani liveni (tropromajni) kotao koji se proizvodi u rasponu snage od 19kw do 88kw i karakteri\u0161e ga visok stepen efikasnosti. Predvi\u0111en je za sagorevanje \u010dvrstog goriva i peleta a zahvaljuju\u0107i tropromajnom sistemu cirkulacije dimnih gasova ima visoku efikasnost i smanjeni negativan efekat na \u017eivotnu sredinu. &nbsp;Prednost ovog kotla ogleda se u mogu\u0107nosti [&hellip;]<\/p>\n","protected":false},"featured_media":17122,"template":"","meta":[],"product_brand":[],"product_cat":[4189,4190],"product_tag":[],"class_list":{"0":"post-17121","1":"product","2":"type-product","3":"status-publish","4":"has-post-thumbnail","6":"product_cat-kotlovi-na-cvrsto-gorivo","7":"product_cat-liveni-kotlovi","9":"first","10":"instock","11":"purchasable","12":"product-type-simple"},"_links":{"self":[{"href":"https:\/\/hidroterm.dmcsrbija.com\/ru\/wp-json\/wp\/v2\/product\/17121","targetHints":{"allow":["GET"]}}],"collection":[{"href":"https:\/\/hidroterm.dmcsrbija.com\/ru\/wp-json\/wp\/v2\/product"}],"about":[{"href":"https:\/\/hidroterm.dmcsrbija.com\/ru\/wp-json\/wp\/v2\/types\/product"}],"wp:featuredmedia":[{"embeddable":true,"href":"https:\/\/hidroterm.dmcsrbija.com\/ru\/wp-json\/wp\/v2\/media\/17122"}],"wp:attachment":[{"href":"https:\/\/hidroterm.dmcsrbija.com\/ru\/wp-json\/wp\/v2\/media?parent=17121"}],"wp:term":[{"taxonomy":"product_brand","embeddable":true,"href":"https:\/\/hidroterm.dmcsrbija.com\/ru\/wp-json\/wp\/v2\/product_brand?post=17121"},{"taxonomy":"product_cat","embeddable":true,"href":"https:\/\/hidroterm.dmcsrbija.com\/ru\/wp-json\/wp\/v2\/product_cat?post=17121"},{"taxonomy":"product_tag","embeddable":true,"href":"https:\/\/hidroterm.dmcsrbija.com\/ru\/wp-json\/wp\/v2\/product_tag?post=17121"}],"curies":[{"name":"wp","href":"https:\/\/api.w.org\/{rel}","templated":true}]}}