{"id":17094,"date":"2025-07-15T11:04:07","date_gmt":"2025-07-15T09:04:07","guid":{"rendered":"https:\/\/foxit-technology.com\/proizvod\/sobni-termostat-salus-programski\/"},"modified":"2025-07-15T11:04:07","modified_gmt":"2025-07-15T09:04:07","slug":"sobni-termostat-salus-programski","status":"publish","type":"product","link":"https:\/\/hidroterm.dmcsrbija.com\/ru\/proizvod\/sobni-termostat-salus-programski\/","title":{"rendered":"Sobni termostat Salus programski"},"content":{"rendered":"<p>Salus Wi Fi je digitalni be\u017ei\u010dni sobni termostat koji omogu\u0107ava upravljanje sistemom grejanja i produkcije tople vode preko interneta.<br \/>Postoji mogu\u0107nost kompatibilnosti sa smart telefonom ili ra\u010dunarom zahvaljuju\u0107i internom sistemu komunikacije na osnovu Wi fi mre\u017ee.<br \/>Siguran i energetski efikasan sistem.<\/p>","protected":false},"excerpt":{"rendered":"<p>Salus Wi Fi je digitalni be\u017ei\u010dni sobni termostat koji omogu\u0107ava upravljanje sistemom grejanja i produkcije tople vode preko interneta.Postoji mogu\u0107nost kompatibilnosti sa smart telefonom ili ra\u010dunarom zahvaljuju\u0107i internom sistemu komunikacije na osnovu Wi fi mre\u017ee.Siguran i energetski efikasan sistem.<\/p>","protected":false},"featured_media":17095,"template":"","meta":[],"product_brand":[4319],"product_cat":[4317],"product_tag":[],"class_list":{"0":"post-17094","1":"product","2":"type-product","3":"status-publish","4":"has-post-thumbnail","6":"product_brand-salus","7":"product_cat-sobni-termostati","9":"first","10":"instock","11":"purchasable","12":"product-type-simple"},"_links":{"self":[{"href":"https:\/\/hidroterm.dmcsrbija.com\/ru\/wp-json\/wp\/v2\/product\/17094","targetHints":{"allow":["GET"]}}],"collection":[{"href":"https:\/\/hidroterm.dmcsrbija.com\/ru\/wp-json\/wp\/v2\/product"}],"about":[{"href":"https:\/\/hidroterm.dmcsrbija.com\/ru\/wp-json\/wp\/v2\/types\/product"}],"wp:featuredmedia":[{"embeddable":true,"href":"https:\/\/hidroterm.dmcsrbija.com\/ru\/wp-json\/wp\/v2\/media\/17095"}],"wp:attachment":[{"href":"https:\/\/hidroterm.dmcsrbija.com\/ru\/wp-json\/wp\/v2\/media?parent=17094"}],"wp:term":[{"taxonomy":"product_brand","embeddable":true,"href":"https:\/\/hidroterm.dmcsrbija.com\/ru\/wp-json\/wp\/v2\/product_brand?post=17094"},{"taxonomy":"product_cat","embeddable":true,"href":"https:\/\/hidroterm.dmcsrbija.com\/ru\/wp-json\/wp\/v2\/product_cat?post=17094"},{"taxonomy":"product_tag","embeddable":true,"href":"https:\/\/hidroterm.dmcsrbija.com\/ru\/wp-json\/wp\/v2\/product_tag?post=17094"}],"curies":[{"name":"wp","href":"https:\/\/api.w.org\/{rel}","templated":true}]}}