{"id":17088,"date":"2025-07-15T11:03:55","date_gmt":"2025-07-15T09:03:55","guid":{"rendered":"https:\/\/foxit-technology.com\/proizvod\/akumulatori-toplote-baferi-nobel-grejanje-hladjenje\/"},"modified":"2025-07-15T11:04:03","modified_gmt":"2025-07-15T09:04:03","slug":"akumulatori-toplote-baferi-nobel-grejanje-hladjenje","status":"publish","type":"product","link":"https:\/\/hidroterm.dmcsrbija.com\/ru\/proizvod\/akumulatori-toplote-baferi-nobel-grejanje-hladjenje\/","title":{"rendered":"Akumulatori toplote &#8211; baferi Nobel (grejanje\/hla\u0111enje)"},"content":{"rendered":"<p>Raspolo\u017eivi u razli\u010ditim veli\u010dinama, bafer rezervoari sa jednim, dva ili bez izmenjiva\u010da toplote mogu se primeniti u mnogim aplikacijama.<br \/>\u010cesto se primenjuju u sistemima sa valikim brojem solarnih kolektora, gde su potrebne ve\u0107e koli\u010dine vode,<br \/>ali i u kombinacijama sa toplotnim pumpama i kotlovima na \u010dvrsto gorivo.<\/p>\n<ul>\n<li>Izmenjiva\u010di toplote za prenos toplotne energije:<br \/>Interna spirala od industrijskog \u010delika (tip Tubo) postavljena u donjoj zoni bafera, za povezivanje<br \/>solarnih termalnih kolektora.<br \/>Opciona interna spirala od industrijskog \u010delika (tip Tubo) postavljena u gornjoj zoni bafera, za<br \/>povezivanje na sekundarni generator toplote.<\/li>\n<li>Toplotna izolacija: minimalni gubici toplote, odr\u017eava temperaturu vode:<br \/>Ekspandirani ekolo\u0161ki pogodan poliuretan za kapacitete do 500 litara.<br \/>Fleksibilna izolacija za naknadno postavljanje debljine 70 mm, za kapacitete od 800 i 1000 litara.<\/li>\n<li>Spolja\u0161nja oplata od specijalnog PVC.<\/li>\n<\/ul>","protected":false},"excerpt":{"rendered":"<p>Raspolo\u017eivi u razli\u010ditim veli\u010dinama, bafer rezervoari sa jednim, dva ili bez izmenjiva\u010da toplote mogu se primeniti u mnogim aplikacijama.\u010cesto se primenjuju u sistemima sa valikim brojem solarnih kolektora, gde su potrebne ve\u0107e koli\u010dine vode,ali i u kombinacijama sa toplotnim pumpama i kotlovima na \u010dvrsto gorivo. Izmenjiva\u010di toplote za prenos toplotne energije:Interna spirala od industrijskog \u010delika [&hellip;]<\/p>\n","protected":false},"featured_media":17089,"template":"","meta":[],"product_brand":[4351],"product_cat":[4267,4259],"product_tag":[],"class_list":{"0":"post-17088","1":"product","2":"type-product","3":"status-publish","4":"has-post-thumbnail","6":"product_brand-nobel","7":"product_cat-akumulatori-toplote","8":"product_cat-bojleri-i-akumulatori-toplote","10":"first","11":"instock","12":"purchasable","13":"product-type-simple"},"_links":{"self":[{"href":"https:\/\/hidroterm.dmcsrbija.com\/ru\/wp-json\/wp\/v2\/product\/17088","targetHints":{"allow":["GET"]}}],"collection":[{"href":"https:\/\/hidroterm.dmcsrbija.com\/ru\/wp-json\/wp\/v2\/product"}],"about":[{"href":"https:\/\/hidroterm.dmcsrbija.com\/ru\/wp-json\/wp\/v2\/types\/product"}],"wp:featuredmedia":[{"embeddable":true,"href":"https:\/\/hidroterm.dmcsrbija.com\/ru\/wp-json\/wp\/v2\/media\/17089"}],"wp:attachment":[{"href":"https:\/\/hidroterm.dmcsrbija.com\/ru\/wp-json\/wp\/v2\/media?parent=17088"}],"wp:term":[{"taxonomy":"product_brand","embeddable":true,"href":"https:\/\/hidroterm.dmcsrbija.com\/ru\/wp-json\/wp\/v2\/product_brand?post=17088"},{"taxonomy":"product_cat","embeddable":true,"href":"https:\/\/hidroterm.dmcsrbija.com\/ru\/wp-json\/wp\/v2\/product_cat?post=17088"},{"taxonomy":"product_tag","embeddable":true,"href":"https:\/\/hidroterm.dmcsrbija.com\/ru\/wp-json\/wp\/v2\/product_tag?post=17088"}],"curies":[{"name":"wp","href":"https:\/\/api.w.org\/{rel}","templated":true}]}}