{"id":17036,"date":"2025-07-15T11:03:42","date_gmt":"2025-07-15T09:03:42","guid":{"rendered":"https:\/\/foxit-technology.com\/proizvod\/dupli-nipli-redukujuci\/"},"modified":"2025-10-10T12:27:31","modified_gmt":"2025-10-10T10:27:31","slug":"dupli-nipli-redukujuci","status":"publish","type":"product","link":"https:\/\/hidroterm.dmcsrbija.com\/ru\/proizvod\/dupli-nipli-redukujuci\/","title":{"rendered":"Dupli nipli MS"},"content":{"rendered":"<p data-start=\"72\" data-end=\"503\">MS Dupli nipli je visokokvalitetni <strong data-start=\"115\" data-end=\"135\">mesingani fiting<\/strong> namenjen za spajanje i redukciju cevi razli\u010ditih pre\u010dnika u sistemima grejanja, hla\u0111enja i vodovoda. Izra\u0111en od <strong data-start=\"248\" data-end=\"311\">otpornog mesinga na koroziju, pritisak i visoke temperature<\/strong>, obezbe\u0111uje pouzdano i dugotrajno funkcionisanje instalacija. Njegova precizna izrada omogu\u0107ava jednostavnu monta\u017eu i \u010dvrsto zaptivanje spojeva, \u010dime se spre\u010dava curenje i gubitak pritiska.<\/p>\n<p data-start=\"505\" data-end=\"521\"><strong data-start=\"505\" data-end=\"519\">Prednosti:<\/strong><\/p>\n<ul data-start=\"522\" data-end=\"698\">\n<li data-start=\"522\" data-end=\"577\">\n<p data-start=\"524\" data-end=\"577\">Dupli nipli od visokokvalitetnog mesinga<\/p>\n<\/li>\n<li data-start=\"578\" data-end=\"631\">\n<p data-start=\"580\" data-end=\"631\">Pogodan za grejanje, hla\u0111enje i vodovodne sisteme<\/p>\n<\/li>\n<li data-start=\"632\" data-end=\"655\">\n<p data-start=\"634\" data-end=\"655\">Laka i brza monta\u017ea<\/p>\n<\/li>\n<li data-start=\"656\" data-end=\"698\">\n<p data-start=\"658\" data-end=\"698\">Obezbe\u0111uje trajnu nepropusnost spojeva<\/p>\n<\/li>\n<\/ul>\n<p data-start=\"700\" data-end=\"890\">Ovaj fiting je idealan za profesionalne instalatere i ku\u0107ne majstore koji tra\u017ee pouzdano re\u0161enje za povezivanje cevi razli\u010ditih dimenzija, garantuju\u0107i sigurnost i dug vek trajanja sistema.<\/p>","protected":false},"excerpt":{"rendered":"<p>MS Dupli nipli\u00a0 je mesingani fiting za sigurno i nepropusno spajanje cevi razli\u010ditih pre\u010dnika u sistemima grejanja, hla\u0111enja i vodovoda.<\/p>","protected":false},"featured_media":21657,"template":"","meta":[],"product_brand":[],"product_cat":[4296,4311],"product_tag":[],"class_list":{"0":"post-17036","1":"product","2":"type-product","3":"status-publish","4":"has-post-thumbnail","6":"product_cat-fiting","7":"product_cat-mesingani-fiting","9":"first","10":"instock","11":"purchasable","12":"product-type-variable"},"_links":{"self":[{"href":"https:\/\/hidroterm.dmcsrbija.com\/ru\/wp-json\/wp\/v2\/product\/17036","targetHints":{"allow":["GET"]}}],"collection":[{"href":"https:\/\/hidroterm.dmcsrbija.com\/ru\/wp-json\/wp\/v2\/product"}],"about":[{"href":"https:\/\/hidroterm.dmcsrbija.com\/ru\/wp-json\/wp\/v2\/types\/product"}],"wp:featuredmedia":[{"embeddable":true,"href":"https:\/\/hidroterm.dmcsrbija.com\/ru\/wp-json\/wp\/v2\/media\/21657"}],"wp:attachment":[{"href":"https:\/\/hidroterm.dmcsrbija.com\/ru\/wp-json\/wp\/v2\/media?parent=17036"}],"wp:term":[{"taxonomy":"product_brand","embeddable":true,"href":"https:\/\/hidroterm.dmcsrbija.com\/ru\/wp-json\/wp\/v2\/product_brand?post=17036"},{"taxonomy":"product_cat","embeddable":true,"href":"https:\/\/hidroterm.dmcsrbija.com\/ru\/wp-json\/wp\/v2\/product_cat?post=17036"},{"taxonomy":"product_tag","embeddable":true,"href":"https:\/\/hidroterm.dmcsrbija.com\/ru\/wp-json\/wp\/v2\/product_tag?post=17036"}],"curies":[{"name":"wp","href":"https:\/\/api.w.org\/{rel}","templated":true}]}}