{"id":17019,"date":"2025-07-15T11:03:42","date_gmt":"2025-07-15T09:03:42","guid":{"rendered":"https:\/\/foxit-technology.com\/proizvod\/gasni-kotao-protherm-puma-kondenzacioni\/"},"modified":"2025-07-15T11:03:43","modified_gmt":"2025-07-15T09:03:43","slug":"gasni-kotao-protherm-puma-kondenzacioni","status":"publish","type":"product","link":"https:\/\/hidroterm.dmcsrbija.com\/ru\/proizvod\/gasni-kotao-protherm-puma-kondenzacioni\/","title":{"rendered":"Gasni kotao Protherm Puma &#8211; kondenzacioni"},"content":{"rendered":"<p><strong>Gasni kondenzacioni kotao sa integrisanim rezervoarom PTV Protherm Puma Condens<\/strong><\/p>\n<p>Opis ure\u0111aja i osnovne prednosti:<\/p>\n<p>\u2022 Uskla\u0111en sa EU regulativama za energetski efikasne proizvode ErP<\/p>\n<p>\u2022 Tihi rad ure\u0111aja sa niskom emis\u0133om ugljen monoksida<\/p>\n<p>\u2022 Visoki komfor tople vode na vi\u0161e to\u010de\u0107ih mesta istovremeno zahvaljuju\u0107i patentiranoj \u201eISODYN\u201c tehnolog\u0133i<\/p>\n<p>\u2022 Komfor \u201eISODYN\u201c tehnolog\u0133e: veliki protok tople vode, kratko vreme dogrevanja rezervoara (&lt; 5 min), ure\u0111aj se ne aktivira kod male potro\u0161nje tople vode<\/p>\n<p>\u2022 Intuitivni upravlja\u010dki panel sa LC displejom, funkcionalnim tasterima (1 taster\/1 funkc\u0133a) i LED diodama za prikaz statusa ure\u0111aja<\/p>\n<p>\u2022 \u201eECO\u201c mod: \u0161tedljiv rad kod pripreme PTV<\/p>\n<p>\u2022 Kompaktne dimenz\u0133e i moderan dizajn<\/p>\n<p>\u2022 Kompatibilan sa Protherm digitalnim termostatima<\/p>\n<p>\u2022 Originalni vazduho-dimovodni sistemi \u00d8 60\/100, 80\/125 mm i 80\/80 mm<\/p>","protected":false},"excerpt":{"rendered":"<p>Gasni kondenzacioni kotao sa integrisanim rezervoarom PTV Protherm Puma Condens Opis ure\u0111aja i osnovne prednosti: \u2022 Uskla\u0111en sa EU regulativama za energetski efikasne proizvode ErP \u2022 Tihi rad ure\u0111aja sa niskom emis\u0133om ugljen monoksida \u2022 Visoki komfor tople vode na vi\u0161e to\u010de\u0107ih mesta istovremeno zahvaljuju\u0107i patentiranoj \u201eISODYN\u201c tehnolog\u0133i \u2022 Komfor \u201eISODYN\u201c tehnolog\u0133e: veliki protok tople [&hellip;]<\/p>\n","protected":false},"featured_media":17020,"template":"","meta":[],"product_brand":[4234],"product_cat":[4231,4228],"product_tag":[],"class_list":{"0":"post-17019","1":"product","2":"type-product","3":"status-publish","4":"has-post-thumbnail","6":"product_brand-protherm","7":"product_cat-kondenzacioni-kotlovi","8":"product_cat-kotlovi-na-gas","10":"first","11":"instock","12":"purchasable","13":"product-type-simple"},"_links":{"self":[{"href":"https:\/\/hidroterm.dmcsrbija.com\/ru\/wp-json\/wp\/v2\/product\/17019","targetHints":{"allow":["GET"]}}],"collection":[{"href":"https:\/\/hidroterm.dmcsrbija.com\/ru\/wp-json\/wp\/v2\/product"}],"about":[{"href":"https:\/\/hidroterm.dmcsrbija.com\/ru\/wp-json\/wp\/v2\/types\/product"}],"wp:featuredmedia":[{"embeddable":true,"href":"https:\/\/hidroterm.dmcsrbija.com\/ru\/wp-json\/wp\/v2\/media\/17020"}],"wp:attachment":[{"href":"https:\/\/hidroterm.dmcsrbija.com\/ru\/wp-json\/wp\/v2\/media?parent=17019"}],"wp:term":[{"taxonomy":"product_brand","embeddable":true,"href":"https:\/\/hidroterm.dmcsrbija.com\/ru\/wp-json\/wp\/v2\/product_brand?post=17019"},{"taxonomy":"product_cat","embeddable":true,"href":"https:\/\/hidroterm.dmcsrbija.com\/ru\/wp-json\/wp\/v2\/product_cat?post=17019"},{"taxonomy":"product_tag","embeddable":true,"href":"https:\/\/hidroterm.dmcsrbija.com\/ru\/wp-json\/wp\/v2\/product_tag?post=17019"}],"curies":[{"name":"wp","href":"https:\/\/api.w.org\/{rel}","templated":true}]}}