{"id":17017,"date":"2025-07-15T11:03:42","date_gmt":"2025-07-15T09:03:42","guid":{"rendered":"https:\/\/foxit-technology.com\/proizvod\/gasni-kotao-protherm-kondenz-puma-gepard\/"},"modified":"2025-07-15T11:03:42","modified_gmt":"2025-07-15T09:03:42","slug":"gasni-kotao-protherm-kondenz-puma-gepard","status":"publish","type":"product","link":"https:\/\/hidroterm.dmcsrbija.com\/ru\/proizvod\/gasni-kotao-protherm-kondenz-puma-gepard\/","title":{"rendered":"Gasni kotao Protherm Kondenz Puma\/Gepard"},"content":{"rendered":"<p>Kondenzacioni kotao za grejanje i pripremu tople vode sa integrisanim rezervoarom Protherm Tiger Condens 18\/25 KKZ42<\/p>\n<p style=\"text-align: justify;\">Tiger Condens je vise\u0107i fasadni kondenzacioni gasni kotao sa dva ugra\u0111ena inox rezervoara za toplu vodu 2 x 21 lit. Patentirana tehnologija ISODYN2 omogu\u0107ava da integrisani rezervoar unutar Tiger Condens kotla osigurava koli\u010dinu tople vode kao i kod kotla sa odvojenim velikim rezervoarom. Kotao ne zahtijeva dodatni prostor za pripremu potro\u0161ne tople vode, jer su sve komponente smje\u0161tene u ku\u0107i\u0161tu. Kotao je jednostavan za kori\u0161tenje, zasnovan na konceptu &#8220;Jedno dugme &#8211; jedna funkcija&#8221;. Osim toga, poseduje nizak nivo buke kao i &nbsp;\u0161irok spektar modulacije snage gorionika uz regulaciju temperature vode za grejanje po spoljnoj temperaturi \u2013 ekvitermi\u010dka regulacija.<\/p>","protected":false},"excerpt":{"rendered":"<p>Kondenzacioni kotao za grejanje i pripremu tople vode sa integrisanim rezervoarom Protherm Tiger Condens 18\/25 KKZ42 Tiger Condens je vise\u0107i fasadni kondenzacioni gasni kotao sa dva ugra\u0111ena inox rezervoara za toplu vodu 2 x 21 lit. Patentirana tehnologija ISODYN2 omogu\u0107ava da integrisani rezervoar unutar Tiger Condens kotla osigurava koli\u010dinu tople vode kao i kod kotla [&hellip;]<\/p>\n","protected":false},"featured_media":17018,"template":"","meta":[],"product_brand":[4234],"product_cat":[4231,4228],"product_tag":[],"class_list":{"0":"post-17017","1":"product","2":"type-product","3":"status-publish","4":"has-post-thumbnail","6":"product_brand-protherm","7":"product_cat-kondenzacioni-kotlovi","8":"product_cat-kotlovi-na-gas","10":"first","11":"instock","12":"purchasable","13":"product-type-simple"},"_links":{"self":[{"href":"https:\/\/hidroterm.dmcsrbija.com\/ru\/wp-json\/wp\/v2\/product\/17017","targetHints":{"allow":["GET"]}}],"collection":[{"href":"https:\/\/hidroterm.dmcsrbija.com\/ru\/wp-json\/wp\/v2\/product"}],"about":[{"href":"https:\/\/hidroterm.dmcsrbija.com\/ru\/wp-json\/wp\/v2\/types\/product"}],"wp:featuredmedia":[{"embeddable":true,"href":"https:\/\/hidroterm.dmcsrbija.com\/ru\/wp-json\/wp\/v2\/media\/17018"}],"wp:attachment":[{"href":"https:\/\/hidroterm.dmcsrbija.com\/ru\/wp-json\/wp\/v2\/media?parent=17017"}],"wp:term":[{"taxonomy":"product_brand","embeddable":true,"href":"https:\/\/hidroterm.dmcsrbija.com\/ru\/wp-json\/wp\/v2\/product_brand?post=17017"},{"taxonomy":"product_cat","embeddable":true,"href":"https:\/\/hidroterm.dmcsrbija.com\/ru\/wp-json\/wp\/v2\/product_cat?post=17017"},{"taxonomy":"product_tag","embeddable":true,"href":"https:\/\/hidroterm.dmcsrbija.com\/ru\/wp-json\/wp\/v2\/product_tag?post=17017"}],"curies":[{"name":"wp","href":"https:\/\/api.w.org\/{rel}","templated":true}]}}