{"id":17013,"date":"2025-07-15T11:03:31","date_gmt":"2025-07-15T09:03:31","guid":{"rendered":"https:\/\/foxit-technology.com\/proizvod\/mesacki-ventili-esbe\/"},"modified":"2025-10-04T10:19:22","modified_gmt":"2025-10-04T08:19:22","slug":"mesacki-ventili-esbe","status":"publish","type":"product","link":"https:\/\/hidroterm.dmcsrbija.com\/ru\/proizvod\/mesacki-ventili-esbe\/","title":{"rendered":"Me\u0161a\u010dki ventili Esbe"},"content":{"rendered":"<p>Trokraki me\u0161a\u010dki ventil Esbe namenjeni kontroli grejanja u radijatorima i podnim sistemima, ventili preusmeravanje ili promene smera.<\/p>\n<ul>\n<li>Klasa pritiska: PN 10<\/li>\n<li>Max. temperatura: 110\u00b0C<\/li>\n<li>Min. temperatura: \u201310\u00b0C<\/li>\n<li>Max. pad difer. prit.: DN 20\u201350 KpA<\/li>\n<li>Opseg Kv\/Kvmin: 100<\/li>\n<\/ul>","protected":false},"excerpt":{"rendered":"<p>Trokraki me\u0161a\u010dki ventil Esbe namenjeni kontroli grejanja u radijatorima i podnim sistemima, ventili preusmeravanje ili promene smera. Klasa pritiska: PN 10 Max. temperatura: 110\u00b0C Min. temperatura: \u201310\u00b0C Max. pad difer. prit.: DN 20\u201350 KpA Opseg Kv\/Kvmin: 100<\/p>","protected":false},"featured_media":17014,"template":"","meta":[],"product_brand":[],"product_cat":[4296,4300],"product_tag":[],"class_list":{"0":"post-17013","1":"product","2":"type-product","3":"status-publish","4":"has-post-thumbnail","6":"product_cat-fiting","7":"product_cat-mesacki-ventili","9":"first","10":"instock","11":"purchasable","12":"product-type-simple"},"_links":{"self":[{"href":"https:\/\/hidroterm.dmcsrbija.com\/ru\/wp-json\/wp\/v2\/product\/17013","targetHints":{"allow":["GET"]}}],"collection":[{"href":"https:\/\/hidroterm.dmcsrbija.com\/ru\/wp-json\/wp\/v2\/product"}],"about":[{"href":"https:\/\/hidroterm.dmcsrbija.com\/ru\/wp-json\/wp\/v2\/types\/product"}],"wp:featuredmedia":[{"embeddable":true,"href":"https:\/\/hidroterm.dmcsrbija.com\/ru\/wp-json\/wp\/v2\/media\/17014"}],"wp:attachment":[{"href":"https:\/\/hidroterm.dmcsrbija.com\/ru\/wp-json\/wp\/v2\/media?parent=17013"}],"wp:term":[{"taxonomy":"product_brand","embeddable":true,"href":"https:\/\/hidroterm.dmcsrbija.com\/ru\/wp-json\/wp\/v2\/product_brand?post=17013"},{"taxonomy":"product_cat","embeddable":true,"href":"https:\/\/hidroterm.dmcsrbija.com\/ru\/wp-json\/wp\/v2\/product_cat?post=17013"},{"taxonomy":"product_tag","embeddable":true,"href":"https:\/\/hidroterm.dmcsrbija.com\/ru\/wp-json\/wp\/v2\/product_tag?post=17013"}],"curies":[{"name":"wp","href":"https:\/\/api.w.org\/{rel}","templated":true}]}}