{"id":17011,"date":"2025-07-15T11:03:31","date_gmt":"2025-07-15T09:03:31","guid":{"rendered":"https:\/\/foxit-technology.com\/proizvod\/vrh-za-vilpra-dimnjake\/"},"modified":"2025-10-10T08:57:58","modified_gmt":"2025-10-10T06:57:58","slug":"vrh-za-vilpra-dimnjake","status":"publish","type":"product","link":"https:\/\/hidroterm.dmcsrbija.com\/ru\/proizvod\/vrh-za-vilpra-dimnjake\/","title":{"rendered":"Vrh za Vilpra dimnjake"},"content":{"rendered":"<h2>Vrh za Vilpra dimnjake<\/h2>\n<p data-start=\"1411\" data-end=\"1692\"><strong data-start=\"1411\" data-end=\"1437\">Vrh za Vilpra dimnjake<\/strong> predstavlja zavr\u0161ni, za\u0161titni element svakog dimnja\u010dkog sistema. Izra\u0111en od ner\u0111aju\u0107eg \u010delika visoke otpornosti, ovaj vrh \u0161titi dimnjak od spolja\u0161njih uticaja kao \u0161to su ki\u0161a, sneg, li\u0161\u0107e i prljav\u0161tina, produ\u017eavaju\u0107i njegov vek trajanja i funkcionalnost.<\/p>\n<p data-start=\"1694\" data-end=\"1863\">Savr\u0161en je za upotrebu uz <strong data-start=\"1720\" data-end=\"1749\">Vilpra monta\u017ene dimnjake<\/strong>, ali zahvaljuju\u0107i standardnim dimenzijama i kvalitetnoj izradi, mo\u017ee se koristiti i na drugim sistemima dimnjaka.<\/p>\n<h3 data-start=\"1694\" data-end=\"1863\">Karakteristike i <span style=\"font-size: 16px;\">Prednosti<\/span><\/h3>\n<ul>\n<li>Efikasan odvod dimnih gasova<\/li>\n<li>Jednostavna monta\u017ea<\/li>\n<li>Dugotrajnost i otpornost<\/li>\n<li>Dostupni modeli za razli\u010dite dimenzije dimnjaka &#8211; 130,160, 200 mm<\/li>\n<li>Kompatibilnost sa ostalim Vilpra elementima<\/li>\n<li>Bezbednost \u2013 spre\u010dava smetnje u protoku dima i kondenzaciju<\/li>\n<\/ul>\n<h3><\/h3>\n<p>Ovaj vrh je idealan za sve tipove dimnjaka i doprinosi boljoj efikasnosti grejanja. Svojim dizajnom omogu\u0107ava lak\u0161u ventilaciju, \u010dime se smanjuje rizik od zagu\u0161enja dimnjaka.<\/p>","protected":false},"excerpt":{"rendered":"<p>Vrh za Vilpra dimnjake pru\u017ea efikasan odvod dimnih gasova. Izra\u0111en od nehr\u0111aju\u0107eg \u010delika, otporan je na visoke temperature.<\/p>","protected":false},"featured_media":21450,"template":"","meta":[],"product_brand":[4303],"product_cat":[4304,4305],"product_tag":[],"class_list":{"0":"post-17011","1":"product","2":"type-product","3":"status-publish","4":"has-post-thumbnail","6":"product_brand-vilpra","7":"product_cat-dimnjaci","8":"product_cat-pojedinacni-elementi-za-montazne-dimnjake","10":"first","11":"instock","12":"purchasable","13":"product-type-variable"},"_links":{"self":[{"href":"https:\/\/hidroterm.dmcsrbija.com\/ru\/wp-json\/wp\/v2\/product\/17011","targetHints":{"allow":["GET"]}}],"collection":[{"href":"https:\/\/hidroterm.dmcsrbija.com\/ru\/wp-json\/wp\/v2\/product"}],"about":[{"href":"https:\/\/hidroterm.dmcsrbija.com\/ru\/wp-json\/wp\/v2\/types\/product"}],"wp:featuredmedia":[{"embeddable":true,"href":"https:\/\/hidroterm.dmcsrbija.com\/ru\/wp-json\/wp\/v2\/media\/21450"}],"wp:attachment":[{"href":"https:\/\/hidroterm.dmcsrbija.com\/ru\/wp-json\/wp\/v2\/media?parent=17011"}],"wp:term":[{"taxonomy":"product_brand","embeddable":true,"href":"https:\/\/hidroterm.dmcsrbija.com\/ru\/wp-json\/wp\/v2\/product_brand?post=17011"},{"taxonomy":"product_cat","embeddable":true,"href":"https:\/\/hidroterm.dmcsrbija.com\/ru\/wp-json\/wp\/v2\/product_cat?post=17011"},{"taxonomy":"product_tag","embeddable":true,"href":"https:\/\/hidroterm.dmcsrbija.com\/ru\/wp-json\/wp\/v2\/product_tag?post=17011"}],"curies":[{"name":"wp","href":"https:\/\/api.w.org\/{rel}","templated":true}]}}