{"id":17003,"date":"2025-07-15T11:03:31","date_gmt":"2025-07-15T09:03:31","guid":{"rendered":"https:\/\/foxit-technology.com\/proizvod\/bosch-akumulator-toplote-buffer-bez-izmenjivaca\/"},"modified":"2025-07-15T11:03:37","modified_gmt":"2025-07-15T09:03:37","slug":"bosch-akumulator-toplote-buffer-bez-izmenjivaca","status":"publish","type":"product","link":"https:\/\/hidroterm.dmcsrbija.com\/ru\/proizvod\/bosch-akumulator-toplote-buffer-bez-izmenjivaca\/","title":{"rendered":"Bosch akumulator toplote-buffer bez izmenjiva\u010da"},"content":{"rendered":"<p>Akumulacioni bojleri bez toplotnog izmenjiva\u010da pod niskim pritiskom do 3 bara.Proizvod poznatog nema\u010dkog brenda Bosch, namenjen za sisteme grejanja.<\/p>\n<p>\u010celi\u010dni rezervoar za vodu &#8211; do 1500 lit; emajlirani &#8211; preko 1500 lit<br \/>Visokoefikasna (CFC 50mm) poliuretanska izolacija &#8211; za bojlere do 500 lit, visokoefikasna meka PU 100mm izolacija &#8211; za bojlere preko 500 litara<br \/>Anodna za\u0161tita &#8211; bojleri preko 1500 lit<br \/>Spoljni termoindikator<br \/>Sigurnosni ventil<\/p>","protected":false},"excerpt":{"rendered":"<p>Akumulacioni bojleri bez toplotnog izmenjiva\u010da pod niskim pritiskom do 3 bara.Proizvod poznatog nema\u010dkog brenda Bosch, namenjen za sisteme grejanja. \u010celi\u010dni rezervoar za vodu &#8211; do 1500 lit; emajlirani &#8211; preko 1500 litVisokoefikasna (CFC 50mm) poliuretanska izolacija &#8211; za bojlere do 500 lit, visokoefikasna meka PU 100mm izolacija &#8211; za bojlere preko 500 litaraAnodna za\u0161tita &#8211; [&hellip;]<\/p>\n","protected":false},"featured_media":17004,"template":"","meta":[],"product_brand":[4210],"product_cat":[4267,4259],"product_tag":[],"class_list":{"0":"post-17003","1":"product","2":"type-product","3":"status-publish","4":"has-post-thumbnail","6":"product_brand-bosch","7":"product_cat-akumulatori-toplote","8":"product_cat-bojleri-i-akumulatori-toplote","10":"first","11":"instock","12":"purchasable","13":"product-type-simple"},"_links":{"self":[{"href":"https:\/\/hidroterm.dmcsrbija.com\/ru\/wp-json\/wp\/v2\/product\/17003","targetHints":{"allow":["GET"]}}],"collection":[{"href":"https:\/\/hidroterm.dmcsrbija.com\/ru\/wp-json\/wp\/v2\/product"}],"about":[{"href":"https:\/\/hidroterm.dmcsrbija.com\/ru\/wp-json\/wp\/v2\/types\/product"}],"wp:featuredmedia":[{"embeddable":true,"href":"https:\/\/hidroterm.dmcsrbija.com\/ru\/wp-json\/wp\/v2\/media\/17004"}],"wp:attachment":[{"href":"https:\/\/hidroterm.dmcsrbija.com\/ru\/wp-json\/wp\/v2\/media?parent=17003"}],"wp:term":[{"taxonomy":"product_brand","embeddable":true,"href":"https:\/\/hidroterm.dmcsrbija.com\/ru\/wp-json\/wp\/v2\/product_brand?post=17003"},{"taxonomy":"product_cat","embeddable":true,"href":"https:\/\/hidroterm.dmcsrbija.com\/ru\/wp-json\/wp\/v2\/product_cat?post=17003"},{"taxonomy":"product_tag","embeddable":true,"href":"https:\/\/hidroterm.dmcsrbija.com\/ru\/wp-json\/wp\/v2\/product_tag?post=17003"}],"curies":[{"name":"wp","href":"https:\/\/api.w.org\/{rel}","templated":true}]}}