{"id":17001,"date":"2025-07-15T11:03:31","date_gmt":"2025-07-15T09:03:31","guid":{"rendered":"https:\/\/foxit-technology.com\/proizvod\/bosch-akumulacioni-bojler-sa-2-izmenjivaca\/"},"modified":"2025-07-15T11:03:37","modified_gmt":"2025-07-15T09:03:37","slug":"bosch-akumulacioni-bojler-sa-2-izmenjivaca","status":"publish","type":"product","link":"https:\/\/hidroterm.dmcsrbija.com\/ru\/proizvod\/bosch-akumulacioni-bojler-sa-2-izmenjivaca\/","title":{"rendered":"Bosch akumulacioni bojler sa 2 izmenjiva\u010da"},"content":{"rendered":"<ul class=\"simple\">\n<li>Emajlirani \u010deli\u010dni rezervoar za vodu<\/li>\n<li>Visokoefikasna (CFC 50mm) poliuretanska izolacija &#8211; za bojlere do 500 lit; visokoefikasna meka PU 100mm izolacija &#8211; za bojlere preko 500 litara<\/li>\n<li>Anodna za\u0161tita<\/li>\n<li>Spoljni termoindikator<\/li>\n<li>Sigurnosni ventil<\/li>\n<li>D\u017eep sa senzorom<\/li>\n<li>Recirkulacija<\/li>\n<li>Otvaranje sigurnosnog ventila &#8211; bojleri preko 500 lit<\/li>\n<li>Pristup unutra\u0161njosti rezervoara za vodu preko flan\u0161ne koja se lako skida<\/li>\n<li>Spoljni plasti\u010dni poklopac<\/li>\n<li>Mogu\u0107nost instaliranja grejnog elementa<\/li>\n<\/ul>","protected":false},"excerpt":{"rendered":"<p>Emajlirani \u010deli\u010dni rezervoar za vodu Visokoefikasna (CFC 50mm) poliuretanska izolacija &#8211; za bojlere do 500 lit; visokoefikasna meka PU 100mm izolacija &#8211; za bojlere preko 500 litara Anodna za\u0161tita Spoljni termoindikator Sigurnosni ventil D\u017eep sa senzorom Recirkulacija Otvaranje sigurnosnog ventila &#8211; bojleri preko 500 lit Pristup unutra\u0161njosti rezervoara za vodu preko flan\u0161ne koja se lako [&hellip;]<\/p>\n","protected":false},"featured_media":17002,"template":"","meta":[],"product_brand":[4210],"product_cat":[4259,4264],"product_tag":[],"class_list":{"0":"post-17001","1":"product","2":"type-product","3":"status-publish","4":"has-post-thumbnail","6":"product_brand-bosch","7":"product_cat-bojleri-i-akumulatori-toplote","8":"product_cat-centralni-bojleri","10":"first","11":"instock","12":"purchasable","13":"product-type-simple"},"_links":{"self":[{"href":"https:\/\/hidroterm.dmcsrbija.com\/ru\/wp-json\/wp\/v2\/product\/17001","targetHints":{"allow":["GET"]}}],"collection":[{"href":"https:\/\/hidroterm.dmcsrbija.com\/ru\/wp-json\/wp\/v2\/product"}],"about":[{"href":"https:\/\/hidroterm.dmcsrbija.com\/ru\/wp-json\/wp\/v2\/types\/product"}],"wp:featuredmedia":[{"embeddable":true,"href":"https:\/\/hidroterm.dmcsrbija.com\/ru\/wp-json\/wp\/v2\/media\/17002"}],"wp:attachment":[{"href":"https:\/\/hidroterm.dmcsrbija.com\/ru\/wp-json\/wp\/v2\/media?parent=17001"}],"wp:term":[{"taxonomy":"product_brand","embeddable":true,"href":"https:\/\/hidroterm.dmcsrbija.com\/ru\/wp-json\/wp\/v2\/product_brand?post=17001"},{"taxonomy":"product_cat","embeddable":true,"href":"https:\/\/hidroterm.dmcsrbija.com\/ru\/wp-json\/wp\/v2\/product_cat?post=17001"},{"taxonomy":"product_tag","embeddable":true,"href":"https:\/\/hidroterm.dmcsrbija.com\/ru\/wp-json\/wp\/v2\/product_tag?post=17001"}],"curies":[{"name":"wp","href":"https:\/\/api.w.org\/{rel}","templated":true}]}}