{"id":16999,"date":"2025-07-15T11:03:31","date_gmt":"2025-07-15T09:03:31","guid":{"rendered":"https:\/\/foxit-technology.com\/proizvod\/termorad-bojler-stojeci-bt-120l-s-ib-21\/"},"modified":"2025-07-15T11:03:36","modified_gmt":"2025-07-15T09:03:36","slug":"termorad-bojler-stojeci-bt-120l-s-ib-21","status":"publish","type":"product","link":"https:\/\/hidroterm.dmcsrbija.com\/ru\/proizvod\/termorad-bojler-stojeci-bt-120l-s-ib-21\/","title":{"rendered":"Termorad Bojler stoje\u0107i BT 120L S IB-21"},"content":{"rendered":"<p>Bojler Termorad Prohrom stoje\u0107i je izra\u0111en od ner\u0111aju\u0107eg \u010delika i predstavlja idealno re\u0161enje za skladi\u0161tenje vode. Prohromski materijal je fiziolo\u0161ki neutralan,hemijski ne reaguje sa vodom a samim tim doprinosi o\u010duvanju njenog kvaliteta. Bojleri sa kazanom ove vrste doprine\u0107e o\u010duvanju va\u0161eg zdravlja. Primenom savremenih tehnologija na polju termi\u010dke izolacije i upotrebom poliuretanske pene uspeli smo da gubitke u toplotnoj energiji svedemo na minimum a samim tim pove\u0107amo u\u0161tedu elektri\u010dne energije.<\/p>","protected":false},"excerpt":{"rendered":"<p>Bojler Termorad Prohrom stoje\u0107i je izra\u0111en od ner\u0111aju\u0107eg \u010delika i predstavlja idealno re\u0161enje za skladi\u0161tenje vode. Prohromski materijal je fiziolo\u0161ki neutralan,hemijski ne reaguje sa vodom a samim tim doprinosi o\u010duvanju njenog kvaliteta. Bojleri sa kazanom ove vrste doprine\u0107e o\u010duvanju va\u0161eg zdravlja. Primenom savremenih tehnologija na polju termi\u010dke izolacije i upotrebom poliuretanske pene uspeli smo da [&hellip;]<\/p>\n","protected":false},"featured_media":17000,"template":"","meta":[],"product_brand":[4262],"product_cat":[4259,4264],"product_tag":[],"class_list":{"0":"post-16999","1":"product","2":"type-product","3":"status-publish","4":"has-post-thumbnail","6":"product_brand-termorad","7":"product_cat-bojleri-i-akumulatori-toplote","8":"product_cat-centralni-bojleri","10":"first","11":"instock","12":"purchasable","13":"product-type-simple"},"_links":{"self":[{"href":"https:\/\/hidroterm.dmcsrbija.com\/ru\/wp-json\/wp\/v2\/product\/16999","targetHints":{"allow":["GET"]}}],"collection":[{"href":"https:\/\/hidroterm.dmcsrbija.com\/ru\/wp-json\/wp\/v2\/product"}],"about":[{"href":"https:\/\/hidroterm.dmcsrbija.com\/ru\/wp-json\/wp\/v2\/types\/product"}],"wp:featuredmedia":[{"embeddable":true,"href":"https:\/\/hidroterm.dmcsrbija.com\/ru\/wp-json\/wp\/v2\/media\/17000"}],"wp:attachment":[{"href":"https:\/\/hidroterm.dmcsrbija.com\/ru\/wp-json\/wp\/v2\/media?parent=16999"}],"wp:term":[{"taxonomy":"product_brand","embeddable":true,"href":"https:\/\/hidroterm.dmcsrbija.com\/ru\/wp-json\/wp\/v2\/product_brand?post=16999"},{"taxonomy":"product_cat","embeddable":true,"href":"https:\/\/hidroterm.dmcsrbija.com\/ru\/wp-json\/wp\/v2\/product_cat?post=16999"},{"taxonomy":"product_tag","embeddable":true,"href":"https:\/\/hidroterm.dmcsrbija.com\/ru\/wp-json\/wp\/v2\/product_tag?post=16999"}],"curies":[{"name":"wp","href":"https:\/\/api.w.org\/{rel}","templated":true}]}}