{"id":16993,"date":"2025-07-15T11:03:31","date_gmt":"2025-07-15T09:03:31","guid":{"rendered":"https:\/\/foxit-technology.com\/proizvod\/bojler-tesy-sa-ii-izmenjivaca-bez-el-grejaca\/"},"modified":"2025-07-15T11:03:35","modified_gmt":"2025-07-15T09:03:35","slug":"bojler-tesy-sa-ii-izmenjivaca-bez-el-grejaca","status":"publish","type":"product","link":"https:\/\/hidroterm.dmcsrbija.com\/ru\/proizvod\/bojler-tesy-sa-ii-izmenjivaca-bez-el-grejaca\/","title":{"rendered":"Bojler Tesy sa II izmenjiva\u010da bez el. greja\u010da"},"content":{"rendered":"<p>\u010celi\u010dni emajlirani bojleri sa (2) izmenjiva\u010da&nbsp;toplote, izolovani sa 100mm mekom PU penom<br \/>Pritisak u bojleru : 9 bar<br \/>Max temperatura : 95\u00b0C<br \/>Dve Mg anode, sigurnosni ventil<br \/>Opciono : monta\u017ea 1 ili 2 elektri\u010dna greja\u010da<br \/>Priklju\u010dci:<\/p>\n<ul>\n<li>sanitarna voda<\/li>\n<li>izmenjiva\u010d donji 6\/4&#8243; ( 2&#8243; )<\/li>\n<li>izmenjiva\u010d gornji 6\/4&#8243; ( 1&#8243; )<\/li>\n<li>sonda termostata 1\/2&#8243; x 2<\/li>\n<li>recirkulacija 3\/4&#8243; ( 6\/4&#8243; )<\/li>\n<\/ul>","protected":false},"excerpt":{"rendered":"<p>\u010celi\u010dni emajlirani bojleri sa (2) izmenjiva\u010da&nbsp;toplote, izolovani sa 100mm mekom PU penomPritisak u bojleru : 9 barMax temperatura : 95\u00b0CDve Mg anode, sigurnosni ventilOpciono : monta\u017ea 1 ili 2 elektri\u010dna greja\u010daPriklju\u010dci: sanitarna voda izmenjiva\u010d donji 6\/4&#8243; ( 2&#8243; ) izmenjiva\u010d gornji 6\/4&#8243; ( 1&#8243; ) sonda termostata 1\/2&#8243; x 2 recirkulacija 3\/4&#8243; ( 6\/4&#8243; )<\/p>","protected":false},"featured_media":16994,"template":"","meta":[],"product_brand":[4347],"product_cat":[4259,4264],"product_tag":[],"class_list":{"0":"post-16993","1":"product","2":"type-product","3":"status-publish","4":"has-post-thumbnail","6":"product_brand-tesy","7":"product_cat-bojleri-i-akumulatori-toplote","8":"product_cat-centralni-bojleri","10":"first","11":"instock","12":"purchasable","13":"product-type-simple"},"_links":{"self":[{"href":"https:\/\/hidroterm.dmcsrbija.com\/ru\/wp-json\/wp\/v2\/product\/16993","targetHints":{"allow":["GET"]}}],"collection":[{"href":"https:\/\/hidroterm.dmcsrbija.com\/ru\/wp-json\/wp\/v2\/product"}],"about":[{"href":"https:\/\/hidroterm.dmcsrbija.com\/ru\/wp-json\/wp\/v2\/types\/product"}],"wp:featuredmedia":[{"embeddable":true,"href":"https:\/\/hidroterm.dmcsrbija.com\/ru\/wp-json\/wp\/v2\/media\/16994"}],"wp:attachment":[{"href":"https:\/\/hidroterm.dmcsrbija.com\/ru\/wp-json\/wp\/v2\/media?parent=16993"}],"wp:term":[{"taxonomy":"product_brand","embeddable":true,"href":"https:\/\/hidroterm.dmcsrbija.com\/ru\/wp-json\/wp\/v2\/product_brand?post=16993"},{"taxonomy":"product_cat","embeddable":true,"href":"https:\/\/hidroterm.dmcsrbija.com\/ru\/wp-json\/wp\/v2\/product_cat?post=16993"},{"taxonomy":"product_tag","embeddable":true,"href":"https:\/\/hidroterm.dmcsrbija.com\/ru\/wp-json\/wp\/v2\/product_tag?post=16993"}],"curies":[{"name":"wp","href":"https:\/\/api.w.org\/{rel}","templated":true}]}}