{"id":16991,"date":"2025-07-15T11:03:31","date_gmt":"2025-07-15T09:03:31","guid":{"rendered":"https:\/\/foxit-technology.com\/proizvod\/bojler-tesy-mod-eco-sa-izmenjivacem\/"},"modified":"2025-07-15T11:03:34","modified_gmt":"2025-07-15T09:03:34","slug":"bojler-tesy-mod-eco-sa-izmenjivacem","status":"publish","type":"product","link":"https:\/\/hidroterm.dmcsrbija.com\/ru\/proizvod\/bojler-tesy-mod-eco-sa-izmenjivacem\/","title":{"rendered":"Bojler Tesy MOD ECO sa izmenjiva\u010dem"},"content":{"rendered":"<p>Energetska klasa B: Najvi\u0161a energetskaklasa u ovoj kategoriji (za modele od 80 l i 100 l)<\/p>\n<p>Bakarni greja\u010d<\/p>\n<p>Ugra\u0111eni izmenjiva\u010d toplote visoke efikasnosti sa integrisanim turbulatorom<\/p>\n<p>Specifi\u010dan dizajn izmenjiva\u010da toplote, koji pobolj\u0161ava zagrevanje celokupne zapremine<\/p>\n<p>Bilight indikator sa: Crvenim svetlom za re\u017eim grejanja, plavim svetlom za re\u017eim spremnosti za upotrebu<\/p>\n<p>Opseg 80 l &#8211; 150 l<\/p>","protected":false},"excerpt":{"rendered":"<p>Energetska klasa B: Najvi\u0161a energetskaklasa u ovoj kategoriji (za modele od 80 l i 100 l) Bakarni greja\u010d Ugra\u0111eni izmenjiva\u010d toplote visoke efikasnosti sa integrisanim turbulatorom Specifi\u010dan dizajn izmenjiva\u010da toplote, koji pobolj\u0161ava zagrevanje celokupne zapremine Bilight indikator sa: Crvenim svetlom za re\u017eim grejanja, plavim svetlom za re\u017eim spremnosti za upotrebu Opseg 80 l &#8211; 150 [&hellip;]<\/p>\n","protected":false},"featured_media":16992,"template":"","meta":[],"product_brand":[4347],"product_cat":[4259,4261,4260],"product_tag":[],"class_list":{"0":"post-16991","1":"product","2":"type-product","3":"status-publish","4":"has-post-thumbnail","6":"product_brand-tesy","7":"product_cat-bojleri-i-akumulatori-toplote","8":"product_cat-bojleri-od-emajla","9":"product_cat-bojleri-za-kuhinju-i-kupatilo","11":"first","12":"instock","13":"purchasable","14":"product-type-simple"},"_links":{"self":[{"href":"https:\/\/hidroterm.dmcsrbija.com\/ru\/wp-json\/wp\/v2\/product\/16991","targetHints":{"allow":["GET"]}}],"collection":[{"href":"https:\/\/hidroterm.dmcsrbija.com\/ru\/wp-json\/wp\/v2\/product"}],"about":[{"href":"https:\/\/hidroterm.dmcsrbija.com\/ru\/wp-json\/wp\/v2\/types\/product"}],"wp:featuredmedia":[{"embeddable":true,"href":"https:\/\/hidroterm.dmcsrbija.com\/ru\/wp-json\/wp\/v2\/media\/16992"}],"wp:attachment":[{"href":"https:\/\/hidroterm.dmcsrbija.com\/ru\/wp-json\/wp\/v2\/media?parent=16991"}],"wp:term":[{"taxonomy":"product_brand","embeddable":true,"href":"https:\/\/hidroterm.dmcsrbija.com\/ru\/wp-json\/wp\/v2\/product_brand?post=16991"},{"taxonomy":"product_cat","embeddable":true,"href":"https:\/\/hidroterm.dmcsrbija.com\/ru\/wp-json\/wp\/v2\/product_cat?post=16991"},{"taxonomy":"product_tag","embeddable":true,"href":"https:\/\/hidroterm.dmcsrbija.com\/ru\/wp-json\/wp\/v2\/product_tag?post=16991"}],"curies":[{"name":"wp","href":"https:\/\/api.w.org\/{rel}","templated":true}]}}