{"id":16987,"date":"2025-07-15T11:03:31","date_gmt":"2025-07-15T09:03:31","guid":{"rendered":"https:\/\/foxit-technology.com\/proizvod\/bojler-tesy-emajl-mod-eco-electronic\/"},"modified":"2025-07-15T11:03:34","modified_gmt":"2025-07-15T09:03:34","slug":"bojler-tesy-emajl-mod-eco-electronic","status":"publish","type":"product","link":"https:\/\/hidroterm.dmcsrbija.com\/ru\/proizvod\/bojler-tesy-emajl-mod-eco-electronic\/","title":{"rendered":"Bojler Tesy Emajl MOD ECO electronic"},"content":{"rendered":"<p>Energetska klasa B: Najvi\u0161a energetska klasa u ovoj kategoriji<\/p>\n<p>\u2022 Kerami\u010dki greja\u010d<\/p>\n<p>\u2022 Za\u0161tita od kamenca<\/p>\n<p>\u2022 Be\u0161uman rad<\/p>\n<p>\u2022 Lako odr\u017eavanje bez ispu\u0161tanja<\/p>\n<p>\u2022 Dva pode\u0161avanja snage<\/p>\n<p>ECO SMART RE\u017dIM sa samoobu\u010davanjem zadodatnu udobnost i manje termi\u010dke gubitke<\/p>\n<p>Kontrolna tabla osetljiva na dodir i LCD displej sakristalno jasnom vizuelizacijom<\/p>\n<p>Opseg 50 l &#8211; 100 l<\/p>","protected":false},"excerpt":{"rendered":"<p>Energetska klasa B: Najvi\u0161a energetska klasa u ovoj kategoriji \u2022 Kerami\u010dki greja\u010d \u2022 Za\u0161tita od kamenca \u2022 Be\u0161uman rad \u2022 Lako odr\u017eavanje bez ispu\u0161tanja \u2022 Dva pode\u0161avanja snage ECO SMART RE\u017dIM sa samoobu\u010davanjem zadodatnu udobnost i manje termi\u010dke gubitke Kontrolna tabla osetljiva na dodir i LCD displej sakristalno jasnom vizuelizacijom Opseg 50 l &#8211; 100 [&hellip;]<\/p>\n","protected":false},"featured_media":16988,"template":"","meta":[],"product_brand":[],"product_cat":[4259,4261,4260],"product_tag":[],"class_list":{"0":"post-16987","1":"product","2":"type-product","3":"status-publish","4":"has-post-thumbnail","6":"product_cat-bojleri-i-akumulatori-toplote","7":"product_cat-bojleri-od-emajla","8":"product_cat-bojleri-za-kuhinju-i-kupatilo","10":"first","11":"instock","12":"purchasable","13":"product-type-simple"},"_links":{"self":[{"href":"https:\/\/hidroterm.dmcsrbija.com\/ru\/wp-json\/wp\/v2\/product\/16987","targetHints":{"allow":["GET"]}}],"collection":[{"href":"https:\/\/hidroterm.dmcsrbija.com\/ru\/wp-json\/wp\/v2\/product"}],"about":[{"href":"https:\/\/hidroterm.dmcsrbija.com\/ru\/wp-json\/wp\/v2\/types\/product"}],"wp:featuredmedia":[{"embeddable":true,"href":"https:\/\/hidroterm.dmcsrbija.com\/ru\/wp-json\/wp\/v2\/media\/16988"}],"wp:attachment":[{"href":"https:\/\/hidroterm.dmcsrbija.com\/ru\/wp-json\/wp\/v2\/media?parent=16987"}],"wp:term":[{"taxonomy":"product_brand","embeddable":true,"href":"https:\/\/hidroterm.dmcsrbija.com\/ru\/wp-json\/wp\/v2\/product_brand?post=16987"},{"taxonomy":"product_cat","embeddable":true,"href":"https:\/\/hidroterm.dmcsrbija.com\/ru\/wp-json\/wp\/v2\/product_cat?post=16987"},{"taxonomy":"product_tag","embeddable":true,"href":"https:\/\/hidroterm.dmcsrbija.com\/ru\/wp-json\/wp\/v2\/product_tag?post=16987"}],"curies":[{"name":"wp","href":"https:\/\/api.w.org\/{rel}","templated":true}]}}