{"id":16985,"date":"2025-07-15T11:03:31","date_gmt":"2025-07-15T09:03:31","guid":{"rendered":"https:\/\/foxit-technology.com\/proizvod\/burnit-bojler-sa-izmenjivacem-bez-el-grejaca\/"},"modified":"2025-07-15T11:03:33","modified_gmt":"2025-07-15T09:03:33","slug":"burnit-bojler-sa-izmenjivacem-bez-el-grejaca","status":"publish","type":"product","link":"https:\/\/hidroterm.dmcsrbija.com\/ru\/proizvod\/burnit-bojler-sa-izmenjivacem-bez-el-grejaca\/","title":{"rendered":"Burnit bojler sa Izmenjiva\u010dem bez el. greja\u010da"},"content":{"rendered":"<div class=\"et_pb_text et_pb_module et_pb_bg_layout_light et_pb_text_align_left pg-title ul-list-icon et_pb_text_3\">\n<div class=\"et_pb_text_inner\">\n<ul>\n<li>Visoko efikasna izolacija i omota\u010d od PVC obojen bojom RAL 9006.<\/li>\n<li>Multipoziciono montiranje senzora temperature.<\/li>\n<li>Antikorozivna za\u0161tita se ostvaruje pomo\u0107u emajlirane izrade rezervoara I anodne za\u0161tite.<\/li>\n<li>Svi izlazi sa unutra\u0161njim navojima.<\/li>\n<li>Jednostavna monta\u017ea.<\/li>\n<li>Revizioni otvor.<\/li>\n<li>Mogu\u0107nost vertikalne ili horizontalne orijentacije.<\/li>\n<li>Izmenjiva\u010di toplote omogu\u0107avaju kori\u0161\u0107enje spoljnih obnovljivih izvora energije, kao \u0161to su solarni sistemi i kotlovi na biomasu.<\/li>\n<li>Opremljeni elektri\u010dnim kompletom nominalne snage 3kW, 4.5kW, 6kW ili 7.5kW.<\/li>\n<li>Komplet SK nije uklju\u010den u cenu bojlera. Posebno se kupuje komplet SK<\/li>\n<\/ul>\n<\/div>\n<\/div>\n<div class=\"et_pb_text et_pb_module et_pb_bg_layout_light et_pb_text_align_left pg-title ul-list-icon et_pb_text_4\">\n<div class=\"et_pb_text_inner\">\n<ul>\n<li>Vertikalni modeli:<br \/>150, 200, 300, 400, 500, 750, 1000, 1500, 2000.<\/li>\n<li>Horizontalni modeli:<br \/>200, 300, 500, 1000, 1500.<\/li>\n<\/ul>\n<\/div>\n<\/div>","protected":false},"excerpt":{"rendered":"<p>Visoko efikasna izolacija i omota\u010d od PVC obojen bojom RAL 9006. Multipoziciono montiranje senzora temperature. Antikorozivna za\u0161tita se ostvaruje pomo\u0107u emajlirane izrade rezervoara I anodne za\u0161tite. Svi izlazi sa unutra\u0161njim navojima. Jednostavna monta\u017ea. Revizioni otvor. Mogu\u0107nost vertikalne ili horizontalne orijentacije. Izmenjiva\u010di toplote omogu\u0107avaju kori\u0161\u0107enje spoljnih obnovljivih izvora energije, kao \u0161to su solarni sistemi i kotlovi [&hellip;]<\/p>\n","protected":false},"featured_media":16986,"template":"","meta":[],"product_brand":[4346],"product_cat":[4259,4264],"product_tag":[],"class_list":{"0":"post-16985","1":"product","2":"type-product","3":"status-publish","4":"has-post-thumbnail","6":"product_brand-sunsystem-burnit","7":"product_cat-bojleri-i-akumulatori-toplote","8":"product_cat-centralni-bojleri","10":"first","11":"instock","12":"purchasable","13":"product-type-simple"},"_links":{"self":[{"href":"https:\/\/hidroterm.dmcsrbija.com\/ru\/wp-json\/wp\/v2\/product\/16985","targetHints":{"allow":["GET"]}}],"collection":[{"href":"https:\/\/hidroterm.dmcsrbija.com\/ru\/wp-json\/wp\/v2\/product"}],"about":[{"href":"https:\/\/hidroterm.dmcsrbija.com\/ru\/wp-json\/wp\/v2\/types\/product"}],"wp:featuredmedia":[{"embeddable":true,"href":"https:\/\/hidroterm.dmcsrbija.com\/ru\/wp-json\/wp\/v2\/media\/16986"}],"wp:attachment":[{"href":"https:\/\/hidroterm.dmcsrbija.com\/ru\/wp-json\/wp\/v2\/media?parent=16985"}],"wp:term":[{"taxonomy":"product_brand","embeddable":true,"href":"https:\/\/hidroterm.dmcsrbija.com\/ru\/wp-json\/wp\/v2\/product_brand?post=16985"},{"taxonomy":"product_cat","embeddable":true,"href":"https:\/\/hidroterm.dmcsrbija.com\/ru\/wp-json\/wp\/v2\/product_cat?post=16985"},{"taxonomy":"product_tag","embeddable":true,"href":"https:\/\/hidroterm.dmcsrbija.com\/ru\/wp-json\/wp\/v2\/product_tag?post=16985"}],"curies":[{"name":"wp","href":"https:\/\/api.w.org\/{rel}","templated":true}]}}