{"id":16983,"date":"2025-07-15T11:03:31","date_gmt":"2025-07-15T09:03:31","guid":{"rendered":"https:\/\/foxit-technology.com\/proizvod\/elektricni-kotao-viessmann-vitotron-100\/"},"modified":"2025-07-15T11:03:32","modified_gmt":"2025-07-15T09:03:32","slug":"elektricni-kotao-viessmann-vitotron-100","status":"publish","type":"product","link":"https:\/\/hidroterm.dmcsrbija.com\/ru\/proizvod\/elektricni-kotao-viessmann-vitotron-100\/","title":{"rendered":"Elektri\u010dni kotao Viessmann Vitotron 100"},"content":{"rendered":"<p style=\"text-align: justify;\">Elektri\u010dni kotao Viessmann Vitotron 100 se mo\u017ee koristiti kao glavno grejno telo u objektu koje se greje, ili kao dopuna postoje\u0107em sistemu grejanja.&nbsp;Elektri\u010dni kotao Viessmann Vitotron se mo\u017ee kombinovati sa rezervoarom centralnog grejanja uz odgovaraju\u0107i modul a takav sistem doprinosi smanjenju tro\u0161kova grejanja.<\/p>","protected":false},"excerpt":{"rendered":"<p>Elektri\u010dni kotao Viessmann Vitotron 100 se mo\u017ee koristiti kao glavno grejno telo u objektu koje se greje, ili kao dopuna postoje\u0107em sistemu grejanja.&nbsp;Elektri\u010dni kotao Viessmann Vitotron se mo\u017ee kombinovati sa rezervoarom centralnog grejanja uz odgovaraju\u0107i modul a takav sistem doprinosi smanjenju tro\u0161kova grejanja.<\/p>","protected":false},"featured_media":16984,"template":"","meta":[],"product_brand":[4227],"product_cat":[4223],"product_tag":[],"class_list":{"0":"post-16983","1":"product","2":"type-product","3":"status-publish","4":"has-post-thumbnail","6":"product_brand-viessmann","7":"product_cat-elektricni-kotlovi","9":"first","10":"instock","11":"purchasable","12":"product-type-simple"},"_links":{"self":[{"href":"https:\/\/hidroterm.dmcsrbija.com\/ru\/wp-json\/wp\/v2\/product\/16983","targetHints":{"allow":["GET"]}}],"collection":[{"href":"https:\/\/hidroterm.dmcsrbija.com\/ru\/wp-json\/wp\/v2\/product"}],"about":[{"href":"https:\/\/hidroterm.dmcsrbija.com\/ru\/wp-json\/wp\/v2\/types\/product"}],"wp:featuredmedia":[{"embeddable":true,"href":"https:\/\/hidroterm.dmcsrbija.com\/ru\/wp-json\/wp\/v2\/media\/16984"}],"wp:attachment":[{"href":"https:\/\/hidroterm.dmcsrbija.com\/ru\/wp-json\/wp\/v2\/media?parent=16983"}],"wp:term":[{"taxonomy":"product_brand","embeddable":true,"href":"https:\/\/hidroterm.dmcsrbija.com\/ru\/wp-json\/wp\/v2\/product_brand?post=16983"},{"taxonomy":"product_cat","embeddable":true,"href":"https:\/\/hidroterm.dmcsrbija.com\/ru\/wp-json\/wp\/v2\/product_cat?post=16983"},{"taxonomy":"product_tag","embeddable":true,"href":"https:\/\/hidroterm.dmcsrbija.com\/ru\/wp-json\/wp\/v2\/product_tag?post=16983"}],"curies":[{"name":"wp","href":"https:\/\/api.w.org\/{rel}","templated":true}]}}