{"id":16981,"date":"2025-07-15T11:03:31","date_gmt":"2025-07-15T09:03:31","guid":{"rendered":"https:\/\/foxit-technology.com\/proizvod\/nosac-ekspanzione-posude\/"},"modified":"2025-07-15T11:03:32","modified_gmt":"2025-07-15T09:03:32","slug":"nosac-ekspanzione-posude","status":"publish","type":"product","link":"https:\/\/hidroterm.dmcsrbija.com\/ru\/proizvod\/nosac-ekspanzione-posude\/","title":{"rendered":"Nosa\u010d ekspanzione posude"},"content":{"rendered":"<p>Nosa\u010d ekspanzione posude. Mo\u017ee biti teleksopski i fiksni.<\/p>","protected":false},"excerpt":{"rendered":"<p>Nosa\u010d ekspanzione posude. Mo\u017ee biti teleksopski i fiksni.<\/p>","protected":false},"featured_media":16982,"template":"","meta":[],"product_brand":[],"product_cat":[4288],"product_tag":[],"class_list":{"0":"post-16981","1":"product","2":"type-product","3":"status-publish","4":"has-post-thumbnail","6":"product_cat-ekspanzione-posude","8":"first","9":"instock","10":"purchasable","11":"product-type-simple"},"_links":{"self":[{"href":"https:\/\/hidroterm.dmcsrbija.com\/ru\/wp-json\/wp\/v2\/product\/16981","targetHints":{"allow":["GET"]}}],"collection":[{"href":"https:\/\/hidroterm.dmcsrbija.com\/ru\/wp-json\/wp\/v2\/product"}],"about":[{"href":"https:\/\/hidroterm.dmcsrbija.com\/ru\/wp-json\/wp\/v2\/types\/product"}],"wp:featuredmedia":[{"embeddable":true,"href":"https:\/\/hidroterm.dmcsrbija.com\/ru\/wp-json\/wp\/v2\/media\/16982"}],"wp:attachment":[{"href":"https:\/\/hidroterm.dmcsrbija.com\/ru\/wp-json\/wp\/v2\/media?parent=16981"}],"wp:term":[{"taxonomy":"product_brand","embeddable":true,"href":"https:\/\/hidroterm.dmcsrbija.com\/ru\/wp-json\/wp\/v2\/product_brand?post=16981"},{"taxonomy":"product_cat","embeddable":true,"href":"https:\/\/hidroterm.dmcsrbija.com\/ru\/wp-json\/wp\/v2\/product_cat?post=16981"},{"taxonomy":"product_tag","embeddable":true,"href":"https:\/\/hidroterm.dmcsrbija.com\/ru\/wp-json\/wp\/v2\/product_tag?post=16981"}],"curies":[{"name":"wp","href":"https:\/\/api.w.org\/{rel}","templated":true}]}}