{"id":16979,"date":"2025-07-15T11:03:31","date_gmt":"2025-07-15T09:03:31","guid":{"rendered":"https:\/\/foxit-technology.com\/proizvod\/usisivac-za-pelet-top-20\/"},"modified":"2025-07-15T11:03:32","modified_gmt":"2025-07-15T09:03:32","slug":"usisivac-za-pelet-top-20","status":"publish","type":"product","link":"https:\/\/hidroterm.dmcsrbija.com\/ru\/proizvod\/usisivac-za-pelet-top-20\/","title":{"rendered":"Usisiva\u010d za pelet Top 20"},"content":{"rendered":"<p>Usisiva\u010di za pelet namenjeni su usisavanju peletne pra\u0161ine i ostataka koji nastaju sagorevanjem peleta.<\/p>\n<p>Model: Top20<\/p>\n<p>Snaga: 900w<\/p>\n<p>Zapremina: 20l<\/p>","protected":false},"excerpt":{"rendered":"<p>Usisiva\u010di za pelet namenjeni su usisavanju peletne pra\u0161ine i ostataka koji nastaju sagorevanjem peleta. Model: Top20 Snaga: 900w Zapremina: 20l<\/p>","protected":false},"featured_media":16980,"template":"","meta":[],"product_brand":[],"product_cat":[4205,4217],"product_tag":[],"class_list":{"0":"post-16979","1":"product","2":"type-product","3":"status-publish","4":"has-post-thumbnail","6":"product_cat-kotlovi-i-kamini-na-pelet","7":"product_cat-oprema-za-odrzavanje-kotlova-na-pelet","9":"first","10":"instock","11":"purchasable","12":"product-type-simple"},"_links":{"self":[{"href":"https:\/\/hidroterm.dmcsrbija.com\/ru\/wp-json\/wp\/v2\/product\/16979","targetHints":{"allow":["GET"]}}],"collection":[{"href":"https:\/\/hidroterm.dmcsrbija.com\/ru\/wp-json\/wp\/v2\/product"}],"about":[{"href":"https:\/\/hidroterm.dmcsrbija.com\/ru\/wp-json\/wp\/v2\/types\/product"}],"wp:featuredmedia":[{"embeddable":true,"href":"https:\/\/hidroterm.dmcsrbija.com\/ru\/wp-json\/wp\/v2\/media\/16980"}],"wp:attachment":[{"href":"https:\/\/hidroterm.dmcsrbija.com\/ru\/wp-json\/wp\/v2\/media?parent=16979"}],"wp:term":[{"taxonomy":"product_brand","embeddable":true,"href":"https:\/\/hidroterm.dmcsrbija.com\/ru\/wp-json\/wp\/v2\/product_brand?post=16979"},{"taxonomy":"product_cat","embeddable":true,"href":"https:\/\/hidroterm.dmcsrbija.com\/ru\/wp-json\/wp\/v2\/product_cat?post=16979"},{"taxonomy":"product_tag","embeddable":true,"href":"https:\/\/hidroterm.dmcsrbija.com\/ru\/wp-json\/wp\/v2\/product_tag?post=16979"}],"curies":[{"name":"wp","href":"https:\/\/api.w.org\/{rel}","templated":true}]}}