{"id":16973,"date":"2025-07-15T11:03:18","date_gmt":"2025-07-15T09:03:18","guid":{"rendered":"https:\/\/foxit-technology.com\/proizvod\/kamin-na-pelet-alfa-plam-dino-27\/"},"modified":"2025-07-17T11:59:43","modified_gmt":"2025-07-17T09:59:43","slug":"kamin-na-pelet-alfa-plam-dino-27","status":"publish","type":"product","link":"https:\/\/hidroterm.dmcsrbija.com\/ru\/proizvod\/kamin-na-pelet-alfa-plam-dino-27\/","title":{"rendered":"Kamin na pelet Alfa Plam Dino 27"},"content":{"rendered":"<p>Pe\u0107 na pelet za eta\u017eno grejanje sa unapre\u0111enim procesom kontrole sagorevanja, odlikuje se visokim stepenom efikasnostii sigurnosti. Pa\u017eljivim uskla\u0111ivanjem dizajna i upotrebom najnovijih tehnologija, postignute su visoke performanse kako bi krajnji korisnici osetili komfor, u\u0161tedu i autonomiju u radu.<\/p>\n<p>Prednosti<\/p>\n<ul>\n<li>Livena vrata lo\u017ei\u0161ta uz pobolj\u0161anu zaptivenost doprinose ve\u0107oj efikasnosti.<\/li>\n<li>Sigurnosna ru\u010dica na vratima lo\u017ei\u0161ta<\/li>\n<li>Komponente neophodne za funkcionisanje sistema za grejanje su fabri\u010dki ugra\u0111ene u proizvod.<\/li>\n<li>Ugra\u0111eni sigurnosni termostati sprecavaju pregrevanje vode u kotlu.<\/li>\n<li>Sistemi za \u010di\u0161\u0107enje dodatno olak\u0161avaju odr\u017eavanje pe\u0107i omogu\u0107avaju pouzdano funkcionisanje.<\/li>\n<li>Nedeljno programiranje rada pe\u0107i na 5 nivoa snage.<\/li>\n<li>Napredna elektronika i prate\u0107e komponente omogu\u0107avaju kontrolisani proces sagorevanja i prilago\u0111avanje rada pe\u0107i kvalitetu peleta i promaji u dimnjaku.<\/li>\n<li>Najsavremeniji LCD Touch Panel.<\/li>\n<li>Mogu\u0107nost zagrevanja sanitarne vode (u bojleru) i priklju\u010divanja na sistem za podno grejanje.<\/li>\n<li>Daljinsko upravljanje pomo\u0107u android i iOS aplikacije (opcija).<\/li>\n<\/ul>","protected":false},"excerpt":{"rendered":"<p>Pe\u0107 na pelet za eta\u017eno grejanje sa unapre\u0111enim procesom kontrole sagorevanja, odlikuje se visokim stepenom efikasnostii sigurnosti. Pa\u017eljivim uskla\u0111ivanjem dizajna i upotrebom najnovijih tehnologija, postignute su visoke performanse kako bi krajnji korisnici osetili komfor, u\u0161tedu i autonomiju u radu. Prednosti Livena vrata lo\u017ei\u0161ta uz pobolj\u0161anu zaptivenost doprinose ve\u0107oj efikasnosti. Sigurnosna ru\u010dica na vratima lo\u017ei\u0161ta Komponente [&hellip;]<\/p>\n","protected":false},"featured_media":16974,"template":"","meta":[],"product_brand":[4202],"product_cat":[4208,4205],"product_tag":[],"class_list":{"0":"post-16973","1":"product","2":"type-product","3":"status-publish","4":"has-post-thumbnail","6":"product_brand-alfa-plam","7":"product_cat-kotlovi-i-kamini-na-pelet-kotlovi-i-kamini-na-pelet","8":"product_cat-kotlovi-i-kamini-na-pelet","10":"first","11":"instock","12":"purchasable","13":"product-type-simple"},"_links":{"self":[{"href":"https:\/\/hidroterm.dmcsrbija.com\/ru\/wp-json\/wp\/v2\/product\/16973","targetHints":{"allow":["GET"]}}],"collection":[{"href":"https:\/\/hidroterm.dmcsrbija.com\/ru\/wp-json\/wp\/v2\/product"}],"about":[{"href":"https:\/\/hidroterm.dmcsrbija.com\/ru\/wp-json\/wp\/v2\/types\/product"}],"wp:featuredmedia":[{"embeddable":true,"href":"https:\/\/hidroterm.dmcsrbija.com\/ru\/wp-json\/wp\/v2\/media\/16974"}],"wp:attachment":[{"href":"https:\/\/hidroterm.dmcsrbija.com\/ru\/wp-json\/wp\/v2\/media?parent=16973"}],"wp:term":[{"taxonomy":"product_brand","embeddable":true,"href":"https:\/\/hidroterm.dmcsrbija.com\/ru\/wp-json\/wp\/v2\/product_brand?post=16973"},{"taxonomy":"product_cat","embeddable":true,"href":"https:\/\/hidroterm.dmcsrbija.com\/ru\/wp-json\/wp\/v2\/product_cat?post=16973"},{"taxonomy":"product_tag","embeddable":true,"href":"https:\/\/hidroterm.dmcsrbija.com\/ru\/wp-json\/wp\/v2\/product_tag?post=16973"}],"curies":[{"name":"wp","href":"https:\/\/api.w.org\/{rel}","templated":true}]}}