{"id":16969,"date":"2025-07-15T11:03:18","date_gmt":"2025-07-15T09:03:18","guid":{"rendered":"https:\/\/foxit-technology.com\/proizvod\/kotao-na-pelet-radijator-kraljevo-eco-flame\/"},"modified":"2025-10-11T08:49:31","modified_gmt":"2025-10-11T06:49:31","slug":"kotao-na-pelet-radijator-kraljevo-eco-flame","status":"publish","type":"product","link":"https:\/\/hidroterm.dmcsrbija.com\/ru\/proizvod\/kotao-na-pelet-radijator-kraljevo-eco-flame\/","title":{"rendered":"Kotao na pelet Radijator Kraljevo Eco Flame"},"content":{"rendered":"<p style=\"text-align: justify;\">Kotlovi na pelet EcoFlame su kotlovi na pelet najnovije tehnologije i proizvodnje. Odlikuju se po veoma visokom stepenu iskori\u0161\u0107enja i izuzetno niskoj potro\u0161nji.\u00a0Prvi kompaktni kotao na pelet sa revolucionarnim vulkanskim lo\u017ei\u0161tem.\u00a0Novi model objedinjuje najsavremenija re\u0161enja koja omogu\u0107avaju stepen iskori\u0161\u0107enja energije od preko 92% \u0161to ga \u010dini vode\u0107im u svojoj klasi i najboljim u odnosu cena &#8211; kvalitet. Vrhunska tehnologija sme\u0161tena u vrlo male spolja\u0161nje dimenzije \u010dini ovaj kotao savr\u0161enim za ku\u0107e i objekte koji imaju ograni\u010den prostor za postrojenja!<\/p>\n<div class=\"text_exposed_show\">\n<p>Karakteristike:<br \/>\n\u2022 Kompaktan, malih dimenzija<br \/>\n\u2022 Izuzetno lagan (375kg)<br \/>\n\u2022 Potpuno automatsko upravljanje<br \/>\n\u2022 \u010ci\u0161\u0107enje jednim potezom poluge<\/p>\n<\/div>","protected":false},"excerpt":{"rendered":"<p>Kotlovi na pelet EcoFlame su kotlovi na pelet najnovije tehnologije i proizvodnje. Odlikuju se po veoma visokom stepenu iskori\u0161\u0107enja i izuzetno niskoj potro\u0161nji.\u00a0Prvi kompaktni kotao na pelet sa revolucionarnim vulkanskim lo\u017ei\u0161tem.\u00a0Novi model objedinjuje najsavremenija re\u0161enja koja omogu\u0107avaju stepen iskori\u0161\u0107enja energije od preko 92% \u0161to ga \u010dini vode\u0107im u svojoj klasi i najboljim u odnosu cena [&hellip;]<\/p>\n","protected":false},"featured_media":16970,"template":"","meta":[],"product_brand":[4197],"product_cat":[4205,4917],"product_tag":[],"class_list":{"0":"post-16969","1":"product","2":"type-product","3":"status-publish","4":"has-post-thumbnail","6":"product_brand-radijator-kraljevo","7":"product_cat-kotlovi-i-kamini-na-pelet","8":"product_cat-kotlovi-na-pelet","10":"first","11":"instock","12":"purchasable","13":"product-type-simple"},"_links":{"self":[{"href":"https:\/\/hidroterm.dmcsrbija.com\/ru\/wp-json\/wp\/v2\/product\/16969","targetHints":{"allow":["GET"]}}],"collection":[{"href":"https:\/\/hidroterm.dmcsrbija.com\/ru\/wp-json\/wp\/v2\/product"}],"about":[{"href":"https:\/\/hidroterm.dmcsrbija.com\/ru\/wp-json\/wp\/v2\/types\/product"}],"wp:featuredmedia":[{"embeddable":true,"href":"https:\/\/hidroterm.dmcsrbija.com\/ru\/wp-json\/wp\/v2\/media\/16970"}],"wp:attachment":[{"href":"https:\/\/hidroterm.dmcsrbija.com\/ru\/wp-json\/wp\/v2\/media?parent=16969"}],"wp:term":[{"taxonomy":"product_brand","embeddable":true,"href":"https:\/\/hidroterm.dmcsrbija.com\/ru\/wp-json\/wp\/v2\/product_brand?post=16969"},{"taxonomy":"product_cat","embeddable":true,"href":"https:\/\/hidroterm.dmcsrbija.com\/ru\/wp-json\/wp\/v2\/product_cat?post=16969"},{"taxonomy":"product_tag","embeddable":true,"href":"https:\/\/hidroterm.dmcsrbija.com\/ru\/wp-json\/wp\/v2\/product_tag?post=16969"}],"curies":[{"name":"wp","href":"https:\/\/api.w.org\/{rel}","templated":true}]}}