{"id":16967,"date":"2025-07-15T11:03:18","date_gmt":"2025-07-15T09:03:18","guid":{"rendered":"https:\/\/foxit-technology.com\/proizvod\/kotao-na-biomasu-radijator-kraljevo-eco-comfort\/"},"modified":"2025-10-11T08:49:40","modified_gmt":"2025-10-11T06:49:40","slug":"kotao-na-biomasu-radijator-kraljevo-eco-comfort","status":"publish","type":"product","link":"https:\/\/hidroterm.dmcsrbija.com\/ru\/proizvod\/kotao-na-biomasu-radijator-kraljevo-eco-comfort\/","title":{"rendered":"Kotao na biomasu Radijator Kraljevo Eco Comfort"},"content":{"rendered":"<p style=\"text-align: justify;\">Kotlovi na biomasu serije Eco Comfort 25, 35 i 45 razvijeni su sa ciljem da \u201eRadijator In\u017einjering&#8221; ponudi tr\u017ei\u0161tu kotao koji je po svojim mehani\u010dkim i termi\u010dkim osobinama izrazito namenjen biomasi kao gorivu.\u00a0Pri normalnim re\u017eimima temperatura dimnih gasova na izlazu je oko 170\u00b0C, a pri maksimalnim re\u017eimima je ispod 210\u00b0C. Ove vrednosti mogu u svakom trenutku da se o\u010ditaju na displeju. Kotlovi na biomasu serije Eco Comfort poseduju bakarni izmenjiva\u010d za priklju\u010divanje ventilatora za termi\u010dko osiguranje. Svi delovi vodenog dela kotla izra\u0111eni su od be\u0161avnih cevi i kotlovskih limova debljine 4mm i vi\u0161e, u zavisnosti od snage kotla. Samo lo\u017ei\u0161te je napravljeno od masivnih izolacijskih materijala i sivog liva. Kotlovi na biomasu serije Eco Comfort se proizvode se u dve varijante snage. Eco Comfort 25 pokriva opseg snaga od 15 do 25 kW, Eco Comfort 35 od 25 do 35 kW,\u00a0a Eco Comfort 45 je u opsegu 30 do 42 kW.<\/p>","protected":false},"excerpt":{"rendered":"<p>Kotlovi na biomasu serije Eco Comfort 25, 35 i 45 razvijeni su sa ciljem da \u201eRadijator In\u017einjering&#8221; ponudi tr\u017ei\u0161tu kotao koji je po svojim mehani\u010dkim i termi\u010dkim osobinama izrazito namenjen biomasi kao gorivu.\u00a0Pri normalnim re\u017eimima temperatura dimnih gasova na izlazu je oko 170\u00b0C, a pri maksimalnim re\u017eimima je ispod 210\u00b0C. Ove vrednosti mogu u svakom [&hellip;]<\/p>\n","protected":false},"featured_media":16968,"template":"","meta":[],"product_brand":[4197],"product_cat":[4205,4917],"product_tag":[],"class_list":{"0":"post-16967","1":"product","2":"type-product","3":"status-publish","4":"has-post-thumbnail","6":"product_brand-radijator-kraljevo","7":"product_cat-kotlovi-i-kamini-na-pelet","8":"product_cat-kotlovi-na-pelet","10":"first","11":"instock","12":"purchasable","13":"product-type-simple"},"_links":{"self":[{"href":"https:\/\/hidroterm.dmcsrbija.com\/ru\/wp-json\/wp\/v2\/product\/16967","targetHints":{"allow":["GET"]}}],"collection":[{"href":"https:\/\/hidroterm.dmcsrbija.com\/ru\/wp-json\/wp\/v2\/product"}],"about":[{"href":"https:\/\/hidroterm.dmcsrbija.com\/ru\/wp-json\/wp\/v2\/types\/product"}],"wp:featuredmedia":[{"embeddable":true,"href":"https:\/\/hidroterm.dmcsrbija.com\/ru\/wp-json\/wp\/v2\/media\/16968"}],"wp:attachment":[{"href":"https:\/\/hidroterm.dmcsrbija.com\/ru\/wp-json\/wp\/v2\/media?parent=16967"}],"wp:term":[{"taxonomy":"product_brand","embeddable":true,"href":"https:\/\/hidroterm.dmcsrbija.com\/ru\/wp-json\/wp\/v2\/product_brand?post=16967"},{"taxonomy":"product_cat","embeddable":true,"href":"https:\/\/hidroterm.dmcsrbija.com\/ru\/wp-json\/wp\/v2\/product_cat?post=16967"},{"taxonomy":"product_tag","embeddable":true,"href":"https:\/\/hidroterm.dmcsrbija.com\/ru\/wp-json\/wp\/v2\/product_tag?post=16967"}],"curies":[{"name":"wp","href":"https:\/\/api.w.org\/{rel}","templated":true}]}}