{"id":16957,"date":"2025-07-15T11:03:18","date_gmt":"2025-07-15T09:03:18","guid":{"rendered":"https:\/\/foxit-technology.com\/proizvod\/elektromotor-first-euromix-mv120-540\/"},"modified":"2025-07-15T11:03:23","modified_gmt":"2025-07-15T09:03:23","slug":"elektromotor-first-euromix-mv120-540","status":"publish","type":"product","link":"https:\/\/hidroterm.dmcsrbija.com\/ru\/proizvod\/elektromotor-first-euromix-mv120-540\/","title":{"rendered":"Elektromotor First Euromix MV120\/540"},"content":{"rendered":"<p>Serijski upravlja\u010dki motor serije MV 120..540 dizajniran je za upravljanje trokrakim i \u010detvorokrakim ventilima od 1\/2 &#8220;do 1 1\/4&#8221;. Na zahtev sa opcionim adapterima moguc\u0301e je montirati na me\u0161a\u010de drugih proizvo\u0111a\u010da. Pogon je reverzibilan, omoguc\u0301ava mu da se okrec\u0301e ulevo i udesno. Ugao rotacije odre\u0111uje se pomoc\u0301u ugra\u0111enih grani\u010dnih sklopki (fiksnih 90 \u00b0).&nbsp; Aktuator se vrlo lako montira na me\u0161alni ventil &#8211; aktuator se lako montira na Rotomik me\u0161ajuc\u0301i ventil. Otvaranje ventila za me\u0161anje mo\u017eete ru\u010dno podesiti pomoc\u0301u dugmeta na poklopcu.<\/p>","protected":false},"excerpt":{"rendered":"<p>Serijski upravlja\u010dki motor serije MV 120..540 dizajniran je za upravljanje trokrakim i \u010detvorokrakim ventilima od 1\/2 &#8220;do 1 1\/4&#8221;. Na zahtev sa opcionim adapterima moguc\u0301e je montirati na me\u0161a\u010de drugih proizvo\u0111a\u010da. Pogon je reverzibilan, omoguc\u0301ava mu da se okrec\u0301e ulevo i udesno. Ugao rotacije odre\u0111uje se pomoc\u0301u ugra\u0111enih grani\u010dnih sklopki (fiksnih 90 \u00b0).&nbsp; Aktuator se [&hellip;]<\/p>\n","protected":false},"featured_media":16958,"template":"","meta":[],"product_brand":[4345],"product_cat":[4299],"product_tag":[],"class_list":{"0":"post-16957","1":"product","2":"type-product","3":"status-publish","4":"has-post-thumbnail","6":"product_brand-first","7":"product_cat-armatura","9":"first","10":"instock","11":"purchasable","12":"product-type-simple"},"_links":{"self":[{"href":"https:\/\/hidroterm.dmcsrbija.com\/ru\/wp-json\/wp\/v2\/product\/16957","targetHints":{"allow":["GET"]}}],"collection":[{"href":"https:\/\/hidroterm.dmcsrbija.com\/ru\/wp-json\/wp\/v2\/product"}],"about":[{"href":"https:\/\/hidroterm.dmcsrbija.com\/ru\/wp-json\/wp\/v2\/types\/product"}],"wp:featuredmedia":[{"embeddable":true,"href":"https:\/\/hidroterm.dmcsrbija.com\/ru\/wp-json\/wp\/v2\/media\/16958"}],"wp:attachment":[{"href":"https:\/\/hidroterm.dmcsrbija.com\/ru\/wp-json\/wp\/v2\/media?parent=16957"}],"wp:term":[{"taxonomy":"product_brand","embeddable":true,"href":"https:\/\/hidroterm.dmcsrbija.com\/ru\/wp-json\/wp\/v2\/product_brand?post=16957"},{"taxonomy":"product_cat","embeddable":true,"href":"https:\/\/hidroterm.dmcsrbija.com\/ru\/wp-json\/wp\/v2\/product_cat?post=16957"},{"taxonomy":"product_tag","embeddable":true,"href":"https:\/\/hidroterm.dmcsrbija.com\/ru\/wp-json\/wp\/v2\/product_tag?post=16957"}],"curies":[{"name":"wp","href":"https:\/\/api.w.org\/{rel}","templated":true}]}}