{"id":16947,"date":"2025-07-15T11:03:18","date_gmt":"2025-07-15T09:03:18","guid":{"rendered":"https:\/\/foxit-technology.com\/proizvod\/solarni-kolektor-za-grejanje-bazene\/"},"modified":"2025-07-15T11:03:21","modified_gmt":"2025-07-15T09:03:21","slug":"solarni-kolektor-za-grejanje-bazene","status":"publish","type":"product","link":"https:\/\/hidroterm.dmcsrbija.com\/ru\/proizvod\/solarni-kolektor-za-grejanje-bazene\/","title":{"rendered":"Solarni kolektor za grejanje\/bazene"},"content":{"rendered":"<p>NOVO &#8211; Kolektori za bazene &#8211; sa premazom sa unutra\u0161nje strane bakarnih cevi &#8211; novost na srpskom tr\u017ei\u0161tu<\/p>\n<p>&nbsp;<\/p>\n<p>\u2022 Kolektori za bazene &#8211; hlorisanu vodu mogu\u0107e pu\u0161tati direktno kroz kolektore &#8211; izmenjiva\u010d nije potreban!<br \/>Prevlaka trpi od 0.1 &#8211; 0.5 % hlora, i Ph od 5.5 do 8.<br \/>\u2022 Otvoreni bazen jedan kolektor od 2.0m2 &#8211; 7-8 m3 od Aprila do Septembra sa target temperaturom bazenske vode od 28 \u00b0C<br \/>\u2022 Zatvoreni bazen jedan kolektor od 2.0m2 &#8211; 5-6 m3 tokom cele godine sa target temperaturom bazenske vode od 28 \u00b0C<\/p>","protected":false},"excerpt":{"rendered":"<p>NOVO &#8211; Kolektori za bazene &#8211; sa premazom sa unutra\u0161nje strane bakarnih cevi &#8211; novost na srpskom tr\u017ei\u0161tu &nbsp; \u2022 Kolektori za bazene &#8211; hlorisanu vodu mogu\u0107e pu\u0161tati direktno kroz kolektore &#8211; izmenjiva\u010d nije potreban!Prevlaka trpi od 0.1 &#8211; 0.5 % hlora, i Ph od 5.5 do 8.\u2022 Otvoreni bazen jedan kolektor od 2.0m2 &#8211; [&hellip;]<\/p>\n","protected":false},"featured_media":16948,"template":"","meta":[],"product_brand":[4256],"product_cat":[4253,4254],"product_tag":[],"class_list":{"0":"post-16947","1":"product","2":"type-product","3":"status-publish","4":"has-post-thumbnail","6":"product_brand-camel","7":"product_cat-solarni-kolektori","8":"product_cat-solarni-kolektori-solarni-kolektori","10":"first","11":"instock","12":"purchasable","13":"product-type-simple"},"_links":{"self":[{"href":"https:\/\/hidroterm.dmcsrbija.com\/ru\/wp-json\/wp\/v2\/product\/16947","targetHints":{"allow":["GET"]}}],"collection":[{"href":"https:\/\/hidroterm.dmcsrbija.com\/ru\/wp-json\/wp\/v2\/product"}],"about":[{"href":"https:\/\/hidroterm.dmcsrbija.com\/ru\/wp-json\/wp\/v2\/types\/product"}],"wp:featuredmedia":[{"embeddable":true,"href":"https:\/\/hidroterm.dmcsrbija.com\/ru\/wp-json\/wp\/v2\/media\/16948"}],"wp:attachment":[{"href":"https:\/\/hidroterm.dmcsrbija.com\/ru\/wp-json\/wp\/v2\/media?parent=16947"}],"wp:term":[{"taxonomy":"product_brand","embeddable":true,"href":"https:\/\/hidroterm.dmcsrbija.com\/ru\/wp-json\/wp\/v2\/product_brand?post=16947"},{"taxonomy":"product_cat","embeddable":true,"href":"https:\/\/hidroterm.dmcsrbija.com\/ru\/wp-json\/wp\/v2\/product_cat?post=16947"},{"taxonomy":"product_tag","embeddable":true,"href":"https:\/\/hidroterm.dmcsrbija.com\/ru\/wp-json\/wp\/v2\/product_tag?post=16947"}],"curies":[{"name":"wp","href":"https:\/\/api.w.org\/{rel}","templated":true}]}}