{"id":16937,"date":"2025-07-15T11:03:18","date_gmt":"2025-07-15T09:03:18","guid":{"rendered":"https:\/\/foxit-technology.com\/proizvod\/toplotna-pumpe-mitsubishi-ecodan-spoljna-jedinica\/"},"modified":"2025-07-15T11:03:18","modified_gmt":"2025-07-15T09:03:18","slug":"toplotna-pumpe-mitsubishi-ecodan-spoljna-jedinica","status":"publish","type":"product","link":"https:\/\/hidroterm.dmcsrbija.com\/ru\/proizvod\/toplotna-pumpe-mitsubishi-ecodan-spoljna-jedinica\/","title":{"rendered":"Toplotna pumpe Mitsubishi Ecodan spoljna jedinica"},"content":{"rendered":"<p>Mitsubishi Ecodan&nbsp;je jedinstveno re\u0161enje toplotne pumpe vazduh voda koje mo\u017ee objediniti grejanje, hla\u0111enje i snabdevanje toplom sanitarnom vodom. Idealno je re\u0161enje za nove objekte u izgradnji, zelene zgrade, ali i kao re\u0161enje za zamenu ve\u0107 postoje\u0107ih sistema grejanja&nbsp;u cilju drasti\u010dnog smanjenja tro\u0161kova eksploatacije, bez kori\u0161\u0107enja elektro greja\u010da.&nbsp;Prednosti koje pru\u017ea Ecodan sistem u odnosu na druge sisteme grejanja su niski tro\u0161kovi eksploatacije, nizak nivo buke i jednostavna instalacija i odr\u017eavanje&nbsp;&#8211; potrebno je samo povezati spoljnu i unutra\u0161nju jedinicu (hidrobox). Stabilnost i pouzdanost bez elektro greja\u010da&nbsp;&#8211; Ecodan sistem je dizajniran da funkcioni\u0161e na optimalnom nivou tokom cele godine; max temperatura vode je 60\u00baC, a sistem funkcioni\u0161e do spoljne temperature od &nbsp;-28\u00baC. Specijalna serija Zubadan garantuje funkcionisanje ure\u0111aja sa 100% kapaciteta i na spoljnoj temperaturi od -15\u00baC. Ure\u0111aj to posti\u017ee bez ikakvog postoje\u0107eg ili dodatnog elektro greja\u010da, uz pomo\u0107 patentirane Flash Injection tehnologije.<\/p>","protected":false},"excerpt":{"rendered":"<p>Mitsubishi Ecodan&nbsp;je jedinstveno re\u0161enje toplotne pumpe vazduh voda koje mo\u017ee objediniti grejanje, hla\u0111enje i snabdevanje toplom sanitarnom vodom. Idealno je re\u0161enje za nove objekte u izgradnji, zelene zgrade, ali i kao re\u0161enje za zamenu ve\u0107 postoje\u0107ih sistema grejanja&nbsp;u cilju drasti\u010dnog smanjenja tro\u0161kova eksploatacije, bez kori\u0161\u0107enja elektro greja\u010da.&nbsp;Prednosti koje pru\u017ea Ecodan sistem u odnosu na druge [&hellip;]<\/p>\n","protected":false},"featured_media":16938,"template":"","meta":[],"product_brand":[],"product_cat":[4335],"product_tag":[],"class_list":{"0":"post-16937","1":"product","2":"type-product","3":"status-publish","4":"has-post-thumbnail","6":"product_cat-toplotne-pumpe","8":"first","9":"instock","10":"purchasable","11":"product-type-simple"},"_links":{"self":[{"href":"https:\/\/hidroterm.dmcsrbija.com\/ru\/wp-json\/wp\/v2\/product\/16937","targetHints":{"allow":["GET"]}}],"collection":[{"href":"https:\/\/hidroterm.dmcsrbija.com\/ru\/wp-json\/wp\/v2\/product"}],"about":[{"href":"https:\/\/hidroterm.dmcsrbija.com\/ru\/wp-json\/wp\/v2\/types\/product"}],"wp:featuredmedia":[{"embeddable":true,"href":"https:\/\/hidroterm.dmcsrbija.com\/ru\/wp-json\/wp\/v2\/media\/16938"}],"wp:attachment":[{"href":"https:\/\/hidroterm.dmcsrbija.com\/ru\/wp-json\/wp\/v2\/media?parent=16937"}],"wp:term":[{"taxonomy":"product_brand","embeddable":true,"href":"https:\/\/hidroterm.dmcsrbija.com\/ru\/wp-json\/wp\/v2\/product_brand?post=16937"},{"taxonomy":"product_cat","embeddable":true,"href":"https:\/\/hidroterm.dmcsrbija.com\/ru\/wp-json\/wp\/v2\/product_cat?post=16937"},{"taxonomy":"product_tag","embeddable":true,"href":"https:\/\/hidroterm.dmcsrbija.com\/ru\/wp-json\/wp\/v2\/product_tag?post=16937"}],"curies":[{"name":"wp","href":"https:\/\/api.w.org\/{rel}","templated":true}]}}