{"id":16935,"date":"2025-07-15T11:03:18","date_gmt":"2025-07-15T09:03:18","guid":{"rendered":"https:\/\/foxit-technology.com\/proizvod\/toplotna-pumpa-mitsubishi-zubadan-sj\/"},"modified":"2025-07-15T11:03:18","modified_gmt":"2025-07-15T09:03:18","slug":"toplotna-pumpa-mitsubishi-zubadan-sj","status":"publish","type":"product","link":"https:\/\/hidroterm.dmcsrbija.com\/ru\/proizvod\/toplotna-pumpa-mitsubishi-zubadan-sj\/","title":{"rendered":"Toplotna pumpa Mitsubishi Zubadan SJ"},"content":{"rendered":"<p style=\"text-align: justify;\">Bez obzira na zahteve koje objekat mo\u017ee da postavlja, Zubadan inverter toplotne pumpe pru\u017eaju efikasne vrhunske performanse u celom opsegu primene. Sistem obezbe\u0111uje potpunu toplotnu snagu na ni\u017eim temperaturama od -15 \u00b0 C do -28 \u00b0 C. Zubadan toplotna pumpa omoguc\u0301ava pouzdan i efikasan rad.&nbsp;Patentirana Zubadan Inverter tehnologija predstavlja ono najbolje \u0161to trenutno nudi tehnologija toplotnih pumpi vazduh-voda. Zubadan rashladni krug, koji poseduje HIC super hladnjak i kompresor za ubrizgavanje, tako\u0111e je u stanju da odr\u017eava stabilan protok.<\/p>\n<p>Melcloud aplikacija za internet kontrolu.<\/p>","protected":false},"excerpt":{"rendered":"<p>Bez obzira na zahteve koje objekat mo\u017ee da postavlja, Zubadan inverter toplotne pumpe pru\u017eaju efikasne vrhunske performanse u celom opsegu primene. Sistem obezbe\u0111uje potpunu toplotnu snagu na ni\u017eim temperaturama od -15 \u00b0 C do -28 \u00b0 C. Zubadan toplotna pumpa omoguc\u0301ava pouzdan i efikasan rad.&nbsp;Patentirana Zubadan Inverter tehnologija predstavlja ono najbolje \u0161to trenutno nudi tehnologija [&hellip;]<\/p>\n","protected":false},"featured_media":16936,"template":"","meta":[],"product_brand":[],"product_cat":[4335],"product_tag":[],"class_list":{"0":"post-16935","1":"product","2":"type-product","3":"status-publish","4":"has-post-thumbnail","6":"product_cat-toplotne-pumpe","8":"first","9":"instock","10":"purchasable","11":"product-type-simple"},"_links":{"self":[{"href":"https:\/\/hidroterm.dmcsrbija.com\/ru\/wp-json\/wp\/v2\/product\/16935","targetHints":{"allow":["GET"]}}],"collection":[{"href":"https:\/\/hidroterm.dmcsrbija.com\/ru\/wp-json\/wp\/v2\/product"}],"about":[{"href":"https:\/\/hidroterm.dmcsrbija.com\/ru\/wp-json\/wp\/v2\/types\/product"}],"wp:featuredmedia":[{"embeddable":true,"href":"https:\/\/hidroterm.dmcsrbija.com\/ru\/wp-json\/wp\/v2\/media\/16936"}],"wp:attachment":[{"href":"https:\/\/hidroterm.dmcsrbija.com\/ru\/wp-json\/wp\/v2\/media?parent=16935"}],"wp:term":[{"taxonomy":"product_brand","embeddable":true,"href":"https:\/\/hidroterm.dmcsrbija.com\/ru\/wp-json\/wp\/v2\/product_brand?post=16935"},{"taxonomy":"product_cat","embeddable":true,"href":"https:\/\/hidroterm.dmcsrbija.com\/ru\/wp-json\/wp\/v2\/product_cat?post=16935"},{"taxonomy":"product_tag","embeddable":true,"href":"https:\/\/hidroterm.dmcsrbija.com\/ru\/wp-json\/wp\/v2\/product_tag?post=16935"}],"curies":[{"name":"wp","href":"https:\/\/api.w.org\/{rel}","templated":true}]}}