{"id":16927,"date":"2025-07-15T11:03:06","date_gmt":"2025-07-15T09:03:06","guid":{"rendered":"https:\/\/foxit-technology.com\/proizvod\/cevni-registar-elegant\/"},"modified":"2025-10-11T14:04:26","modified_gmt":"2025-10-11T12:04:26","slug":"cevni-registar-elegant","status":"publish","type":"product","link":"https:\/\/hidroterm.dmcsrbija.com\/ru\/proizvod\/cevni-registar-elegant\/","title":{"rendered":"Cevni registar Elegant 600&#215;800"},"content":{"rendered":"<p>Cevasti su\u0161a\u010di pe\u0161kira Elegant namenjeni su instalaciji u kupatilima i su\u0161enju pe\u0161kira. Omogu\u0107ena korekcija pode\u0161avanja u monta\u017ei po visini 20 mm i po dubini 20 mm. Proizvod je sastavljen od pet ABS delova i dva kompleta (vijak+matica).<\/p>\n<h2>Cevni registar Elegant 600&#215;800<\/h2>\n<p data-start=\"421\" data-end=\"776\"><strong data-start=\"421\" data-end=\"440\">Elegant 600\u00d7800<\/strong> je \u010deli\u010dni cevni registar sa dodatnom \u0161irinom za korisnike kojima je potrebno vi\u0161e prostora za su\u0161enje, bez kompromisa u kvalitetu i izgledu. Sa <strong data-start=\"586\" data-end=\"615\">toplotnom snagom od 400 W<\/strong>, ovaj model je idealan za manja do srednje velika kupatila, ve\u0161eraje i tehni\u010dke prostorije, gde je potrebna funkcionalnost i pouzdanost, bez hromirane povr\u0161ine.<\/p>\n<h3 data-start=\"1704\" data-end=\"1718\">Karakteristike i prednosti<\/h3>\n<ul data-start=\"1720\" data-end=\"2208\">\n<li data-start=\"1720\" data-end=\"1803\">\n<p data-start=\"1722\" data-end=\"1803\">Ekstra \u0161irina (600 mm) \u2013 omogu\u0107ava su\u0161enje ve\u0107eg broja pe\u0161kira i garderobe.<\/p>\n<\/li>\n<li data-start=\"1804\" data-end=\"1887\">\n<p data-start=\"1806\" data-end=\"1887\">Srednja visina (800 mm) \u2013 idealan za prostore s ograni\u010denom visinom zidova.<\/p>\n<\/li>\n<li data-start=\"1888\" data-end=\"1959\">\n<p data-start=\"1890\" data-end=\"1959\">Toplotna mo\u0107 od 400 W \u2013 balans izme\u0111u u\u0161tede i funkcionalnosti.<\/p>\n<\/li>\n<li data-start=\"1960\" data-end=\"2051\">\n<p data-start=\"1962\" data-end=\"2051\">Nehromirana povr\u0161ina \u2013 fini\u0161 koji se lako \u010disti i manje je osetljiv na tragove.<\/p>\n<\/li>\n<li data-start=\"2052\" data-end=\"2127\">\n<p data-start=\"2054\" data-end=\"2127\">\u010cvrsta i dugotrajna izrada \u2013 \u010deli\u010dna konstrukcija otporna na vlagu.<\/p>\n<\/li>\n<li data-start=\"2128\" data-end=\"2208\">\n<p data-start=\"2130\" data-end=\"2208\">Standardna monta\u017ea \u2013 lako povezivanje sa instalacijom centralnog grejanja.<\/p>\n<\/li>\n<\/ul>\n<h3><\/h3>\n<p>Odabirom Cevnog registra Elegant, dobijate proizvod koji kombinira funkcionalnost i stil. Savr\u0161eno se uklapa u svaki enterijer, a njegova izdr\u017eljivost garantuje dugotrajan rad.<\/p>","protected":false},"excerpt":{"rendered":"<p>Cevni registar Elegant 600\u00d7800 nudi efikasnu distribuciju toplote i moderni dizajn. Idealno re\u0161enje za svako centralno grejanje.<\/p>","protected":false},"featured_media":16928,"template":"","meta":[],"product_brand":[4341],"product_cat":[4247,4237],"product_tag":[],"class_list":{"0":"post-16927","1":"product","2":"type-product","3":"status-publish","4":"has-post-thumbnail","6":"product_brand-elegant","7":"product_cat-cevasti-radijatori","8":"product_cat-radijatori","9":"pa_dimenzije-400-x-600-mm","11":"first","12":"instock","13":"purchasable","14":"product-type-simple"},"_links":{"self":[{"href":"https:\/\/hidroterm.dmcsrbija.com\/ru\/wp-json\/wp\/v2\/product\/16927","targetHints":{"allow":["GET"]}}],"collection":[{"href":"https:\/\/hidroterm.dmcsrbija.com\/ru\/wp-json\/wp\/v2\/product"}],"about":[{"href":"https:\/\/hidroterm.dmcsrbija.com\/ru\/wp-json\/wp\/v2\/types\/product"}],"wp:featuredmedia":[{"embeddable":true,"href":"https:\/\/hidroterm.dmcsrbija.com\/ru\/wp-json\/wp\/v2\/media\/16928"}],"wp:attachment":[{"href":"https:\/\/hidroterm.dmcsrbija.com\/ru\/wp-json\/wp\/v2\/media?parent=16927"}],"wp:term":[{"taxonomy":"product_brand","embeddable":true,"href":"https:\/\/hidroterm.dmcsrbija.com\/ru\/wp-json\/wp\/v2\/product_brand?post=16927"},{"taxonomy":"product_cat","embeddable":true,"href":"https:\/\/hidroterm.dmcsrbija.com\/ru\/wp-json\/wp\/v2\/product_cat?post=16927"},{"taxonomy":"product_tag","embeddable":true,"href":"https:\/\/hidroterm.dmcsrbija.com\/ru\/wp-json\/wp\/v2\/product_tag?post=16927"}],"curies":[{"name":"wp","href":"https:\/\/api.w.org\/{rel}","templated":true}]}}