{"id":16925,"date":"2025-07-15T11:03:06","date_gmt":"2025-07-15T09:03:06","guid":{"rendered":"https:\/\/foxit-technology.com\/proizvod\/letva-za-vodjenje-pex-al-pex-cevi\/"},"modified":"2025-07-15T11:03:12","modified_gmt":"2025-07-15T09:03:12","slug":"letva-za-vodjenje-pex-al-pex-cevi","status":"publish","type":"product","link":"https:\/\/hidroterm.dmcsrbija.com\/ru\/proizvod\/letva-za-vodjenje-pex-al-pex-cevi\/","title":{"rendered":"Letva za vodjenje pex al pex cevi"},"content":{"rendered":"<p style=\"text-align: justify;\">Letva za vo\u0111enje pex cevi slu\u017ei za pri\u010dvr\u0161\u0107ivanje vi\u0161eslojnih pex cevi pre\u010dnika fi 16, 18 i fi 20 kod instalacija podnog i zidnog grejanja ili hla\u0111enja na ve\u0107im povr\u0161inama. Pored fiksiranja cevi ugradnjom letve posti\u017eemo pravilan raspored cevi a prema koraku hvataljke letve na svakih 50 mm (50, 100, 150, 200 itd). Zavr\u0161etak letve omogu\u0107ava press klik sapajanje bez ograni\u010denja du\u017eine.<\/p>","protected":false},"excerpt":{"rendered":"<p>Letva za vo\u0111enje pex cevi slu\u017ei za pri\u010dvr\u0161\u0107ivanje vi\u0161eslojnih pex cevi pre\u010dnika fi 16, 18 i fi 20 kod instalacija podnog i zidnog grejanja ili hla\u0111enja na ve\u0107im povr\u0161inama. Pored fiksiranja cevi ugradnjom letve posti\u017eemo pravilan raspored cevi a prema koraku hvataljke letve na svakih 50 mm (50, 100, 150, 200 itd). Zavr\u0161etak letve omogu\u0107ava [&hellip;]<\/p>\n","protected":false},"featured_media":16926,"template":"","meta":[],"product_brand":[],"product_cat":[4276,4271],"product_tag":[],"class_list":{"0":"post-16925","1":"product","2":"type-product","3":"status-publish","4":"has-post-thumbnail","6":"product_cat-oprema-za-podno-grejanje","7":"product_cat-podno-grejanje","9":"first","10":"instock","11":"purchasable","12":"product-type-simple"},"_links":{"self":[{"href":"https:\/\/hidroterm.dmcsrbija.com\/ru\/wp-json\/wp\/v2\/product\/16925","targetHints":{"allow":["GET"]}}],"collection":[{"href":"https:\/\/hidroterm.dmcsrbija.com\/ru\/wp-json\/wp\/v2\/product"}],"about":[{"href":"https:\/\/hidroterm.dmcsrbija.com\/ru\/wp-json\/wp\/v2\/types\/product"}],"wp:featuredmedia":[{"embeddable":true,"href":"https:\/\/hidroterm.dmcsrbija.com\/ru\/wp-json\/wp\/v2\/media\/16926"}],"wp:attachment":[{"href":"https:\/\/hidroterm.dmcsrbija.com\/ru\/wp-json\/wp\/v2\/media?parent=16925"}],"wp:term":[{"taxonomy":"product_brand","embeddable":true,"href":"https:\/\/hidroterm.dmcsrbija.com\/ru\/wp-json\/wp\/v2\/product_brand?post=16925"},{"taxonomy":"product_cat","embeddable":true,"href":"https:\/\/hidroterm.dmcsrbija.com\/ru\/wp-json\/wp\/v2\/product_cat?post=16925"},{"taxonomy":"product_tag","embeddable":true,"href":"https:\/\/hidroterm.dmcsrbija.com\/ru\/wp-json\/wp\/v2\/product_tag?post=16925"}],"curies":[{"name":"wp","href":"https:\/\/api.w.org\/{rel}","templated":true}]}}