{"id":16923,"date":"2025-07-15T11:03:06","date_gmt":"2025-07-15T09:03:06","guid":{"rendered":"https:\/\/foxit-technology.com\/proizvod\/kotao-na-pelet-biomegal\/"},"modified":"2025-10-11T08:51:10","modified_gmt":"2025-10-11T06:51:10","slug":"kotao-na-pelet-biomegal","status":"publish","type":"product","link":"https:\/\/hidroterm.dmcsrbija.com\/ru\/proizvod\/kotao-na-pelet-biomegal\/","title":{"rendered":"Kotao na pelet Biomegal"},"content":{"rendered":"<p>Biomegal je kotao na pelet koji se odlikuje modernim dizajnom i dobrim odnosom cene i kvaliteta. Zahvaljuju\u0107i malim dimenzijama, zauzima malo prostora a kapacitet spremnika od 45\/70kg i digitalna regulacija rada kotla na dnevnom i nedeljnom nivou omogu\u0107ava njegovo lak\u0161e kori\u0161\u0107enje. Visok stepen ekonomi\u010dnosti i ekolo\u0161kog odnosa prema \u017eivotnoj sredini omogu\u0107ava brzo i jednostavno \u010di\u0161\u0107enje\u00a0uz pomo\u0107\u00a0dodatne piksle za pelet koja se vadi i ru\u010dkom za \u010di\u0161\u0107enje unutra\u0161njosti kotla.<\/p>\n<p><em>Napomena\u00a0: KOMPAKT modeli u sebi sadr\u017ee pumpu i ekspanzionu posudu.<\/em><\/p>\n<p>*Besplatno pu\u0161tanje u rad!<\/p>\n<p>*Gar<span class=\"text_exposed_show\">ancija od 5 godina na kotao i 2 godine na elektroniku.<\/span><\/p>","protected":false},"excerpt":{"rendered":"<p>Biomegal je kotao na pelet koji se odlikuje modernim dizajnom i dobrim odnosom cene i kvaliteta. Zahvaljuju\u0107i malim dimenzijama, zauzima malo prostora a kapacitet spremnika od 45\/70kg i digitalna regulacija rada kotla na dnevnom i nedeljnom nivou omogu\u0107ava njegovo lak\u0161e kori\u0161\u0107enje. Visok stepen ekonomi\u010dnosti i ekolo\u0161kog odnosa prema \u017eivotnoj sredini omogu\u0107ava brzo i jednostavno \u010di\u0161\u0107enje\u00a0uz [&hellip;]<\/p>\n","protected":false},"featured_media":16924,"template":"","meta":[],"product_brand":[4198],"product_cat":[4205,4917],"product_tag":[],"class_list":{"0":"post-16923","1":"product","2":"type-product","3":"status-publish","4":"has-post-thumbnail","6":"product_brand-megal","7":"product_cat-kotlovi-i-kamini-na-pelet","8":"product_cat-kotlovi-na-pelet","10":"first","11":"instock","12":"purchasable","13":"product-type-simple"},"_links":{"self":[{"href":"https:\/\/hidroterm.dmcsrbija.com\/ru\/wp-json\/wp\/v2\/product\/16923","targetHints":{"allow":["GET"]}}],"collection":[{"href":"https:\/\/hidroterm.dmcsrbija.com\/ru\/wp-json\/wp\/v2\/product"}],"about":[{"href":"https:\/\/hidroterm.dmcsrbija.com\/ru\/wp-json\/wp\/v2\/types\/product"}],"wp:featuredmedia":[{"embeddable":true,"href":"https:\/\/hidroterm.dmcsrbija.com\/ru\/wp-json\/wp\/v2\/media\/16924"}],"wp:attachment":[{"href":"https:\/\/hidroterm.dmcsrbija.com\/ru\/wp-json\/wp\/v2\/media?parent=16923"}],"wp:term":[{"taxonomy":"product_brand","embeddable":true,"href":"https:\/\/hidroterm.dmcsrbija.com\/ru\/wp-json\/wp\/v2\/product_brand?post=16923"},{"taxonomy":"product_cat","embeddable":true,"href":"https:\/\/hidroterm.dmcsrbija.com\/ru\/wp-json\/wp\/v2\/product_cat?post=16923"},{"taxonomy":"product_tag","embeddable":true,"href":"https:\/\/hidroterm.dmcsrbija.com\/ru\/wp-json\/wp\/v2\/product_tag?post=16923"}],"curies":[{"name":"wp","href":"https:\/\/api.w.org\/{rel}","templated":true}]}}