{"id":16917,"date":"2025-07-15T11:03:06","date_gmt":"2025-07-15T09:03:06","guid":{"rendered":"https:\/\/foxit-technology.com\/proizvod\/kotao-sukomplam-tk\/"},"modified":"2025-07-15T11:03:11","modified_gmt":"2025-07-15T09:03:11","slug":"kotao-sukomplam-tk","status":"publish","type":"product","link":"https:\/\/hidroterm.dmcsrbija.com\/ru\/proizvod\/kotao-sukomplam-tk\/","title":{"rendered":"Kotao \u0160ukomplam TK"},"content":{"rendered":"<p>Kotlovi tipa \u0160ukoplam TK raspona snage 25-50kW namenjeni su za sagorevanje \u010dvrstog komadnog goriva (drvo, ugalj) koji se ru\u010dno ubacuje kroz prostrana zako\u0161ena gornja vrata na kotlu. Tako\u0111e donja vrata su opremljena otvorom za ugradnju gorionika na pelet, naftu ili gas. Lo\u017ei\u0161te kotla je konstruisano od kotlovskog lima u kvalitetu P265GH debljine 5 i 4 mm i kotlovskih cevi u kvalitetu P235GH TC1 debljine 4 mm. Konstrukcija kotla je u potpunosti uskla\u0111ena sa evropskim i srpskim standardom SRPS EN 303-5. Telo kotla je dobro izolovano mineralnom vunom, a oplata je za\u0161ti\u0107ena plastifikacionim postupcima. Kotao je namenjen za proizvodnju tople vode u radnom re\u017eimu 90\/70 \u00b0C sa maksimalnim radnim pritiskom od 2,5 bar-a. Regulacija vazduha za sagorevanje vr\u0161i se preko regulatora promaje koji pokre\u0107e klapnu na donjim vratima i tako smanjuje ili pove\u0107ava koli\u010dinu vazduha za sagorevanje.<\/p>","protected":false},"excerpt":{"rendered":"<p>Kotlovi tipa \u0160ukoplam TK raspona snage 25-50kW namenjeni su za sagorevanje \u010dvrstog komadnog goriva (drvo, ugalj) koji se ru\u010dno ubacuje kroz prostrana zako\u0161ena gornja vrata na kotlu. Tako\u0111e donja vrata su opremljena otvorom za ugradnju gorionika na pelet, naftu ili gas. Lo\u017ei\u0161te kotla je konstruisano od kotlovskog lima u kvalitetu P265GH debljine 5 i 4 [&hellip;]<\/p>\n","protected":false},"featured_media":16918,"template":"","meta":[],"product_brand":[4200],"product_cat":[4193,4189],"product_tag":[],"class_list":{"0":"post-16917","1":"product","2":"type-product","3":"status-publish","4":"has-post-thumbnail","6":"product_brand-sukom","7":"product_cat-celicni-kotlovi","8":"product_cat-kotlovi-na-cvrsto-gorivo","10":"first","11":"instock","12":"purchasable","13":"product-type-simple"},"_links":{"self":[{"href":"https:\/\/hidroterm.dmcsrbija.com\/ru\/wp-json\/wp\/v2\/product\/16917","targetHints":{"allow":["GET"]}}],"collection":[{"href":"https:\/\/hidroterm.dmcsrbija.com\/ru\/wp-json\/wp\/v2\/product"}],"about":[{"href":"https:\/\/hidroterm.dmcsrbija.com\/ru\/wp-json\/wp\/v2\/types\/product"}],"wp:featuredmedia":[{"embeddable":true,"href":"https:\/\/hidroterm.dmcsrbija.com\/ru\/wp-json\/wp\/v2\/media\/16918"}],"wp:attachment":[{"href":"https:\/\/hidroterm.dmcsrbija.com\/ru\/wp-json\/wp\/v2\/media?parent=16917"}],"wp:term":[{"taxonomy":"product_brand","embeddable":true,"href":"https:\/\/hidroterm.dmcsrbija.com\/ru\/wp-json\/wp\/v2\/product_brand?post=16917"},{"taxonomy":"product_cat","embeddable":true,"href":"https:\/\/hidroterm.dmcsrbija.com\/ru\/wp-json\/wp\/v2\/product_cat?post=16917"},{"taxonomy":"product_tag","embeddable":true,"href":"https:\/\/hidroterm.dmcsrbija.com\/ru\/wp-json\/wp\/v2\/product_tag?post=16917"}],"curies":[{"name":"wp","href":"https:\/\/api.w.org\/{rel}","templated":true}]}}