{"id":16913,"date":"2025-07-15T11:03:06","date_gmt":"2025-07-15T09:03:06","guid":{"rendered":"https:\/\/foxit-technology.com\/proizvod\/sobni-termostat-general-digitalni-bezicni-lux-abr-300-set\/"},"modified":"2025-07-15T11:03:10","modified_gmt":"2025-07-15T09:03:10","slug":"sobni-termostat-general-digitalni-bezicni-lux-abr-300-set","status":"publish","type":"product","link":"https:\/\/hidroterm.dmcsrbija.com\/ru\/proizvod\/sobni-termostat-general-digitalni-bezicni-lux-abr-300-set\/","title":{"rendered":"Sobni termostat General digitalni bezicni Lux ABR 300 set"},"content":{"rendered":"<p>Sobni termostat General digitalni bezicni Lux ABR 300 set<\/p>\n<p style=\"text-align: justify;\">Sobni termostat General omogu\u0107ava da se kotlom na gas, pelet ili struju upravlja.&nbsp; Kontroli\u0161ite temperaturu u kuc\u0301i pomoc\u0301u naprednog re\u017eima lokacije uz mogu\u0107nost dnevnog i nedeljnog programiranja i 6 razli\u010ditih na\u010dina rada.&nbsp;<\/p>","protected":false},"excerpt":{"rendered":"<p>Sobni termostat General digitalni bezicni Lux ABR 300 set Sobni termostat General omogu\u0107ava da se kotlom na gas, pelet ili struju upravlja.&nbsp; Kontroli\u0161ite temperaturu u kuc\u0301i pomoc\u0301u naprednog re\u017eima lokacije uz mogu\u0107nost dnevnog i nedeljnog programiranja i 6 razli\u010ditih na\u010dina rada.&nbsp;<\/p>","protected":false},"featured_media":16914,"template":"","meta":[],"product_brand":[4340],"product_cat":[4317],"product_tag":[],"class_list":{"0":"post-16913","1":"product","2":"type-product","3":"status-publish","4":"has-post-thumbnail","6":"product_brand-general","7":"product_cat-sobni-termostati","9":"first","10":"instock","11":"purchasable","12":"product-type-simple"},"_links":{"self":[{"href":"https:\/\/hidroterm.dmcsrbija.com\/ru\/wp-json\/wp\/v2\/product\/16913","targetHints":{"allow":["GET"]}}],"collection":[{"href":"https:\/\/hidroterm.dmcsrbija.com\/ru\/wp-json\/wp\/v2\/product"}],"about":[{"href":"https:\/\/hidroterm.dmcsrbija.com\/ru\/wp-json\/wp\/v2\/types\/product"}],"wp:featuredmedia":[{"embeddable":true,"href":"https:\/\/hidroterm.dmcsrbija.com\/ru\/wp-json\/wp\/v2\/media\/16914"}],"wp:attachment":[{"href":"https:\/\/hidroterm.dmcsrbija.com\/ru\/wp-json\/wp\/v2\/media?parent=16913"}],"wp:term":[{"taxonomy":"product_brand","embeddable":true,"href":"https:\/\/hidroterm.dmcsrbija.com\/ru\/wp-json\/wp\/v2\/product_brand?post=16913"},{"taxonomy":"product_cat","embeddable":true,"href":"https:\/\/hidroterm.dmcsrbija.com\/ru\/wp-json\/wp\/v2\/product_cat?post=16913"},{"taxonomy":"product_tag","embeddable":true,"href":"https:\/\/hidroterm.dmcsrbija.com\/ru\/wp-json\/wp\/v2\/product_tag?post=16913"}],"curies":[{"name":"wp","href":"https:\/\/api.w.org\/{rel}","templated":true}]}}