{"id":16901,"date":"2025-07-15T11:03:06","date_gmt":"2025-07-15T09:03:06","guid":{"rendered":"https:\/\/foxit-technology.com\/proizvod\/sekac-bakarnih-cevi-4-32mm\/"},"modified":"2025-07-15T11:03:07","modified_gmt":"2025-07-15T09:03:07","slug":"sekac-bakarnih-cevi-4-32mm","status":"publish","type":"product","link":"https:\/\/hidroterm.dmcsrbija.com\/ru\/proizvod\/sekac-bakarnih-cevi-4-32mm\/","title":{"rendered":"Seka\u010d bakarnih cevi 4-32mm"},"content":{"rendered":"<p>Seka\u010d za cevi debljine 4-32mm. Pogodan za plasti\u010dne, bakarne cevi, podesivih dimenzija.&nbsp;<br \/>Te\u017eina: 0.3 kg<\/p>","protected":false},"excerpt":{"rendered":"<p>Seka\u010d za cevi debljine 4-32mm. Pogodan za plasti\u010dne, bakarne cevi, podesivih dimenzija.&nbsp;Te\u017eina: 0.3 kg<\/p>","protected":false},"featured_media":16902,"template":"","meta":[],"product_brand":[],"product_cat":[4270,4269],"product_tag":[],"class_list":{"0":"post-16901","1":"product","2":"type-product","3":"status-publish","4":"has-post-thumbnail","6":"product_cat-bakarne-cevi","7":"product_cat-bakarne-cevi-i-izolacija-za-cevi","9":"first","10":"instock","11":"purchasable","12":"product-type-simple"},"_links":{"self":[{"href":"https:\/\/hidroterm.dmcsrbija.com\/ru\/wp-json\/wp\/v2\/product\/16901","targetHints":{"allow":["GET"]}}],"collection":[{"href":"https:\/\/hidroterm.dmcsrbija.com\/ru\/wp-json\/wp\/v2\/product"}],"about":[{"href":"https:\/\/hidroterm.dmcsrbija.com\/ru\/wp-json\/wp\/v2\/types\/product"}],"wp:featuredmedia":[{"embeddable":true,"href":"https:\/\/hidroterm.dmcsrbija.com\/ru\/wp-json\/wp\/v2\/media\/16902"}],"wp:attachment":[{"href":"https:\/\/hidroterm.dmcsrbija.com\/ru\/wp-json\/wp\/v2\/media?parent=16901"}],"wp:term":[{"taxonomy":"product_brand","embeddable":true,"href":"https:\/\/hidroterm.dmcsrbija.com\/ru\/wp-json\/wp\/v2\/product_brand?post=16901"},{"taxonomy":"product_cat","embeddable":true,"href":"https:\/\/hidroterm.dmcsrbija.com\/ru\/wp-json\/wp\/v2\/product_cat?post=16901"},{"taxonomy":"product_tag","embeddable":true,"href":"https:\/\/hidroterm.dmcsrbija.com\/ru\/wp-json\/wp\/v2\/product_tag?post=16901"}],"curies":[{"name":"wp","href":"https:\/\/api.w.org\/{rel}","templated":true}]}}