{"id":16897,"date":"2025-07-15T11:03:06","date_gmt":"2025-07-15T09:03:06","guid":{"rendered":"https:\/\/foxit-technology.com\/proizvod\/kotao-solid-therm\/"},"modified":"2025-10-13T13:53:02","modified_gmt":"2025-10-13T11:53:02","slug":"kotao-solid-therm","status":"publish","type":"product","link":"https:\/\/hidroterm.dmcsrbija.com\/ru\/proizvod\/kotao-solid-therm\/","title":{"rendered":"Kotao Solid Therm"},"content":{"rendered":"<p>Kotao Solid Therm je kotao od livenog gvo\u017eda konstruisan iz \u010dlanaka. Predvi\u0111en je za sagorevanje \u010dvrstog goriva, a konstruisan tako da ima tri horizontalna prolaza dimnih gasova, zarad ve\u0107e iskori\u0161\u0107enosti. Projektovan \u00a0je za\u00a0toplovodni sistem grejanja i nije predvi\u0111en za direktno\u00a0snabdevanje sanitarnom vodom.\u00a0Zahvaljujuci fleksibilnoj tehnologiji livenja, kotao je\u00a0izuzetno otporan na koroziju.<\/p>\n<p>Ovaj kotao se karakteri\u0161e\u00a0tropromajnim sistemom cirkulacije dimnih\u00a0gasova, zbog \u010dega ima visok stepen efikasnosti i doprinosi ve\u0107oj u\u0161tedi energije i manjim zaga\u0111enjem \u017eivotne sredine.\u00a0Sa kombinovanim kotlovima mo\u017eete se grejati fleksibilno i efikasno \u2013 oni su dvostruko korisniji, jer imate mogu\u0107nost\u00a0 grejanja na drva i na pelet preko gorionika.<\/p>\n<p>&nbsp;<\/p>\n<p><em><strong>*Uz kupljen kotao dolazi \u010detka za \u010di\u0161\u0107enje i regulator promaje.*<\/strong><\/em><\/p>","protected":false},"excerpt":{"rendered":"<p>Kotao Solid Therm je kotao od livenog gvo\u017eda konstruisan iz \u010dlanaka. Predvi\u0111en je za sagorevanje \u010dvrstog goriva, a konstruisan tako da ima tri horizontalna prolaza dimnih gasova, zarad ve\u0107e iskori\u0161\u0107enosti. Projektovan \u00a0je za\u00a0toplovodni sistem grejanja i nije predvi\u0111en za direktno\u00a0snabdevanje sanitarnom vodom.\u00a0Zahvaljujuci fleksibilnoj tehnologiji livenja, kotao je\u00a0izuzetno otporan na koroziju. Ovaj kotao se karakteri\u0161e\u00a0tropromajnim sistemom [&hellip;]<\/p>\n","protected":false},"featured_media":16898,"template":"","meta":[],"product_brand":[],"product_cat":[4189,4190],"product_tag":[],"class_list":{"0":"post-16897","1":"product","2":"type-product","3":"status-publish","4":"has-post-thumbnail","6":"product_cat-kotlovi-na-cvrsto-gorivo","7":"product_cat-liveni-kotlovi","9":"first","10":"outofstock","11":"purchasable","12":"product-type-simple"},"_links":{"self":[{"href":"https:\/\/hidroterm.dmcsrbija.com\/ru\/wp-json\/wp\/v2\/product\/16897","targetHints":{"allow":["GET"]}}],"collection":[{"href":"https:\/\/hidroterm.dmcsrbija.com\/ru\/wp-json\/wp\/v2\/product"}],"about":[{"href":"https:\/\/hidroterm.dmcsrbija.com\/ru\/wp-json\/wp\/v2\/types\/product"}],"wp:featuredmedia":[{"embeddable":true,"href":"https:\/\/hidroterm.dmcsrbija.com\/ru\/wp-json\/wp\/v2\/media\/16898"}],"wp:attachment":[{"href":"https:\/\/hidroterm.dmcsrbija.com\/ru\/wp-json\/wp\/v2\/media?parent=16897"}],"wp:term":[{"taxonomy":"product_brand","embeddable":true,"href":"https:\/\/hidroterm.dmcsrbija.com\/ru\/wp-json\/wp\/v2\/product_brand?post=16897"},{"taxonomy":"product_cat","embeddable":true,"href":"https:\/\/hidroterm.dmcsrbija.com\/ru\/wp-json\/wp\/v2\/product_cat?post=16897"},{"taxonomy":"product_tag","embeddable":true,"href":"https:\/\/hidroterm.dmcsrbija.com\/ru\/wp-json\/wp\/v2\/product_tag?post=16897"}],"curies":[{"name":"wp","href":"https:\/\/api.w.org\/{rel}","templated":true}]}}