{"id":16893,"date":"2025-07-15T11:02:31","date_gmt":"2025-07-15T09:02:31","guid":{"rendered":"https:\/\/foxit-technology.com\/proizvod\/kotao-na-pelet-abc-elegant-27kw\/"},"modified":"2025-10-11T08:52:25","modified_gmt":"2025-10-11T06:52:25","slug":"kotao-na-pelet-abc-elegant-27kw","status":"publish","type":"product","link":"https:\/\/hidroterm.dmcsrbija.com\/ru\/proizvod\/kotao-na-pelet-abc-elegant-27kw\/","title":{"rendered":"Kotao na pelet ABC Elegant 27kW"},"content":{"rendered":"<ul>\n<li>Re\u0161enje u slu\u010dajevima nedostatka prostora, kompaktan dizajn.<\/li>\n<li>Visoka energetska efikasnost sa iskori\u0161\u0107enjem goriva od preko 93%<\/li>\n<li>Kotao je opremnjen ekspanzionom posudom,pumpom, ozra\u010dnim lon\u010detom i sigurnosnim ventilom.<\/li>\n<li>Mogu\u0107nost ugradnje dodatnog spremi\u0161ta zapelet (opc\u0133a).<\/li>\n<li>Dostupan u crno-bordo i crno-be\u017e var\u0133anti.<\/li>\n<li>Mogu\u0107nost povezivanja sa wi-fi modulom i kontrole preko mobilnog telefona.<\/li>\n<\/ul>","protected":false},"excerpt":{"rendered":"<p>Re\u0161enje u slu\u010dajevima nedostatka prostora, kompaktan dizajn. Visoka energetska efikasnost sa iskori\u0161\u0107enjem goriva od preko 93% Kotao je opremnjen ekspanzionom posudom,pumpom, ozra\u010dnim lon\u010detom i sigurnosnim ventilom. Mogu\u0107nost ugradnje dodatnog spremi\u0161ta zapelet (opc\u0133a). Dostupan u crno-bordo i crno-be\u017e var\u0133anti. Mogu\u0107nost povezivanja sa wi-fi modulom i kontrole preko mobilnog telefona.<\/p>","protected":false},"featured_media":16894,"template":"","meta":[],"product_brand":[4196],"product_cat":[4205,4917],"product_tag":[],"class_list":{"0":"post-16893","1":"product","2":"type-product","3":"status-publish","4":"has-post-thumbnail","6":"product_brand-abc-uzice","7":"product_cat-kotlovi-i-kamini-na-pelet","8":"product_cat-kotlovi-na-pelet","10":"first","11":"instock","12":"purchasable","13":"product-type-simple"},"_links":{"self":[{"href":"https:\/\/hidroterm.dmcsrbija.com\/ru\/wp-json\/wp\/v2\/product\/16893","targetHints":{"allow":["GET"]}}],"collection":[{"href":"https:\/\/hidroterm.dmcsrbija.com\/ru\/wp-json\/wp\/v2\/product"}],"about":[{"href":"https:\/\/hidroterm.dmcsrbija.com\/ru\/wp-json\/wp\/v2\/types\/product"}],"wp:featuredmedia":[{"embeddable":true,"href":"https:\/\/hidroterm.dmcsrbija.com\/ru\/wp-json\/wp\/v2\/media\/16894"}],"wp:attachment":[{"href":"https:\/\/hidroterm.dmcsrbija.com\/ru\/wp-json\/wp\/v2\/media?parent=16893"}],"wp:term":[{"taxonomy":"product_brand","embeddable":true,"href":"https:\/\/hidroterm.dmcsrbija.com\/ru\/wp-json\/wp\/v2\/product_brand?post=16893"},{"taxonomy":"product_cat","embeddable":true,"href":"https:\/\/hidroterm.dmcsrbija.com\/ru\/wp-json\/wp\/v2\/product_cat?post=16893"},{"taxonomy":"product_tag","embeddable":true,"href":"https:\/\/hidroterm.dmcsrbija.com\/ru\/wp-json\/wp\/v2\/product_tag?post=16893"}],"curies":[{"name":"wp","href":"https:\/\/api.w.org\/{rel}","templated":true}]}}