{"id":16885,"date":"2025-07-15T11:02:31","date_gmt":"2025-07-15T09:02:31","guid":{"rendered":"https:\/\/foxit-technology.com\/proizvod\/kotao-na-pelet-mareli-ecostar-auto\/"},"modified":"2025-10-11T08:51:57","modified_gmt":"2025-10-11T06:51:57","slug":"kotao-na-pelet-mareli-ecostar-auto","status":"publish","type":"product","link":"https:\/\/hidroterm.dmcsrbija.com\/ru\/proizvod\/kotao-na-pelet-mareli-ecostar-auto\/","title":{"rendered":"Kotao na pelet Mareli ECOSTAR Auto"},"content":{"rendered":"<p>Kotao ECOSTAR AUTO (SBN\u00a0Auto)\u00a0je unapre\u0111ena verzija modela SBN i dostupan je u snazi do 50kW. Dizajn i tehni\u010dke karakteristike su takve da omogu\u0107avaju dug i kontinuiran rad bez potrebe za \u010di\u0161\u0107enjem re\u0161etke, bez potrebe za izbacivanjem pepela iz pepeljare. Poseduje automatsko \u010di\u0161\u0107enje re\u0161etke\u00a0i jako veliku posudu za pepeo pa samim tim moze da potro\u0161i 500 kilograma drvenog peleta A klase bez potrebe za \u010di\u0161\u0107enjem.<\/p>\n<ul style=\"list-style-type: disc;\">\n<li>Isporu\u010duje se bez pumpe i ekspanzione posude,<\/li>\n<li>Poseduje mehanizam za samo\u010di\u0161\u0107enjem re\u0161etke,<\/li>\n<li>Poseduje senzor za automatsku regulaciju protoka vazduha i koli\u010dine peleta,<\/li>\n<li>Ekran osetljiv na dodir.<\/li>\n<\/ul>","protected":false},"excerpt":{"rendered":"<p>Kotao ECOSTAR AUTO (SBN\u00a0Auto)\u00a0je unapre\u0111ena verzija modela SBN i dostupan je u snazi do 50kW. Dizajn i tehni\u010dke karakteristike su takve da omogu\u0107avaju dug i kontinuiran rad bez potrebe za \u010di\u0161\u0107enjem re\u0161etke, bez potrebe za izbacivanjem pepela iz pepeljare. Poseduje automatsko \u010di\u0161\u0107enje re\u0161etke\u00a0i jako veliku posudu za pepeo pa samim tim moze da potro\u0161i 500 [&hellip;]<\/p>\n","protected":false},"featured_media":16886,"template":"","meta":[],"product_brand":[4192],"product_cat":[4205,4917],"product_tag":[],"class_list":{"0":"post-16885","1":"product","2":"type-product","3":"status-publish","4":"has-post-thumbnail","6":"product_brand-mareli","7":"product_cat-kotlovi-i-kamini-na-pelet","8":"product_cat-kotlovi-na-pelet","10":"first","11":"instock","12":"purchasable","13":"product-type-simple"},"_links":{"self":[{"href":"https:\/\/hidroterm.dmcsrbija.com\/ru\/wp-json\/wp\/v2\/product\/16885","targetHints":{"allow":["GET"]}}],"collection":[{"href":"https:\/\/hidroterm.dmcsrbija.com\/ru\/wp-json\/wp\/v2\/product"}],"about":[{"href":"https:\/\/hidroterm.dmcsrbija.com\/ru\/wp-json\/wp\/v2\/types\/product"}],"wp:featuredmedia":[{"embeddable":true,"href":"https:\/\/hidroterm.dmcsrbija.com\/ru\/wp-json\/wp\/v2\/media\/16886"}],"wp:attachment":[{"href":"https:\/\/hidroterm.dmcsrbija.com\/ru\/wp-json\/wp\/v2\/media?parent=16885"}],"wp:term":[{"taxonomy":"product_brand","embeddable":true,"href":"https:\/\/hidroterm.dmcsrbija.com\/ru\/wp-json\/wp\/v2\/product_brand?post=16885"},{"taxonomy":"product_cat","embeddable":true,"href":"https:\/\/hidroterm.dmcsrbija.com\/ru\/wp-json\/wp\/v2\/product_cat?post=16885"},{"taxonomy":"product_tag","embeddable":true,"href":"https:\/\/hidroterm.dmcsrbija.com\/ru\/wp-json\/wp\/v2\/product_tag?post=16885"}],"curies":[{"name":"wp","href":"https:\/\/api.w.org\/{rel}","templated":true}]}}