{"id":16876,"date":"2025-07-15T11:02:31","date_gmt":"2025-07-15T09:02:31","guid":{"rendered":"https:\/\/foxit-technology.com\/proizvod\/kanalni-suvi-kamin-na-pelet-mareli-aurora-slim\/"},"modified":"2025-07-17T11:59:44","modified_gmt":"2025-07-17T09:59:44","slug":"kanalni-suvi-kamin-na-pelet-mareli-aurora-slim","status":"publish","type":"product","link":"https:\/\/hidroterm.dmcsrbija.com\/ru\/proizvod\/kanalni-suvi-kamin-na-pelet-mareli-aurora-slim\/","title":{"rendered":"Kanalni suvi kamin na pelet Mareli Aurora Slim"},"content":{"rendered":"<p><strong>Novo u ponudi!<\/strong><\/p>\n<p>Kanalni suvi kamin na pelet Mareli Aurora Slim namenjen je za direktno zagrevanje&nbsp;prostorije toplim vazduhom bez vode. Postoji mogu\u0107nost sprovo\u0111enja toplog vazduha u druge prostorije uz pomo\u0107 kanala.<\/p>\n<p><strong><em>Napomena: Pu\u0161tanje u rad nije ura\u010dunato u cenu.<\/em><\/strong><\/p>","protected":false},"excerpt":{"rendered":"<p>Novo u ponudi! Kanalni suvi kamin na pelet Mareli Aurora Slim namenjen je za direktno zagrevanje&nbsp;prostorije toplim vazduhom bez vode. Postoji mogu\u0107nost sprovo\u0111enja toplog vazduha u druge prostorije uz pomo\u0107 kanala. Napomena: Pu\u0161tanje u rad nije ura\u010dunato u cenu.<\/p>","protected":false},"featured_media":16877,"template":"","meta":[],"product_brand":[4192],"product_cat":[4208,4205],"product_tag":[],"class_list":{"0":"post-16876","1":"product","2":"type-product","3":"status-publish","4":"has-post-thumbnail","6":"product_brand-mareli","7":"product_cat-kotlovi-i-kamini-na-pelet-kotlovi-i-kamini-na-pelet","8":"product_cat-kotlovi-i-kamini-na-pelet","10":"first","11":"instock","12":"purchasable","13":"product-type-simple"},"_links":{"self":[{"href":"https:\/\/hidroterm.dmcsrbija.com\/ru\/wp-json\/wp\/v2\/product\/16876","targetHints":{"allow":["GET"]}}],"collection":[{"href":"https:\/\/hidroterm.dmcsrbija.com\/ru\/wp-json\/wp\/v2\/product"}],"about":[{"href":"https:\/\/hidroterm.dmcsrbija.com\/ru\/wp-json\/wp\/v2\/types\/product"}],"wp:featuredmedia":[{"embeddable":true,"href":"https:\/\/hidroterm.dmcsrbija.com\/ru\/wp-json\/wp\/v2\/media\/16877"}],"wp:attachment":[{"href":"https:\/\/hidroterm.dmcsrbija.com\/ru\/wp-json\/wp\/v2\/media?parent=16876"}],"wp:term":[{"taxonomy":"product_brand","embeddable":true,"href":"https:\/\/hidroterm.dmcsrbija.com\/ru\/wp-json\/wp\/v2\/product_brand?post=16876"},{"taxonomy":"product_cat","embeddable":true,"href":"https:\/\/hidroterm.dmcsrbija.com\/ru\/wp-json\/wp\/v2\/product_cat?post=16876"},{"taxonomy":"product_tag","embeddable":true,"href":"https:\/\/hidroterm.dmcsrbija.com\/ru\/wp-json\/wp\/v2\/product_tag?post=16876"}],"curies":[{"name":"wp","href":"https:\/\/api.w.org\/{rel}","templated":true}]}}