{"id":16870,"date":"2025-07-15T11:02:31","date_gmt":"2025-07-15T09:02:31","guid":{"rendered":"https:\/\/foxit-technology.com\/proizvod\/kamin-na-pelet-mareli-primavera\/"},"modified":"2025-07-17T11:59:43","modified_gmt":"2025-07-17T09:59:43","slug":"kamin-na-pelet-mareli-primavera","status":"publish","type":"product","link":"https:\/\/hidroterm.dmcsrbija.com\/ru\/proizvod\/kamin-na-pelet-mareli-primavera\/","title":{"rendered":"Kamin na pelet Mareli Primavera"},"content":{"rendered":"<p><strong>Kamin na pelet MARELI Primavera&nbsp;<\/strong><\/p>\n<p>&nbsp;<\/p>\n<p>*sa senzorom za automatsku regulaciju protoka vazduha i koli\u010dine peleta<br \/>*sa pumpom i ekspanzionom posudom, sigurnosnim ventilom i odzracnim loncetom unutar kamina<br \/>*sa mehanizmom za automatsko \u010di\u0161\u0107enje re\u0161etke<br \/>*sa mehanizmom za poluautomatsko \u010di\u0161\u0107enje turbulatora &#8211; ru\u010dica<br \/>*sa kerami\u010dkom oplatom<\/p><\/p>","protected":false},"excerpt":{"rendered":"<p>Kamin na pelet MARELI Primavera&nbsp; &nbsp; *sa senzorom za automatsku regulaciju protoka vazduha i koli\u010dine peleta*sa pumpom i ekspanzionom posudom, sigurnosnim ventilom i odzracnim loncetom unutar kamina*sa mehanizmom za automatsko \u010di\u0161\u0107enje re\u0161etke*sa mehanizmom za poluautomatsko \u010di\u0161\u0107enje turbulatora &#8211; ru\u010dica*sa kerami\u010dkom oplatom<\/p>","protected":false},"featured_media":16871,"template":"","meta":[],"product_brand":[4192],"product_cat":[4208,4205],"product_tag":[],"class_list":{"0":"post-16870","1":"product","2":"type-product","3":"status-publish","4":"has-post-thumbnail","6":"product_brand-mareli","7":"product_cat-kotlovi-i-kamini-na-pelet-kotlovi-i-kamini-na-pelet","8":"product_cat-kotlovi-i-kamini-na-pelet","10":"first","11":"instock","12":"purchasable","13":"product-type-simple"},"_links":{"self":[{"href":"https:\/\/hidroterm.dmcsrbija.com\/ru\/wp-json\/wp\/v2\/product\/16870","targetHints":{"allow":["GET"]}}],"collection":[{"href":"https:\/\/hidroterm.dmcsrbija.com\/ru\/wp-json\/wp\/v2\/product"}],"about":[{"href":"https:\/\/hidroterm.dmcsrbija.com\/ru\/wp-json\/wp\/v2\/types\/product"}],"wp:featuredmedia":[{"embeddable":true,"href":"https:\/\/hidroterm.dmcsrbija.com\/ru\/wp-json\/wp\/v2\/media\/16871"}],"wp:attachment":[{"href":"https:\/\/hidroterm.dmcsrbija.com\/ru\/wp-json\/wp\/v2\/media?parent=16870"}],"wp:term":[{"taxonomy":"product_brand","embeddable":true,"href":"https:\/\/hidroterm.dmcsrbija.com\/ru\/wp-json\/wp\/v2\/product_brand?post=16870"},{"taxonomy":"product_cat","embeddable":true,"href":"https:\/\/hidroterm.dmcsrbija.com\/ru\/wp-json\/wp\/v2\/product_cat?post=16870"},{"taxonomy":"product_tag","embeddable":true,"href":"https:\/\/hidroterm.dmcsrbija.com\/ru\/wp-json\/wp\/v2\/product_tag?post=16870"}],"curies":[{"name":"wp","href":"https:\/\/api.w.org\/{rel}","templated":true}]}}